{"id":62,"date":"2024-12-17T05:25:39","date_gmt":"2024-12-17T05:25:39","guid":{"rendered":"https:\/\/wordpress.themeholy.com\/ensaf\/?page_id=62"},"modified":"2025-06-06T12:03:30","modified_gmt":"2025-06-06T09:03:30","slug":"sik-sorulan-sorular","status":"publish","type":"page","link":"https:\/\/iyiolhukuk.com\/en\/sik-sorulan-sorular\/","title":{"rendered":"Frequently Asked Questions"},"content":{"rendered":"<div data-elementor-type=\"wp-page\" data-elementor-id=\"62\" class=\"elementor elementor-62\">\n\t\t\t\t<div class=\"elementor-element elementor-element-b5a2189 e-flex e-con-boxed e-con e-parent\" data-id=\"b5a2189\" data-element_type=\"container\">\n\t\t\t\t\t<div class=\"e-con-inner\">\n\t\t<div class=\"elementor-element elementor-element-8919b99 e-con-full e-flex e-con e-child\" data-id=\"8919b99\" data-element_type=\"container\">\n\t\t\r\n\t\t<div class=\"elementor-element elementor-element-a636f4a elementor-widget elementor-widget-ensafservicelist\" data-id=\"a636f4a\" data-element_type=\"widget\" data-widget_type=\"ensafservicelist.default\">\n\t\t\t\t<div class=\"elementor-widget-container\">\n\t\t\t\t\t<div class=\"widget widget_categories\"><h3 class=\"widget_title\">All Our Services<\/h3><ul><li><a href=\"\/en\/turizm-hukuku\/\">Tourism Law<\/a><span><i class=\"fa-sharp fa-light fa-arrow-right\"><\/i><\/span><\/li><li><a href=\"\/en\/icra-iflas-hukuku\/\">Execution and Bankruptcy Law<\/a><span><i class=\"fa-sharp fa-light fa-arrow-right\"><\/i><\/span><\/li><li><a href=\"\/en\/uluslararasi-hukuk\/\">International law<\/a><span><i class=\"fa-sharp fa-light fa-arrow-right\"><\/i><\/span><\/li><li><a href=\"\/en\/aile-ve-kisiler-hukuku\/\">Family and Personal Law<\/a><span><i class=\"fa-sharp fa-light fa-arrow-right\"><\/i><\/span><\/li><li><a href=\"\/en\/miras-hukuku\/\">Inheritance Law<\/a><span><i class=\"fa-sharp fa-light fa-arrow-right\"><\/i><\/span><\/li><li><a href=\"\/en\/sirketler-ve-ticaret-hukuku\/\">Corporate and Commercial Law<\/a><span><i class=\"fa-sharp fa-light fa-arrow-right\"><\/i><\/span><\/li><li><a href=\"\/en\/fikri-ve-sinai-mulkiyet-hukuku%20\/\">Intellectual and Industrial Property Law<\/a><span><i class=\"fa-sharp fa-light fa-arrow-right\"><\/i><\/span><\/li><li><a href=\"\/en\/yabancilar-hukuku\/\">Foreigners Law<\/a><span><i class=\"fa-sharp fa-light fa-arrow-right\"><\/i><\/span><\/li><li><a href=\"\/en\/ceza-hukuku\/\">Criminal law<\/a><span><i class=\"fa-sharp fa-light fa-arrow-right\"><\/i><\/span><\/li><li><a href=\"\/en\/gayrimenkul-ve-kira-hukuku\/\">Real Estate and Tenancy Law<\/a><span><i class=\"fa-sharp fa-light fa-arrow-right\"><\/i><\/span><\/li><li><a href=\"\/en\/is-ve-sosyal-guvenlik-hukuku%20\/\">Labor and Social Security Law<\/a><span><i class=\"fa-sharp fa-light fa-arrow-right\"><\/i><\/span><\/li><li><a href=\"\/en\/ticari-sozlesmeler-ve-sozlesme-yonetimi\/\">Commercial Contracts and Contract Management<\/a><span><i class=\"fa-sharp fa-light fa-arrow-right\"><\/i><\/span><\/li><li><a href=\"\/en\/sigorta-hukuku\/\">Insurance Law<\/a><span><i class=\"fa-sharp fa-light fa-arrow-right\"><\/i><\/span><\/li><\/ul><\/div>\t\t\t\t<\/div>\n\t\t\t\t<\/div>\n\t\t\t\t<div class=\"elementor-element elementor-element-daafc99 elementor-widget elementor-widget-ensafcontactinfo\" data-id=\"daafc99\" data-element_type=\"widget\" data-widget_type=\"ensafcontactinfo.default\">\n\t\t\t\t<div class=\"elementor-widget-container\">\n\t\t\t\t\t<div class=\"widget widget_call\"><div class=\"widget-call\"><p class=\"box_text\">You can contact us for your legal support requests.<\/p><div class=\"widget_call\"><div class=\"info-box\"><div class=\"info-box_icon\"><i class=\"fas fa-phone\"><\/i><\/div><div><span class=\"info-box_subtitle\">Telephone<\/span><p class=\"info-box_text\"><a href=\"tel:05465871333\" class=\"info-box_link\">05465871333<\/a><\/p><\/div><\/div><div class=\"info-box\"><div class=\"info-box_icon\"><i class=\"fas fa-envelope\"><\/i><\/div><div><span class=\"info-box_subtitle\">Email<\/span><p class=\"info-box_text\"><a href=\"mailto:ummusen@iyiolhukuk.com\" class=\"info-box_link\">ummusen@iyiolhukuk.com<\/a><\/p><\/div><\/div><div class=\"info-box\"><div class=\"info-box_icon\"><i class=\"fa-solid fa-location-dot\"><\/i><\/div><div><span class=\"info-box_subtitle\">Office Address<\/span><p class=\"info-box_text\">Mimar Sinan Neighborhood Kale Apartment 6044. Street No:1 B Manavgat \/ Antalya<\/p><\/div><\/div><\/div><\/div><\/div>\t\t\t\t<\/div>\n\t\t\t\t<\/div>\n\t\t\t\t<\/div>\n\t\t<div class=\"elementor-element elementor-element-024d527 e-con-full e-flex e-con e-child\" data-id=\"024d527\" data-element_type=\"container\">\n\t\t\t\t<div class=\"elementor-element elementor-element-62961bb elementor-widget elementor-widget-ensafsectiontitle\" data-id=\"62961bb\" data-element_type=\"widget\" data-widget_type=\"ensafsectiontitle.default\">\n\t\t\t\t<div class=\"elementor-widget-container\">\n\t\t\t\t\t\t\t<div class=\"title-area text-left\">\r\n\t\t\t<span class=\"sub-title\">\u0130yiol Hukuk<\/span><h2 class=\"sec-title\">Frequently Asked Questions<\/h2>\t\t<\/div>\r\n\r\n\t\t\t\t\t<\/div>\n\t\t\t\t<\/div>\n\t\t\t\t<div class=\"elementor-element elementor-element-266ce0b elementor-widget elementor-widget-ensaffaq\" data-id=\"266ce0b\" data-element_type=\"widget\" data-widget_type=\"ensaffaq.default\">\n\t\t\t\t<div class=\"elementor-widget-container\">\n\t\t\t\t\t<div class=\"accordion\" id=\"faqAccordion2\"><div class=\"accordion-card active\"><div class=\"accordion-header\" id=\"collapse-item-69e38286aba15\"><button class=\"accordion-button\" type=\"button\" data-bs-toggle=\"collapse\" data-bs-target=\"#collapse-69e38286aba15\" aria-expanded=\"true\" aria-controls=\"collapse-69e38286aba15\">1. Is it mandatory to work with a lawyer?<\/button><\/div><div id=\"collapse-69e38286aba15\" class=\"accordion-collapse collapse show\" aria-labelledby=\"collapse-item-69e38286aba15\" data-bs-parent=\"#faqAccordion2\"><div class=\"accordion-body\"><div class=\"faq-text\"><p>No, in some cases, representation by a lawyer is not mandatory. However, it is recommended that you seek professional support from a lawyer to avoid the complexity of legal processes and loss of rights.<\/p><\/div><\/div><\/div><\/div><div class=\"accordion-card\"><div class=\"accordion-header\" id=\"collapse-item-69e38286aba6d\"><button class=\"accordion-button collapsed\" type=\"button\" data-bs-toggle=\"collapse\" data-bs-target=\"#collapse-69e38286aba6d\" aria-expanded=\"false\" aria-controls=\"collapse-69e38286aba6d\">2. How long does a divorce case take?<\/button><\/div><div id=\"collapse-69e38286aba6d\" class=\"accordion-collapse collapse\" aria-labelledby=\"collapse-item-69e38286aba6d\" data-bs-parent=\"#faqAccordion2\"><div class=\"accordion-body\"><div class=\"faq-text\"><p>The duration of divorce cases varies depending on whether the case is consensual or contested. In consensual divorces, the process is usually concluded within a few weeks, while in contested cases, this period can take months or even years.<\/p><\/div><\/div><\/div><\/div><div class=\"accordion-card\"><div class=\"accordion-header\" id=\"collapse-item-69e38286abaa1\"><button class=\"accordion-button collapsed\" type=\"button\" data-bs-toggle=\"collapse\" data-bs-target=\"#collapse-69e38286abaa1\" aria-expanded=\"false\" aria-controls=\"collapse-69e38286abaa1\">3. How is inheritance shared?<\/button><\/div><div id=\"collapse-69e38286abaa1\" class=\"accordion-collapse collapse\" aria-labelledby=\"collapse-item-69e38286abaa1\" data-bs-parent=\"#faqAccordion2\"><div class=\"accordion-body\"><div class=\"faq-text\"><p>The division of the inheritance can be done by agreement between the heirs or by a court decision. In case of disagreement between the heirs, the official division of the inheritance is ensured by applying to the court.<\/p><\/div><\/div><\/div><\/div><div class=\"accordion-card\"><div class=\"accordion-header\" id=\"collapse-item-69e38286abacd\"><button class=\"accordion-button collapsed\" type=\"button\" data-bs-toggle=\"collapse\" data-bs-target=\"#collapse-69e38286abacd\" aria-expanded=\"false\" aria-controls=\"collapse-69e38286abacd\">4. I was unfairly dismissed from my job, what should I do?<\/button><\/div><div id=\"collapse-69e38286abacd\" class=\"accordion-collapse collapse\" aria-labelledby=\"collapse-item-69e38286abacd\" data-bs-parent=\"#faqAccordion2\"><div class=\"accordion-body\"><div class=\"faq-text\"><p>In case of unfair termination, you can apply to the labor court and file a reinstatement lawsuit or request compensation. It is important to consult a lawyer to avoid losing your rights.<\/p><\/div><\/div><\/div><\/div><div class=\"accordion-card\"><div class=\"accordion-header\" id=\"collapse-item-69e38286abaf7\"><button class=\"accordion-button collapsed\" type=\"button\" data-bs-toggle=\"collapse\" data-bs-target=\"#collapse-69e38286abaf7\" aria-expanded=\"false\" aria-controls=\"collapse-69e38286abaf7\">5. Is it necessary to hire a lawyer in a criminal case?<\/button><\/div><div id=\"collapse-69e38286abaf7\" class=\"accordion-collapse collapse\" aria-labelledby=\"collapse-item-69e38286abaf7\" data-bs-parent=\"#faqAccordion2\"><div class=\"accordion-body\"><div class=\"faq-text\"><p>In some cases, it is mandatory to have a lawyer in criminal cases. Especially in serious criminal courts, if the defendant does not have a lawyer, a lawyer is appointed by the court.<\/p><\/div><\/div><\/div><\/div><div class=\"accordion-card\"><div class=\"accordion-header\" id=\"collapse-item-69e38286abb20\"><button class=\"accordion-button collapsed\" type=\"button\" data-bs-toggle=\"collapse\" data-bs-target=\"#collapse-69e38286abb20\" aria-expanded=\"false\" aria-controls=\"collapse-69e38286abb20\">6. How are attorney fees determined?<\/button><\/div><div id=\"collapse-69e38286abb20\" class=\"accordion-collapse collapse\" aria-labelledby=\"collapse-item-69e38286abb20\" data-bs-parent=\"#faqAccordion2\"><div class=\"accordion-body\"><div class=\"faq-text\"><p>Attorney fees may vary according to the minimum fee tariff determined by the Union of Turkish Bar Associations and the nature and duration of the case. You can get detailed information about fees by contacting your attorney.<\/p><\/div><\/div><\/div><\/div><\/div>\t\t\t\t<\/div>\n\t\t\t\t<\/div>\n\t\t\t\t<\/div>\n\t\t\t\t\t<\/div>\n\t\t\t\t<\/div>\n\t\t\t\t<\/div>","protected":false},"excerpt":{"rendered":"<p>T\u00fcm Hizmetlerimiz Turizm Hukuku \u0130cra ve \u0130flas Hukuku Uluslararas\u0131 Hukuk Aile ve Ki\u015filer Hukuku Miras Hukuku \u015eirketler ve Ticaret Hukuku Fikri ve S\u0131nai M\u00fclkiyet Hukuku Yabanc\u0131lar Hukuku Ceza Hukuku Gayrimenkul ve Kira Hukuku \u0130\u015f ve Sosyal G\u00fcvenlik Hukuku Ticari S\u00f6zle\u015fmeler ve S\u00f6zle\u015fme Y\u00f6netimi Sigorta Hukuku Hukuki destek talepleriniz i\u00e7in bizimle ileti\u015fime ge\u00e7ebilirsiniz Telefon 05465871333 Mail&#8230;<\/p>","protected":false},"author":1,"featured_media":0,"parent":0,"menu_order":0,"comment_status":"closed","ping_status":"closed","template":"template-builder.php","meta":{"footnotes":""},"class_list":["post-62","page","type-page","status-publish","hentry"],"yoast_head":"<!-- This site is optimized with the Yoast SEO plugin v27.4 - https:\/\/yoast.com\/product\/yoast-seo-wordpress\/ -->\n<title>S\u0131k Sorulan Sorular - \u0130yiol Hukuk | Avukat \u00dcmm\u00fc\u015fen \u0130yiol<\/title>\n<meta name=\"robots\" content=\"index, follow, max-snippet:-1, max-image-preview:large, max-video-preview:-1\" \/>\n<link rel=\"canonical\" href=\"https:\/\/iyiolhukuk.com\/en\/sik-sorulan-sorular\/\" \/>\n<meta property=\"og:locale\" content=\"en_GB\" \/>\n<meta property=\"og:type\" content=\"article\" \/>\n<meta property=\"og:title\" content=\"S\u0131k Sorulan Sorular - \u0130yiol Hukuk | Avukat \u00dcmm\u00fc\u015fen \u0130yiol\" \/>\n<meta property=\"og:description\" content=\"T\u00fcm Hizmetlerimiz Turizm Hukuku \u0130cra ve \u0130flas Hukuku Uluslararas\u0131 Hukuk Aile ve Ki\u015filer Hukuku Miras Hukuku \u015eirketler ve Ticaret Hukuku Fikri ve S\u0131nai M\u00fclkiyet Hukuku Yabanc\u0131lar Hukuku Ceza Hukuku Gayrimenkul ve Kira Hukuku \u0130\u015f ve Sosyal G\u00fcvenlik Hukuku Ticari S\u00f6zle\u015fmeler ve S\u00f6zle\u015fme Y\u00f6netimi Sigorta Hukuku Hukuki destek talepleriniz i\u00e7in bizimle ileti\u015fime ge\u00e7ebilirsiniz Telefon 05465871333 Mail...\" \/>\n<meta property=\"og:url\" content=\"https:\/\/iyiolhukuk.com\/en\/sik-sorulan-sorular\/\" \/>\n<meta property=\"og:site_name\" content=\"\u0130yiol Hukuk | Avukat \u00dcmm\u00fc\u015fen \u0130yiol\" \/>\n<meta property=\"article:modified_time\" content=\"2025-06-06T09:03:30+00:00\" \/>\n<meta name=\"twitter:card\" content=\"summary_large_image\" \/>\n<script type=\"application\/ld+json\" class=\"yoast-schema-graph\">{\"@context\":\"https:\\\/\\\/schema.org\",\"@graph\":[{\"@type\":\"WebPage\",\"@id\":\"https:\\\/\\\/iyiolhukuk.com\\\/sik-sorulan-sorular\\\/\",\"url\":\"https:\\\/\\\/iyiolhukuk.com\\\/sik-sorulan-sorular\\\/\",\"name\":\"S\u0131k Sorulan Sorular - \u0130yiol Hukuk | Avukat \u00dcmm\u00fc\u015fen \u0130yiol\",\"isPartOf\":{\"@id\":\"https:\\\/\\\/iyiolhukuk.com\\\/#website\"},\"datePublished\":\"2024-12-17T05:25:39+00:00\",\"dateModified\":\"2025-06-06T09:03:30+00:00\",\"breadcrumb\":{\"@id\":\"https:\\\/\\\/iyiolhukuk.com\\\/sik-sorulan-sorular\\\/#breadcrumb\"},\"inLanguage\":\"en-GB\",\"potentialAction\":[{\"@type\":\"ReadAction\",\"target\":[\"https:\\\/\\\/iyiolhukuk.com\\\/sik-sorulan-sorular\\\/\"]}]},{\"@type\":\"BreadcrumbList\",\"@id\":\"https:\\\/\\\/iyiolhukuk.com\\\/sik-sorulan-sorular\\\/#breadcrumb\",\"itemListElement\":[{\"@type\":\"ListItem\",\"position\":1,\"name\":\"Anasayfa\",\"item\":\"https:\\\/\\\/iyiolhukuk.com\\\/\"},{\"@type\":\"ListItem\",\"position\":2,\"name\":\"S\u0131k Sorulan Sorular\"}]},{\"@type\":\"WebSite\",\"@id\":\"https:\\\/\\\/iyiolhukuk.com\\\/#website\",\"url\":\"https:\\\/\\\/iyiolhukuk.com\\\/\",\"name\":\"\u0130yi Ol Hukuk | \u00dcmm\u00fc\u015fen \u0130yiol\",\"description\":\"Hukuki haklar\u0131n\u0131z\u0131 korumak i\u00e7in yan\u0131n\u0131zday\u0131z\",\"publisher\":{\"@id\":\"https:\\\/\\\/iyiolhukuk.com\\\/#organization\"},\"potentialAction\":[{\"@type\":\"SearchAction\",\"target\":{\"@type\":\"EntryPoint\",\"urlTemplate\":\"https:\\\/\\\/iyiolhukuk.com\\\/?s={search_term_string}\"},\"query-input\":{\"@type\":\"PropertyValueSpecification\",\"valueRequired\":true,\"valueName\":\"search_term_string\"}}],\"inLanguage\":\"en-GB\"},{\"@type\":\"Organization\",\"@id\":\"https:\\\/\\\/iyiolhukuk.com\\\/#organization\",\"name\":\"\u0130yi Ol Hukuk | \u00dcmm\u00fc\u015fen \u0130yiol\",\"url\":\"https:\\\/\\\/iyiolhukuk.com\\\/\",\"logo\":{\"@type\":\"ImageObject\",\"inLanguage\":\"en-GB\",\"@id\":\"https:\\\/\\\/iyiolhukuk.com\\\/#\\\/schema\\\/logo\\\/image\\\/\",\"url\":\"https:\\\/\\\/iyiolhukuk.com\\\/wp-content\\\/uploads\\\/2024\\\/12\\\/Iyiol-Hukuk-Logo.webp\",\"contentUrl\":\"https:\\\/\\\/iyiolhukuk.com\\\/wp-content\\\/uploads\\\/2024\\\/12\\\/Iyiol-Hukuk-Logo.webp\",\"width\":500,\"height\":251,\"caption\":\"\u0130yi Ol Hukuk | \u00dcmm\u00fc\u015fen \u0130yiol\"},\"image\":{\"@id\":\"https:\\\/\\\/iyiolhukuk.com\\\/#\\\/schema\\\/logo\\\/image\\\/\"}}]}<\/script>\n<!-- \/ Yoast SEO plugin. -->","yoast_head_json":{"title":"S\u0131k Sorulan Sorular - \u0130yiol Hukuk | Avukat \u00dcmm\u00fc\u015fen \u0130yiol","robots":{"index":"index","follow":"follow","max-snippet":"max-snippet:-1","max-image-preview":"max-image-preview:large","max-video-preview":"max-video-preview:-1"},"canonical":"https:\/\/iyiolhukuk.com\/en\/sik-sorulan-sorular\/","og_locale":"en_GB","og_type":"article","og_title":"S\u0131k Sorulan Sorular - \u0130yiol Hukuk | Avukat \u00dcmm\u00fc\u015fen \u0130yiol","og_description":"T\u00fcm Hizmetlerimiz Turizm Hukuku \u0130cra ve \u0130flas Hukuku Uluslararas\u0131 Hukuk Aile ve Ki\u015filer Hukuku Miras Hukuku \u015eirketler ve Ticaret Hukuku Fikri ve S\u0131nai M\u00fclkiyet Hukuku Yabanc\u0131lar Hukuku Ceza Hukuku Gayrimenkul ve Kira Hukuku \u0130\u015f ve Sosyal G\u00fcvenlik Hukuku Ticari S\u00f6zle\u015fmeler ve S\u00f6zle\u015fme Y\u00f6netimi Sigorta Hukuku Hukuki destek talepleriniz i\u00e7in bizimle ileti\u015fime ge\u00e7ebilirsiniz Telefon 05465871333 Mail...","og_url":"https:\/\/iyiolhukuk.com\/en\/sik-sorulan-sorular\/","og_site_name":"\u0130yiol Hukuk | Avukat \u00dcmm\u00fc\u015fen \u0130yiol","article_modified_time":"2025-06-06T09:03:30+00:00","twitter_card":"summary_large_image","schema":{"@context":"https:\/\/schema.org","@graph":[{"@type":"WebPage","@id":"https:\/\/iyiolhukuk.com\/sik-sorulan-sorular\/","url":"https:\/\/iyiolhukuk.com\/sik-sorulan-sorular\/","name":"S\u0131k Sorulan Sorular - \u0130yiol Hukuk | Avukat \u00dcmm\u00fc\u015fen \u0130yiol","isPartOf":{"@id":"https:\/\/iyiolhukuk.com\/#website"},"datePublished":"2024-12-17T05:25:39+00:00","dateModified":"2025-06-06T09:03:30+00:00","breadcrumb":{"@id":"https:\/\/iyiolhukuk.com\/sik-sorulan-sorular\/#breadcrumb"},"inLanguage":"en-GB","potentialAction":[{"@type":"ReadAction","target":["https:\/\/iyiolhukuk.com\/sik-sorulan-sorular\/"]}]},{"@type":"BreadcrumbList","@id":"https:\/\/iyiolhukuk.com\/sik-sorulan-sorular\/#breadcrumb","itemListElement":[{"@type":"ListItem","position":1,"name":"Anasayfa","item":"https:\/\/iyiolhukuk.com\/"},{"@type":"ListItem","position":2,"name":"S\u0131k Sorulan Sorular"}]},{"@type":"WebSite","@id":"https:\/\/iyiolhukuk.com\/#website","url":"https:\/\/iyiolhukuk.com\/","name":"\u0130yi Ol Hukuk | \u00dcmm\u00fc\u015fen \u0130yiol","description":"Hukuki haklar\u0131n\u0131z\u0131 korumak i\u00e7in yan\u0131n\u0131zday\u0131z","publisher":{"@id":"https:\/\/iyiolhukuk.com\/#organization"},"potentialAction":[{"@type":"SearchAction","target":{"@type":"EntryPoint","urlTemplate":"https:\/\/iyiolhukuk.com\/?s={search_term_string}"},"query-input":{"@type":"PropertyValueSpecification","valueRequired":true,"valueName":"search_term_string"}}],"inLanguage":"en-GB"},{"@type":"Organization","@id":"https:\/\/iyiolhukuk.com\/#organization","name":"\u0130yi Ol Hukuk | \u00dcmm\u00fc\u015fen \u0130yiol","url":"https:\/\/iyiolhukuk.com\/","logo":{"@type":"ImageObject","inLanguage":"en-GB","@id":"https:\/\/iyiolhukuk.com\/#\/schema\/logo\/image\/","url":"https:\/\/iyiolhukuk.com\/wp-content\/uploads\/2024\/12\/Iyiol-Hukuk-Logo.webp","contentUrl":"https:\/\/iyiolhukuk.com\/wp-content\/uploads\/2024\/12\/Iyiol-Hukuk-Logo.webp","width":500,"height":251,"caption":"\u0130yi Ol Hukuk | \u00dcmm\u00fc\u015fen \u0130yiol"},"image":{"@id":"https:\/\/iyiolhukuk.com\/#\/schema\/logo\/image\/"}}]}},"_links":{"self":[{"href":"https:\/\/iyiolhukuk.com\/en\/wp-json\/wp\/v2\/pages\/62","targetHints":{"allow":["GET"]}}],"collection":[{"href":"https:\/\/iyiolhukuk.com\/en\/wp-json\/wp\/v2\/pages"}],"about":[{"href":"https:\/\/iyiolhukuk.com\/en\/wp-json\/wp\/v2\/types\/page"}],"author":[{"embeddable":true,"href":"https:\/\/iyiolhukuk.com\/en\/wp-json\/wp\/v2\/users\/1"}],"replies":[{"embeddable":true,"href":"https:\/\/iyiolhukuk.com\/en\/wp-json\/wp\/v2\/comments?post=62"}],"version-history":[{"count":14,"href":"https:\/\/iyiolhukuk.com\/en\/wp-json\/wp\/v2\/pages\/62\/revisions"}],"predecessor-version":[{"id":4764,"href":"https:\/\/iyiolhukuk.com\/en\/wp-json\/wp\/v2\/pages\/62\/revisions\/4764"}],"wp:attachment":[{"href":"https:\/\/iyiolhukuk.com\/en\/wp-json\/wp\/v2\/media?parent=62"}],"curies":[{"name":"wp","href":"https:\/\/api.w.org\/{rel}","templated":true}]}}