{"id":57,"date":"2024-12-17T05:24:30","date_gmt":"2024-12-17T05:24:30","guid":{"rendered":"https:\/\/wordpress.themeholy.com\/ensaf\/?page_id=57"},"modified":"2025-08-12T15:20:30","modified_gmt":"2025-08-12T12:20:30","slug":"turizm-hukuku","status":"publish","type":"page","link":"https:\/\/iyiolhukuk.com\/en\/turizm-hukuku\/","title":{"rendered":"Tourism Law"},"content":{"rendered":"<div data-elementor-type=\"wp-page\" data-elementor-id=\"57\" class=\"elementor elementor-57\">\n\t\t\t\t<div class=\"elementor-element elementor-element-2e426df e-flex e-con-boxed e-con e-parent\" data-id=\"2e426df\" data-element_type=\"container\">\n\t\t\t\t\t<div class=\"e-con-inner\">\n\t\t<div class=\"elementor-element elementor-element-c847a3a e-con-full e-flex e-con e-child\" data-id=\"c847a3a\" data-element_type=\"container\">\n\t\t\t\t<div class=\"elementor-element elementor-element-5babf74 elementor-widget elementor-widget-heading\" data-id=\"5babf74\" data-element_type=\"widget\" data-widget_type=\"heading.default\">\n\t\t\t\t<div class=\"elementor-widget-container\">\n\t\t\t\t\t<h2 class=\"elementor-heading-title elementor-size-default\">\u0130yiol Law and Tourism Law<\/h2>\t\t\t\t<\/div>\n\t\t\t\t<\/div>\n\t\t\t\t<div class=\"elementor-element elementor-element-4edacb9 elementor-widget elementor-widget-image\" data-id=\"4edacb9\" data-element_type=\"widget\" data-widget_type=\"image.default\">\n\t\t\t\t<div class=\"elementor-widget-container\">\n\t\t\t\t\t\t\t\t\t\t\t\t\t\t\t<img fetchpriority=\"high\" decoding=\"async\" width=\"1486\" height=\"991\" src=\"https:\/\/iyiolhukuk.com\/wp-content\/uploads\/2025\/05\/turizm-hukuku-hizmet.webp\" class=\"attachment-full size-full wp-image-4326\" alt=\"\" srcset=\"https:\/\/iyiolhukuk.com\/wp-content\/uploads\/2025\/05\/turizm-hukuku-hizmet.webp 1486w, https:\/\/iyiolhukuk.com\/wp-content\/uploads\/2025\/05\/turizm-hukuku-hizmet-300x200.webp 300w, https:\/\/iyiolhukuk.com\/wp-content\/uploads\/2025\/05\/turizm-hukuku-hizmet-1024x683.webp 1024w, https:\/\/iyiolhukuk.com\/wp-content\/uploads\/2025\/05\/turizm-hukuku-hizmet-768x512.webp 768w, https:\/\/iyiolhukuk.com\/wp-content\/uploads\/2025\/05\/turizm-hukuku-hizmet-600x400.webp 600w\" sizes=\"(max-width: 1486px) 100vw, 1486px\" \/>\t\t\t\t\t\t\t\t\t\t\t\t\t\t\t<\/div>\n\t\t\t\t<\/div>\n\t\t\r\n\t\t<div class=\"elementor-element elementor-element-5db7b3d elementor-widget elementor-widget-text-editor\" data-id=\"5db7b3d\" data-element_type=\"widget\" data-widget_type=\"text-editor.default\">\n\t\t\t\t<div class=\"elementor-widget-container\">\n\t\t\t\t\t\t\t\t\t<div><p>\u0130yiol Law Firm offers solutions to all legal needs of local and foreign clients in the tourism sector with experience and expertise in Antalya, which is considered the capital of tourism.<br \/>The tourism sector includes many sub-headings, from hotels to travel agencies, from tour operators to guidance services, from transportation to entertainment and health tourism. This complex structure requires a multi-dimensional tourism law expertise that cuts across both private and public law.<\/p><hr \/><h3>Scope of Tourism Law and Our Services<\/h3><p><strong>The main service areas offered by \u0130yiol Law are as follows:<\/strong><\/p><h4>Preparation and Supervision of Contracts<\/h4><ul><li>Hotel-agency contracts<\/li><li>Holiday village, guesthouse and tourism facility lease\/transfer agreements<\/li><li>Transfer, flight and reservation agreements<\/li><li>Service agreements between hotel and customer<\/li><li>Package tour and travel contracts<\/li><li>Contracts for guiding services and group tour organizations<\/li><\/ul><h4>Tourism Companies and Agency Consultancy<\/h4><ul><li>Travel agency establishment procedures<\/li><li>Audit of compliance with TURSAB legislation<\/li><li>Determining the legal obligations of tour operators<\/li><li>Consultancy on electronic tourism platforms (online agencies etc.)<\/li><li>Establishment and monitoring of foreign capital tourism investments<\/li><\/ul><h4>Tourism Disputes and Litigation<\/h4><ul><li>Tourist complaints and lawsuits regarding service violations<\/li><li>Disputes between hotel and agency regarding commission, reservation and reservation cancellation<\/li><li>Compensation lawsuits regarding services not promised in package tours<\/li><li>Liability cases such as injuries to hotel guests or loss of belongings<\/li><li>Insurance and withdrawal right disputes arising from tourism activities<\/li><\/ul><h4>Public Law and Administrative Process Monitoring<\/h4><ul><li>Monitoring of permit, license and incentive processes before the Ministry of Culture and Tourism<\/li><li>Obtaining tourism incentive certificates, investment incentive certificates and other permits<\/li><li>Zoning, usage and license relations with municipalities, governorships and other local authorities<\/li><\/ul><h4>International Dimension &amp; Foreign Client Representation<\/h4><ul><li>Monitoring consumer rights and damage claims for foreign tourists<\/li><li>Full legal support for foreign investors&#039; tourism ventures in T\u00fcrkiye<\/li><li>Consultancy in the preparation and implementation of international agreements<\/li><li>Drafting contracts and legal documents in foreign languages (especially English)<\/li><\/ul><h4>Special Areas and Current Adaptation Processes<\/h4><ul><li>Consultancy for tourism facilities within the scope of personal data protection (KVKK)<\/li><li>Legal infrastructure and user agreements of electronic commerce (e-tourism) platforms<\/li><li>Compliance of facilities with national and international legislation within the scope of health tourism<\/li><li>Labor law support and training contracts for personnel working in the tourism sector<\/li><\/ul><hr \/><h3>Why \u0130yiol Hukuk in Tourism Law?<\/h3><p>The tourism sector is a high-cost, rapidly changing and international service area. Therefore, the disputes experienced by both traveling tourists and businesses operating in this sector should be addressed not only within the scope of the Code of Obligations but also within the scope of the Travel Agencies Law No. 1618, the Tourism Encouragement Law No. 2634, relevant regulations and international regulations.<\/p><p>In this complex system that includes both local and foreign parties, \u0130yiol Law Firm provides preventive consultancy, contract security and litigation process management by mastering all areas of law.<\/p><p>If you have been victimized as a tourist who is establishing a company operating in the tourism sector, making an investment or receiving services; getting professional support from \u0130yiol Law before you lose your rights will protect you from legal and financial risks in the long run.<\/p><p>We are at your side with our expertise in tourism law, our sectoral experience and our multilingual service infrastructure.<\/p><\/div>\t\t\t\t\t\t\t\t<\/div>\n\t\t\t\t<\/div>\n\t\t\t\t<\/div>\n\t\t<div class=\"elementor-element elementor-element-932d58e e-con-full e-flex e-con e-child\" data-id=\"932d58e\" data-element_type=\"container\">\n\t\t\t\t<div class=\"elementor-element elementor-element-80913b6 elementor-widget elementor-widget-ensafservicelist\" data-id=\"80913b6\" data-element_type=\"widget\" data-widget_type=\"ensafservicelist.default\">\n\t\t\t\t<div class=\"elementor-widget-container\">\n\t\t\t\t\t<div class=\"widget widget_categories\"><h3 class=\"widget_title\">All Our Services<\/h3><ul><li><a href=\"\/en\/turizm-hukuku\/\">Tourism Law<\/a><span><i class=\"fa-sharp fa-light fa-arrow-right\"><\/i><\/span><\/li><li><a href=\"\/en\/icra-iflas-hukuku\/\">Execution and Bankruptcy Law<\/a><span><i class=\"fa-sharp fa-light fa-arrow-right\"><\/i><\/span><\/li><li><a href=\"\/en\/uluslararasi-hukuk\/\">International law<\/a><span><i class=\"fa-sharp fa-light fa-arrow-right\"><\/i><\/span><\/li><li><a href=\"\/en\/aile-ve-kisiler-hukuku\/\">Family and Personal Law<\/a><span><i class=\"fa-sharp fa-light fa-arrow-right\"><\/i><\/span><\/li><li><a href=\"\/en\/miras-hukuku\/\">Inheritance Law<\/a><span><i class=\"fa-sharp fa-light fa-arrow-right\"><\/i><\/span><\/li><li><a href=\"\/en\/sirketler-ve-ticaret-hukuku\/\">Corporate and Commercial Law<\/a><span><i class=\"fa-sharp fa-light fa-arrow-right\"><\/i><\/span><\/li><li><a href=\"\/en\/fikri-ve-sinai-mulkiyet-hukuku%20\/\">Intellectual and Industrial Property Law<\/a><span><i class=\"fa-sharp fa-light fa-arrow-right\"><\/i><\/span><\/li><li><a href=\"\/en\/yabancilar-hukuku\/\">Foreigners Law<\/a><span><i class=\"fa-sharp fa-light fa-arrow-right\"><\/i><\/span><\/li><li><a href=\"\/en\/ceza-hukuku\/\">Criminal law<\/a><span><i class=\"fa-sharp fa-light fa-arrow-right\"><\/i><\/span><\/li><li><a href=\"\/en\/gayrimenkul-ve-kira-hukuku\/\">Real Estate and Tenancy Law<\/a><span><i class=\"fa-sharp fa-light fa-arrow-right\"><\/i><\/span><\/li><li><a href=\"\/en\/is-ve-sosyal-guvenlik-hukuku%20\/\">Labor and Social Security Law<\/a><span><i class=\"fa-sharp fa-light fa-arrow-right\"><\/i><\/span><\/li><li><a href=\"\/en\/ticari-sozlesmeler-ve-sozlesme-yonetimi\/\">Commercial Contracts and Contract Management<\/a><span><i class=\"fa-sharp fa-light fa-arrow-right\"><\/i><\/span><\/li><li><a href=\"\/en\/sigorta-hukuku\/\">Insurance Law<\/a><span><i class=\"fa-sharp fa-light fa-arrow-right\"><\/i><\/span><\/li><\/ul><\/div>\t\t\t\t<\/div>\n\t\t\t\t<\/div>\n\t\t\t\t<div class=\"elementor-element elementor-element-43ce01b elementor-widget elementor-widget-ensafcontactinfo\" data-id=\"43ce01b\" data-element_type=\"widget\" data-widget_type=\"ensafcontactinfo.default\">\n\t\t\t\t<div class=\"elementor-widget-container\">\n\t\t\t\t\t<div class=\"widget widget_call\"><div class=\"widget-call\"><p class=\"box_text\">You can contact us for your legal support requests.<\/p><div class=\"widget_call\"><div class=\"info-box\"><div class=\"info-box_icon\"><i class=\"fas fa-phone\"><\/i><\/div><div><span class=\"info-box_subtitle\">Telephone<\/span><p class=\"info-box_text\"><a href=\"tel:05465871333\" class=\"info-box_link\">0546 587 13 33<\/a><\/p><\/div><\/div><div class=\"info-box\"><div class=\"info-box_icon\"><i class=\"fas fa-envelope\"><\/i><\/div><div><span class=\"info-box_subtitle\">Email<\/span><p class=\"info-box_text\"><a href=\"mailto:ummusen@iyiolhukuk.com\" class=\"info-box_link\">ummusen@iyiolhukuk.com<\/a><\/p><\/div><\/div><div class=\"info-box\"><div class=\"info-box_icon\"><i class=\"fa-solid fa-location-dot\"><\/i><\/div><div><span class=\"info-box_subtitle\">Office Address<\/span><p class=\"info-box_text\">Mimar Sinan Neighborhood Kale Apartment 6044. Street No:1 B Manavgat \/ Antalya<br><br><\/p><\/div><\/div><\/div><\/div><\/div>\t\t\t\t<\/div>\n\t\t\t\t<\/div>\n\t\t\t\t<\/div>\n\t\t\t\t\t<\/div>\n\t\t\t\t<\/div>\n\t\t\t\t<\/div>","protected":false},"excerpt":{"rendered":"<p>\u0130yiol Hukuk ve Turizm Hukuku \u0130yiol Hukuk, turizmin ba\u015fkenti say\u0131lan Antalya\u2019da, yerli ve yabanc\u0131 m\u00fcvekkillerin turizm sekt\u00f6r\u00fcne dair t\u00fcm hukuki ihtiya\u00e7lar\u0131na, deneyim ve uzmanl\u0131kla \u00e7\u00f6z\u00fcmler sunar.Turizm sekt\u00f6r\u00fc; otellerden seyahat acentalar\u0131na, tur operat\u00f6rlerinden rehberlik hizmetlerine, ula\u015f\u0131mdan e\u011flence ve sa\u011fl\u0131k turizmine kadar \u00e7ok say\u0131da alt ba\u015fl\u0131k bar\u0131nd\u0131r\u0131r. Bu karma\u015f\u0131k yap\u0131, hem \u00f6zel hukuk hem de kamu hukukunu&#8230;<\/p>","protected":false},"author":1,"featured_media":0,"parent":0,"menu_order":0,"comment_status":"closed","ping_status":"closed","template":"template-builder.php","meta":{"footnotes":""},"class_list":["post-57","page","type-page","status-publish","hentry"],"yoast_head":"<!-- This site is optimized with the Yoast SEO plugin v27.4 - https:\/\/yoast.com\/product\/yoast-seo-wordpress\/ -->\n<title>Turizm Hukuku - \u0130yiol Hukuk | Avukat \u00dcmm\u00fc\u015fen \u0130yiol<\/title>\n<meta name=\"robots\" content=\"index, follow, max-snippet:-1, max-image-preview:large, max-video-preview:-1\" \/>\n<link rel=\"canonical\" href=\"https:\/\/iyiolhukuk.com\/en\/turizm-hukuku\/\" \/>\n<meta property=\"og:locale\" content=\"en_GB\" \/>\n<meta property=\"og:type\" content=\"article\" \/>\n<meta property=\"og:title\" content=\"Turizm Hukuku - \u0130yiol Hukuk | Avukat \u00dcmm\u00fc\u015fen \u0130yiol\" \/>\n<meta property=\"og:description\" content=\"\u0130yiol Hukuk ve Turizm Hukuku \u0130yiol Hukuk, turizmin ba\u015fkenti say\u0131lan Antalya\u2019da, yerli ve yabanc\u0131 m\u00fcvekkillerin turizm sekt\u00f6r\u00fcne dair t\u00fcm hukuki ihtiya\u00e7lar\u0131na, deneyim ve uzmanl\u0131kla \u00e7\u00f6z\u00fcmler sunar.Turizm sekt\u00f6r\u00fc; otellerden seyahat acentalar\u0131na, tur operat\u00f6rlerinden rehberlik hizmetlerine, ula\u015f\u0131mdan e\u011flence ve sa\u011fl\u0131k turizmine kadar \u00e7ok say\u0131da alt ba\u015fl\u0131k bar\u0131nd\u0131r\u0131r. Bu karma\u015f\u0131k yap\u0131, hem \u00f6zel hukuk hem de kamu hukukunu...\" \/>\n<meta property=\"og:url\" content=\"https:\/\/iyiolhukuk.com\/en\/turizm-hukuku\/\" \/>\n<meta property=\"og:site_name\" content=\"\u0130yiol Hukuk | Avukat \u00dcmm\u00fc\u015fen \u0130yiol\" \/>\n<meta property=\"article:modified_time\" content=\"2025-08-12T12:20:30+00:00\" \/>\n<meta property=\"og:image\" content=\"https:\/\/iyiolhukuk.com\/wp-content\/uploads\/2025\/05\/turizm-hukuku-hizmet.webp\" \/>\n\t<meta property=\"og:image:width\" content=\"1486\" \/>\n\t<meta property=\"og:image:height\" content=\"991\" \/>\n\t<meta property=\"og:image:type\" content=\"image\/webp\" \/>\n<meta name=\"twitter:card\" content=\"summary_large_image\" \/>\n<script type=\"application\/ld+json\" class=\"yoast-schema-graph\">{\"@context\":\"https:\\\/\\\/schema.org\",\"@graph\":[{\"@type\":\"WebPage\",\"@id\":\"https:\\\/\\\/iyiolhukuk.com\\\/turizm-hukuku\\\/\",\"url\":\"https:\\\/\\\/iyiolhukuk.com\\\/turizm-hukuku\\\/\",\"name\":\"Turizm Hukuku - \u0130yiol Hukuk | Avukat \u00dcmm\u00fc\u015fen \u0130yiol\",\"isPartOf\":{\"@id\":\"https:\\\/\\\/iyiolhukuk.com\\\/#website\"},\"primaryImageOfPage\":{\"@id\":\"https:\\\/\\\/iyiolhukuk.com\\\/turizm-hukuku\\\/#primaryimage\"},\"image\":{\"@id\":\"https:\\\/\\\/iyiolhukuk.com\\\/turizm-hukuku\\\/#primaryimage\"},\"thumbnailUrl\":\"https:\\\/\\\/iyiolhukuk.com\\\/wp-content\\\/uploads\\\/2025\\\/05\\\/turizm-hukuku-hizmet.webp\",\"datePublished\":\"2024-12-17T05:24:30+00:00\",\"dateModified\":\"2025-08-12T12:20:30+00:00\",\"breadcrumb\":{\"@id\":\"https:\\\/\\\/iyiolhukuk.com\\\/turizm-hukuku\\\/#breadcrumb\"},\"inLanguage\":\"en-GB\",\"potentialAction\":[{\"@type\":\"ReadAction\",\"target\":[\"https:\\\/\\\/iyiolhukuk.com\\\/turizm-hukuku\\\/\"]}]},{\"@type\":\"ImageObject\",\"inLanguage\":\"en-GB\",\"@id\":\"https:\\\/\\\/iyiolhukuk.com\\\/turizm-hukuku\\\/#primaryimage\",\"url\":\"https:\\\/\\\/iyiolhukuk.com\\\/wp-content\\\/uploads\\\/2025\\\/05\\\/turizm-hukuku-hizmet.webp\",\"contentUrl\":\"https:\\\/\\\/iyiolhukuk.com\\\/wp-content\\\/uploads\\\/2025\\\/05\\\/turizm-hukuku-hizmet.webp\"},{\"@type\":\"BreadcrumbList\",\"@id\":\"https:\\\/\\\/iyiolhukuk.com\\\/turizm-hukuku\\\/#breadcrumb\",\"itemListElement\":[{\"@type\":\"ListItem\",\"position\":1,\"name\":\"Anasayfa\",\"item\":\"https:\\\/\\\/iyiolhukuk.com\\\/\"},{\"@type\":\"ListItem\",\"position\":2,\"name\":\"Turizm Hukuku\"}]},{\"@type\":\"WebSite\",\"@id\":\"https:\\\/\\\/iyiolhukuk.com\\\/#website\",\"url\":\"https:\\\/\\\/iyiolhukuk.com\\\/\",\"name\":\"\u0130yi Ol Hukuk | \u00dcmm\u00fc\u015fen \u0130yiol\",\"description\":\"Hukuki haklar\u0131n\u0131z\u0131 korumak i\u00e7in yan\u0131n\u0131zday\u0131z\",\"publisher\":{\"@id\":\"https:\\\/\\\/iyiolhukuk.com\\\/#organization\"},\"potentialAction\":[{\"@type\":\"SearchAction\",\"target\":{\"@type\":\"EntryPoint\",\"urlTemplate\":\"https:\\\/\\\/iyiolhukuk.com\\\/?s={search_term_string}\"},\"query-input\":{\"@type\":\"PropertyValueSpecification\",\"valueRequired\":true,\"valueName\":\"search_term_string\"}}],\"inLanguage\":\"en-GB\"},{\"@type\":\"Organization\",\"@id\":\"https:\\\/\\\/iyiolhukuk.com\\\/#organization\",\"name\":\"\u0130yi Ol Hukuk | \u00dcmm\u00fc\u015fen \u0130yiol\",\"url\":\"https:\\\/\\\/iyiolhukuk.com\\\/\",\"logo\":{\"@type\":\"ImageObject\",\"inLanguage\":\"en-GB\",\"@id\":\"https:\\\/\\\/iyiolhukuk.com\\\/#\\\/schema\\\/logo\\\/image\\\/\",\"url\":\"https:\\\/\\\/iyiolhukuk.com\\\/wp-content\\\/uploads\\\/2024\\\/12\\\/Iyiol-Hukuk-Logo.webp\",\"contentUrl\":\"https:\\\/\\\/iyiolhukuk.com\\\/wp-content\\\/uploads\\\/2024\\\/12\\\/Iyiol-Hukuk-Logo.webp\",\"width\":500,\"height\":251,\"caption\":\"\u0130yi Ol Hukuk | \u00dcmm\u00fc\u015fen \u0130yiol\"},\"image\":{\"@id\":\"https:\\\/\\\/iyiolhukuk.com\\\/#\\\/schema\\\/logo\\\/image\\\/\"}}]}<\/script>\n<!-- \/ Yoast SEO plugin. -->","yoast_head_json":{"title":"Turizm Hukuku - \u0130yiol Hukuk | Avukat \u00dcmm\u00fc\u015fen \u0130yiol","robots":{"index":"index","follow":"follow","max-snippet":"max-snippet:-1","max-image-preview":"max-image-preview:large","max-video-preview":"max-video-preview:-1"},"canonical":"https:\/\/iyiolhukuk.com\/en\/turizm-hukuku\/","og_locale":"en_GB","og_type":"article","og_title":"Turizm Hukuku - \u0130yiol Hukuk | Avukat \u00dcmm\u00fc\u015fen \u0130yiol","og_description":"\u0130yiol Hukuk ve Turizm Hukuku \u0130yiol Hukuk, turizmin ba\u015fkenti say\u0131lan Antalya\u2019da, yerli ve yabanc\u0131 m\u00fcvekkillerin turizm sekt\u00f6r\u00fcne dair t\u00fcm hukuki ihtiya\u00e7lar\u0131na, deneyim ve uzmanl\u0131kla \u00e7\u00f6z\u00fcmler sunar.Turizm sekt\u00f6r\u00fc; otellerden seyahat acentalar\u0131na, tur operat\u00f6rlerinden rehberlik hizmetlerine, ula\u015f\u0131mdan e\u011flence ve sa\u011fl\u0131k turizmine kadar \u00e7ok say\u0131da alt ba\u015fl\u0131k bar\u0131nd\u0131r\u0131r. Bu karma\u015f\u0131k yap\u0131, hem \u00f6zel hukuk hem de kamu hukukunu...","og_url":"https:\/\/iyiolhukuk.com\/en\/turizm-hukuku\/","og_site_name":"\u0130yiol Hukuk | Avukat \u00dcmm\u00fc\u015fen \u0130yiol","article_modified_time":"2025-08-12T12:20:30+00:00","og_image":[{"width":1486,"height":991,"url":"https:\/\/iyiolhukuk.com\/wp-content\/uploads\/2025\/05\/turizm-hukuku-hizmet.webp","type":"image\/webp"}],"twitter_card":"summary_large_image","schema":{"@context":"https:\/\/schema.org","@graph":[{"@type":"WebPage","@id":"https:\/\/iyiolhukuk.com\/turizm-hukuku\/","url":"https:\/\/iyiolhukuk.com\/turizm-hukuku\/","name":"Turizm Hukuku - \u0130yiol Hukuk | Avukat \u00dcmm\u00fc\u015fen \u0130yiol","isPartOf":{"@id":"https:\/\/iyiolhukuk.com\/#website"},"primaryImageOfPage":{"@id":"https:\/\/iyiolhukuk.com\/turizm-hukuku\/#primaryimage"},"image":{"@id":"https:\/\/iyiolhukuk.com\/turizm-hukuku\/#primaryimage"},"thumbnailUrl":"https:\/\/iyiolhukuk.com\/wp-content\/uploads\/2025\/05\/turizm-hukuku-hizmet.webp","datePublished":"2024-12-17T05:24:30+00:00","dateModified":"2025-08-12T12:20:30+00:00","breadcrumb":{"@id":"https:\/\/iyiolhukuk.com\/turizm-hukuku\/#breadcrumb"},"inLanguage":"en-GB","potentialAction":[{"@type":"ReadAction","target":["https:\/\/iyiolhukuk.com\/turizm-hukuku\/"]}]},{"@type":"ImageObject","inLanguage":"en-GB","@id":"https:\/\/iyiolhukuk.com\/turizm-hukuku\/#primaryimage","url":"https:\/\/iyiolhukuk.com\/wp-content\/uploads\/2025\/05\/turizm-hukuku-hizmet.webp","contentUrl":"https:\/\/iyiolhukuk.com\/wp-content\/uploads\/2025\/05\/turizm-hukuku-hizmet.webp"},{"@type":"BreadcrumbList","@id":"https:\/\/iyiolhukuk.com\/turizm-hukuku\/#breadcrumb","itemListElement":[{"@type":"ListItem","position":1,"name":"Anasayfa","item":"https:\/\/iyiolhukuk.com\/"},{"@type":"ListItem","position":2,"name":"Turizm Hukuku"}]},{"@type":"WebSite","@id":"https:\/\/iyiolhukuk.com\/#website","url":"https:\/\/iyiolhukuk.com\/","name":"\u0130yi Ol Hukuk | \u00dcmm\u00fc\u015fen \u0130yiol","description":"Hukuki haklar\u0131n\u0131z\u0131 korumak i\u00e7in yan\u0131n\u0131zday\u0131z","publisher":{"@id":"https:\/\/iyiolhukuk.com\/#organization"},"potentialAction":[{"@type":"SearchAction","target":{"@type":"EntryPoint","urlTemplate":"https:\/\/iyiolhukuk.com\/?s={search_term_string}"},"query-input":{"@type":"PropertyValueSpecification","valueRequired":true,"valueName":"search_term_string"}}],"inLanguage":"en-GB"},{"@type":"Organization","@id":"https:\/\/iyiolhukuk.com\/#organization","name":"\u0130yi Ol Hukuk | \u00dcmm\u00fc\u015fen \u0130yiol","url":"https:\/\/iyiolhukuk.com\/","logo":{"@type":"ImageObject","inLanguage":"en-GB","@id":"https:\/\/iyiolhukuk.com\/#\/schema\/logo\/image\/","url":"https:\/\/iyiolhukuk.com\/wp-content\/uploads\/2024\/12\/Iyiol-Hukuk-Logo.webp","contentUrl":"https:\/\/iyiolhukuk.com\/wp-content\/uploads\/2024\/12\/Iyiol-Hukuk-Logo.webp","width":500,"height":251,"caption":"\u0130yi Ol Hukuk | \u00dcmm\u00fc\u015fen \u0130yiol"},"image":{"@id":"https:\/\/iyiolhukuk.com\/#\/schema\/logo\/image\/"}}]}},"_links":{"self":[{"href":"https:\/\/iyiolhukuk.com\/en\/wp-json\/wp\/v2\/pages\/57","targetHints":{"allow":["GET"]}}],"collection":[{"href":"https:\/\/iyiolhukuk.com\/en\/wp-json\/wp\/v2\/pages"}],"about":[{"href":"https:\/\/iyiolhukuk.com\/en\/wp-json\/wp\/v2\/types\/page"}],"author":[{"embeddable":true,"href":"https:\/\/iyiolhukuk.com\/en\/wp-json\/wp\/v2\/users\/1"}],"replies":[{"embeddable":true,"href":"https:\/\/iyiolhukuk.com\/en\/wp-json\/wp\/v2\/comments?post=57"}],"version-history":[{"count":17,"href":"https:\/\/iyiolhukuk.com\/en\/wp-json\/wp\/v2\/pages\/57\/revisions"}],"predecessor-version":[{"id":4895,"href":"https:\/\/iyiolhukuk.com\/en\/wp-json\/wp\/v2\/pages\/57\/revisions\/4895"}],"wp:attachment":[{"href":"https:\/\/iyiolhukuk.com\/en\/wp-json\/wp\/v2\/media?parent=57"}],"curies":[{"name":"wp","href":"https:\/\/api.w.org\/{rel}","templated":true}]}}