{"id":53,"date":"2024-12-17T05:24:23","date_gmt":"2024-12-17T05:24:23","guid":{"rendered":"https:\/\/wordpress.themeholy.com\/ensaf\/?page_id=53"},"modified":"2025-06-19T17:55:03","modified_gmt":"2025-06-19T14:55:03","slug":"hukuk-hizmetleri","status":"publish","type":"page","link":"https:\/\/iyiolhukuk.com\/en\/hukuk-hizmetleri\/","title":{"rendered":"Legal Services"},"content":{"rendered":"<div data-elementor-type=\"wp-page\" data-elementor-id=\"53\" class=\"elementor elementor-53\">\n\t\t\t\t<div class=\"elementor-element elementor-element-7c74ae0 e-flex e-con-boxed e-con e-parent\" data-id=\"7c74ae0\" data-element_type=\"container\">\n\t\t\t\t\t<div class=\"e-con-inner\">\n\t\t\r\n\t\t<div class=\"elementor-element elementor-element-2be47c1 elementor-widget elementor-widget-ensafsectiontitle\" data-id=\"2be47c1\" data-element_type=\"widget\" data-widget_type=\"ensafsectiontitle.default\">\n\t\t\t\t<div class=\"elementor-widget-container\">\n\t\t\t\t\t\t\t<div class=\"title-area text-center\">\r\n\t\t\t<span class=\"sub-title\">\u0130yiol Hukuk<\/span><h2 class=\"sec-title\">Our Areas of Expertise and Legal Services<\/h2>\t\t<\/div>\r\n\r\n\t\t\t\t\t<\/div>\n\t\t\t\t<\/div>\n\t\t\t\t<div class=\"elementor-element elementor-element-1f30b49 minh elementor-widget elementor-widget-ensafservice\" data-id=\"1f30b49\" data-element_type=\"widget\" data-widget_type=\"ensafservice.default\">\n\t\t\t\t<div class=\"elementor-widget-container\">\n\t\t\t\t\t<div class=\"row gy-30 justify-content-center\"><div class=\"col-xl-4 col-md-6\"><div class=\"service-card\"><div class=\"shape-mockup service_card-bg-1\"><img decoding=\"async\" src=\"https:\/\/iyiolhukuk.com\/wp-content\/uploads\/2025\/05\/turizm-hukuku-2.webp\" alt=\"turizm hukuku 2\"  \/><\/div><div class=\"box-icon\"><img decoding=\"async\" src=\"https:\/\/iyiolhukuk.com\/wp-content\/uploads\/2025\/05\/turizm-hukuku.webp\" alt=\"turizm-hukuku\"  \/><\/div><div class=\"box-content\"><h3 class=\"box-title\"><a href=\"\/en\/turizm-hukuku\/\">Tourism Law<\/a><\/h3><p class=\"box-text\">Expert support to local and foreign clients in all contracts, consultancy and disputes in the tourism sector.<\/p><\/div><a href=\"\/en\/turizm-hukuku\/\" class=\"link-btn\">Detailed Information<i class=\"fa-regular fa-arrow-right-long\"><\/i><\/a><\/div><\/div><div class=\"col-xl-4 col-md-6\"><div class=\"service-card\"><div class=\"shape-mockup service_card-bg-1\"><img decoding=\"async\" src=\"https:\/\/iyiolhukuk.com\/wp-content\/uploads\/2025\/05\/icra-iflas-hukuku-2.webp\" alt=\"icra iflas hukuku 2\"  \/><\/div><div class=\"box-icon\"><img decoding=\"async\" src=\"https:\/\/iyiolhukuk.com\/wp-content\/uploads\/2025\/05\/icra-iflas-hukuku.webp\" alt=\"icra-iflas-hukuku\"  \/><\/div><div class=\"box-content\"><h3 class=\"box-title\"><a href=\"\/en\/icra-iflas-hukuku\/\">Execution and Bankruptcy Law<\/a><\/h3><p class=\"box-text\">Fast, effective and professional legal solutions for receivables, debts, bankruptcy and seizure transactions. <\/p><\/div><a href=\"\/en\/icra-iflas-hukuku\/\" class=\"link-btn\">Detailed Information<i class=\"fa-regular fa-arrow-right-long\"><\/i><\/a><\/div><\/div><div class=\"col-xl-4 col-md-6\"><div class=\"service-card\"><div class=\"shape-mockup service_card-bg-1\"><img decoding=\"async\" src=\"https:\/\/iyiolhukuk.com\/wp-content\/uploads\/2025\/05\/uluslararasi-hukuk-2.webp\" alt=\"uluslararasi hukuk 2\"  \/><\/div><div class=\"box-icon\"><img decoding=\"async\" src=\"https:\/\/iyiolhukuk.com\/wp-content\/uploads\/2025\/05\/uluslararasi-hukuk.webp\" alt=\"uluslararasi-hukuk\"  \/><\/div><div class=\"box-content\"><h3 class=\"box-title\"><a href=\"\/en\/uluslararasi-hukuk\/\">International law<\/a><\/h3><p class=\"box-text\">Multilingual, comprehensive consultancy to foreign and Turkish clients in international cases and transactions.<\/p><\/div><a href=\"\/en\/uluslararasi-hukuk\/\" class=\"link-btn\">Detailed Information<i class=\"fa-regular fa-arrow-right-long\"><\/i><\/a><\/div><\/div><div class=\"col-xl-4 col-md-6\"><div class=\"service-card\"><div class=\"shape-mockup service_card-bg-1\"><img decoding=\"async\" src=\"https:\/\/iyiolhukuk.com\/wp-content\/uploads\/2025\/05\/aile-ve-kisiler-hukuku-2.webp\" alt=\"aile ve kisiler hukuku 2\"  \/><\/div><div class=\"box-icon\"><img decoding=\"async\" src=\"https:\/\/iyiolhukuk.com\/wp-content\/uploads\/2025\/05\/aile-ve-kisiler-hukuku.webp\" alt=\"aile-ve-kisiler-hukuku\"  \/><\/div><div class=\"box-content\"><h3 class=\"box-title\"><a href=\"\/en\/aile-ve-kisiler-hukuku\/\">Family and Personal Law<\/a><\/h3><p class=\"box-text\">Empathic and solution-oriented support in divorce, custody, alimony and family disputes.<\/p><\/div><a href=\"\/en\/aile-ve-kisiler-hukuku\/\" class=\"link-btn\">Detailed Information<i class=\"fa-regular fa-arrow-right-long\"><\/i><\/a><\/div><\/div><div class=\"col-xl-4 col-md-6\"><div class=\"service-card\"><div class=\"shape-mockup service_card-bg-1\"><img decoding=\"async\" src=\"https:\/\/iyiolhukuk.com\/wp-content\/uploads\/2025\/05\/miras-hukuku-2.webp\" alt=\"miras hukuku 2\"  \/><\/div><div class=\"box-icon\"><img decoding=\"async\" src=\"https:\/\/iyiolhukuk.com\/wp-content\/uploads\/2025\/05\/miras-hukuku.webp\" alt=\"miras-hukuku\"  \/><\/div><div class=\"box-content\"><h3 class=\"box-title\"><a href=\"\/en\/miras-hukuku\/\">Inheritance Law<\/a><\/h3><p class=\"box-text\">Reliable and meticulous legal consultancy in inheritance sharing, wills, reserved shares and inheritance cases.<\/p><\/div><a href=\"\/en\/miras-hukuku\/\" class=\"link-btn\">Detailed Information<i class=\"fa-regular fa-arrow-right-long\"><\/i><\/a><\/div><\/div><div class=\"col-xl-4 col-md-6\"><div class=\"service-card\"><div class=\"shape-mockup service_card-bg-1\"><img decoding=\"async\" src=\"https:\/\/iyiolhukuk.com\/wp-content\/uploads\/2025\/05\/sirketler-ve-ticaret-hukuku-2.webp\" alt=\"sirketler-ve-ticaret-hukuku\"  \/><\/div><div class=\"box-icon\"><img decoding=\"async\" src=\"https:\/\/iyiolhukuk.com\/wp-content\/uploads\/2025\/05\/sirketler-ve-ticaret-hukuku.webp\" alt=\"sirketler-ve-ticaret-hukuku\"  \/><\/div><div class=\"box-content\"><h3 class=\"box-title\"><a href=\"\/en\/sirketler-ve-ticaret-hukuku\/\">Corporate and Commercial Law<\/a><\/h3><p class=\"box-text\">Comprehensive legal consultancy on company establishment, share transfer, commercial contracts and disputes.<\/p><\/div><a href=\"\/en\/sirketler-ve-ticaret-hukuku\/\" class=\"link-btn\">Detailed Information<i class=\"fa-regular fa-arrow-right-long\"><\/i><\/a><\/div><\/div><div class=\"col-xl-4 col-md-6\"><div class=\"service-card\"><div class=\"shape-mockup service_card-bg-1\"><img decoding=\"async\" src=\"https:\/\/iyiolhukuk.com\/wp-content\/uploads\/2025\/05\/fikri-ve-sinai-mulkiyet-hukuku-2.webp\" alt=\"fikri ve sinai mulkiyet hukuku 2\"  \/><\/div><div class=\"box-icon\"><img decoding=\"async\" src=\"https:\/\/iyiolhukuk.com\/wp-content\/uploads\/2025\/05\/fikri-ve-sinai-mulkiyet-hukuku.webp\" alt=\"fikri-ve-sinai-mulkiyet-hukuku\"  \/><\/div><div class=\"box-content\"><h3 class=\"box-title\"><a href=\"\/en\/fikri-ve-sinai-mulkiyet-hukuku%20\/\">Intellectual and Industrial Property Law<\/a><\/h3><p class=\"box-text\">Effective legal protection against trademark, patent, design and copyright infringement.<\/p><\/div><a href=\"\/en\/fikri-ve-sinai-mulkiyet-hukuku%20\/\" class=\"link-btn\">Detailed Information<i class=\"fa-regular fa-arrow-right-long\"><\/i><\/a><\/div><\/div><div class=\"col-xl-4 col-md-6\"><div class=\"service-card\"><div class=\"shape-mockup service_card-bg-1\"><img decoding=\"async\" src=\"https:\/\/iyiolhukuk.com\/wp-content\/uploads\/2025\/05\/yabancilar-hukuku-2.webp\" alt=\"yabancilar hukuku 2\"  \/><\/div><div class=\"box-icon\"><img decoding=\"async\" src=\"https:\/\/iyiolhukuk.com\/wp-content\/uploads\/2025\/05\/yabancilar-hukuku.webp\" alt=\"yabancilar-hukuku\"  \/><\/div><div class=\"box-content\"><h3 class=\"box-title\"><a href=\"\/en\/yabancilar-hukuku\/\">Foreigners Law<\/a><\/h3><p class=\"box-text\">Up-to-date and secure consultancy for foreigners regarding citizenship, residence, work permit and investment procedures.<\/p><\/div><a href=\"\/en\/yabancilar-hukuku\/\" class=\"link-btn\">Detailed Information<i class=\"fa-regular fa-arrow-right-long\"><\/i><\/a><\/div><\/div><div class=\"col-xl-4 col-md-6\"><div class=\"service-card\"><div class=\"shape-mockup service_card-bg-1\"><img decoding=\"async\" src=\"https:\/\/iyiolhukuk.com\/wp-content\/uploads\/2025\/05\/ceza-hukuku-2.webp\" alt=\"ceza-hukuku\"  \/><\/div><div class=\"box-icon\"><img decoding=\"async\" src=\"https:\/\/iyiolhukuk.com\/wp-content\/uploads\/2025\/05\/ceza-hukuku.webp\" alt=\"ceza-hukuku\"  \/><\/div><div class=\"box-content\"><h3 class=\"box-title\"><a href=\"\/en\/ceza-hukuku\/\">Criminal law<\/a><\/h3><p class=\"box-text\">Effective defense and representation services for suspects, defendants and victims in criminal investigations and cases.<\/p><\/div><a href=\"\/en\/ceza-hukuku\/\" class=\"link-btn\">Detailed Information<i class=\"fa-regular fa-arrow-right-long\"><\/i><\/a><\/div><\/div><div class=\"col-xl-4 col-md-6\"><div class=\"service-card\"><div class=\"shape-mockup service_card-bg-1\"><img decoding=\"async\" src=\"https:\/\/iyiolhukuk.com\/wp-content\/uploads\/2025\/05\/gayrimenkul-ve-kira-hukuku-2.webp\" alt=\"gayrimenkul ve kira hukuku 2\"  \/><\/div><div class=\"box-icon\"><img decoding=\"async\" src=\"https:\/\/iyiolhukuk.com\/wp-content\/uploads\/2025\/05\/gayrimenkul-ve-kira-hukuku.webp\" alt=\"gayrimenkul-ve-kira-hukuku\"  \/><\/div><div class=\"box-content\"><h3 class=\"box-title\"><a href=\"\/en\/gayrimenkul-ve-kira-hukuku\/\">Real Estate and Tenancy Law<\/a><\/h3><p class=\"box-text\">Individual and corporate legal support in real estate purchase-sale, title deed, rental and zoning cases.<\/p><\/div><a href=\"\/en\/gayrimenkul-ve-kira-hukuku\/\" class=\"link-btn\">Detailed Information<i class=\"fa-regular fa-arrow-right-long\"><\/i><\/a><\/div><\/div><div class=\"col-xl-4 col-md-6\"><div class=\"service-card\"><div class=\"shape-mockup service_card-bg-1\"><img decoding=\"async\" src=\"https:\/\/iyiolhukuk.com\/wp-content\/uploads\/2025\/05\/is-ve-sosyal-guvenlik-hukuku-2.webp\" alt=\"is ve sosyal guvenlik hukuku 2\"  \/><\/div><div class=\"box-icon\"><img decoding=\"async\" src=\"https:\/\/iyiolhukuk.com\/wp-content\/uploads\/2025\/05\/is-ve-sosyal-guvenlik-hukuku.webp\" alt=\"is-ve-sosyal-guvenlik-hukuku\"  \/><\/div><div class=\"box-content\"><h3 class=\"box-title\"><a href=\"\/en\/is-ve-sosyal-guvenlik-hukuku\/\">Labor and Social Security Law<\/a><\/h3><p class=\"box-text\">Current legal consultancy in employee-employer disputes, compensation, work accident and SSI transactions.<\/p><\/div><a href=\"\/en\/is-ve-sosyal-guvenlik-hukuku\/\" class=\"link-btn\">Detailed Information<i class=\"fa-regular fa-arrow-right-long\"><\/i><\/a><\/div><\/div><div class=\"col-xl-4 col-md-6\"><div class=\"service-card\"><div class=\"shape-mockup service_card-bg-1\"><img decoding=\"async\" src=\"https:\/\/iyiolhukuk.com\/wp-content\/uploads\/2025\/05\/ticari-sozlesmeler-ve-sozlesme-yonetimi-2.webp\" alt=\"ticari sozlesmeler ve sozlesme yonetimi 2\"  \/><\/div><div class=\"box-icon\"><img decoding=\"async\" src=\"https:\/\/iyiolhukuk.com\/wp-content\/uploads\/2025\/05\/ticari-sozlesmeler-ve-sozlesme-yonetimi.webp\" alt=\"ticari-sozlesmeler-ve-sozlesme-yonetimi\"  \/><\/div><div class=\"box-content\"><h3 class=\"box-title\"><a href=\"\/en\/ticari-sozlesmeler-ve-sozlesme-yonetimi\/\">Commercial Contracts and Contract Management<\/a><\/h3><p class=\"box-text\">Legal solutions to prevent disputes in the preparation, revision and negotiation of commercial contracts.<\/p><\/div><a href=\"\/en\/ticari-sozlesmeler-ve-sozlesme-yonetimi\/\" class=\"link-btn\">Detailed Information<i class=\"fa-regular fa-arrow-right-long\"><\/i><\/a><\/div><\/div><div class=\"col-xl-4 col-md-6\"><div class=\"service-card\"><div class=\"shape-mockup service_card-bg-1\"><img decoding=\"async\" src=\"https:\/\/iyiolhukuk.com\/wp-content\/uploads\/2025\/05\/ticari-sozlesmeler-ve-sozlesme-yonetimi-2.webp\" alt=\"ticari sozlesmeler ve sozlesme yonetimi 2\"  \/><\/div><div class=\"box-icon\"><img decoding=\"async\" src=\"https:\/\/iyiolhukuk.com\/wp-content\/uploads\/2025\/05\/ticari-sozlesmeler-ve-sozlesme-yonetimi.webp\" alt=\"ticari-sozlesmeler-ve-sozlesme-yonetimi\"  \/><\/div><div class=\"box-content\"><h3 class=\"box-title\"><a href=\"\/en\/sigorta-hukuku\/\">Insurance Law<\/a><\/h3><p class=\"box-text\">Preparation, review and interpretation of insurance contracts, support to insurance companies, insureds, intermediary institutions and injured third parties<\/p><\/div><a href=\"\/en\/sigorta-hukuku\/\" class=\"link-btn\">Detailed Information<i class=\"fa-regular fa-arrow-right-long\"><\/i><\/a><\/div><\/div><div class=\"col-xl-4 col-md-6\"><div class=\"service-card\"><div class=\"shape-mockup service_card-bg-1\"><img decoding=\"async\" src=\"https:\/\/iyiolhukuk.com\/wp-content\/uploads\/2025\/05\/ticari-sozlesmeler-ve-sozlesme-yonetimi-2.webp\" alt=\"ticari sozlesmeler ve sozlesme yonetimi 2\"  \/><\/div><div class=\"box-icon\"><img decoding=\"async\" src=\"https:\/\/iyiolhukuk.com\/wp-content\/uploads\/2025\/05\/aile-ve-kisiler-hukuku.webp\" alt=\"aile-ve-kisiler-hukuku\"  \/><\/div><div class=\"box-content\"><h3 class=\"box-title\"><a href=\"\/en\/konstelasyon-calismalari\/\">Constellation Studies<\/a><\/h3><p class=\"box-text\">Support in divorce litigation processes, Contribution to the resolution of custody disputes, Getting to the root of family conflicts and providing balance, etc.<\/p><\/div><a href=\"\/en\/konstelasyon-calismalari\/\" class=\"link-btn\">Detailed Information<i class=\"fa-regular fa-arrow-right-long\"><\/i><\/a><\/div><\/div><\/div>\t\t\t\t<\/div>\n\t\t\t\t<\/div>\n\t\t\t\t\t<\/div>\n\t\t\t\t<\/div>\n\t\t\t\t<\/div>","protected":false},"excerpt":{"rendered":"<p>\u0130yiol Hukuk Uzmanl\u0131k Alanlar\u0131m\u0131z ve Hukuk Hizmetlerimiz Turizm Hukuku Turizm sekt\u00f6r\u00fcndeki t\u00fcm s\u00f6zle\u015fme, dan\u0131\u015fmanl\u0131k ve uyu\u015fmazl\u0131klarda yerli-yabanc\u0131 m\u00fcvekkillere uzman deste\u011fi. Detayl\u0131 Bilgi \u0130cra ve \u0130flas Hukuku Alacak, bor\u00e7, iflas ve haciz i\u015flemlerinde h\u0131zl\u0131, etkin ve profesyonel hukuki \u00e7\u00f6z\u00fcm Detayl\u0131 Bilgi Uluslararas\u0131 Hukuk Yabanc\u0131 ve T\u00fcrk m\u00fcvekkillere, uluslararas\u0131 davalar ve i\u015flemlerde \u00e7ok dilli, kapsaml\u0131 dan\u0131\u015fmanl\u0131k. Detayl\u0131&#8230;<\/p>","protected":false},"author":1,"featured_media":0,"parent":0,"menu_order":0,"comment_status":"closed","ping_status":"closed","template":"template-builder.php","meta":{"footnotes":""},"class_list":["post-53","page","type-page","status-publish","hentry"],"yoast_head":"<!-- This site is optimized with the Yoast SEO plugin v27.4 - https:\/\/yoast.com\/product\/yoast-seo-wordpress\/ -->\n<title>Hukuk Hizmetleri - \u0130yiol Hukuk | Avukat \u00dcmm\u00fc\u015fen \u0130yiol<\/title>\n<meta name=\"robots\" content=\"index, follow, max-snippet:-1, max-image-preview:large, max-video-preview:-1\" \/>\n<link rel=\"canonical\" href=\"https:\/\/iyiolhukuk.com\/en\/hukuk-hizmetleri\/\" \/>\n<meta property=\"og:locale\" content=\"en_GB\" \/>\n<meta property=\"og:type\" content=\"article\" \/>\n<meta property=\"og:title\" content=\"Hukuk Hizmetleri - \u0130yiol Hukuk | Avukat \u00dcmm\u00fc\u015fen \u0130yiol\" \/>\n<meta property=\"og:description\" content=\"\u0130yiol Hukuk Uzmanl\u0131k Alanlar\u0131m\u0131z ve Hukuk Hizmetlerimiz Turizm Hukuku Turizm sekt\u00f6r\u00fcndeki t\u00fcm s\u00f6zle\u015fme, dan\u0131\u015fmanl\u0131k ve uyu\u015fmazl\u0131klarda yerli-yabanc\u0131 m\u00fcvekkillere uzman deste\u011fi. Detayl\u0131 Bilgi \u0130cra ve \u0130flas Hukuku Alacak, bor\u00e7, iflas ve haciz i\u015flemlerinde h\u0131zl\u0131, etkin ve profesyonel hukuki \u00e7\u00f6z\u00fcm Detayl\u0131 Bilgi Uluslararas\u0131 Hukuk Yabanc\u0131 ve T\u00fcrk m\u00fcvekkillere, uluslararas\u0131 davalar ve i\u015flemlerde \u00e7ok dilli, kapsaml\u0131 dan\u0131\u015fmanl\u0131k. Detayl\u0131...\" \/>\n<meta property=\"og:url\" content=\"https:\/\/iyiolhukuk.com\/en\/hukuk-hizmetleri\/\" \/>\n<meta property=\"og:site_name\" content=\"\u0130yiol Hukuk | Avukat \u00dcmm\u00fc\u015fen \u0130yiol\" \/>\n<meta property=\"article:modified_time\" content=\"2025-06-19T14:55:03+00:00\" \/>\n<meta property=\"og:image\" content=\"https:\/\/iyiolhukuk.com\/wp-content\/uploads\/2025\/05\/turizm-hukuku-2.webp\" \/>\n<meta name=\"twitter:card\" content=\"summary_large_image\" \/>\n<script type=\"application\/ld+json\" class=\"yoast-schema-graph\">{\"@context\":\"https:\\\/\\\/schema.org\",\"@graph\":[{\"@type\":\"WebPage\",\"@id\":\"https:\\\/\\\/iyiolhukuk.com\\\/hukuk-hizmetleri\\\/\",\"url\":\"https:\\\/\\\/iyiolhukuk.com\\\/hukuk-hizmetleri\\\/\",\"name\":\"Hukuk Hizmetleri - \u0130yiol Hukuk | Avukat \u00dcmm\u00fc\u015fen \u0130yiol\",\"isPartOf\":{\"@id\":\"https:\\\/\\\/iyiolhukuk.com\\\/#website\"},\"primaryImageOfPage\":{\"@id\":\"https:\\\/\\\/iyiolhukuk.com\\\/hukuk-hizmetleri\\\/#primaryimage\"},\"image\":{\"@id\":\"https:\\\/\\\/iyiolhukuk.com\\\/hukuk-hizmetleri\\\/#primaryimage\"},\"thumbnailUrl\":\"https:\\\/\\\/iyiolhukuk.com\\\/wp-content\\\/uploads\\\/2025\\\/05\\\/turizm-hukuku-2.webp\",\"datePublished\":\"2024-12-17T05:24:23+00:00\",\"dateModified\":\"2025-06-19T14:55:03+00:00\",\"breadcrumb\":{\"@id\":\"https:\\\/\\\/iyiolhukuk.com\\\/hukuk-hizmetleri\\\/#breadcrumb\"},\"inLanguage\":\"en-GB\",\"potentialAction\":[{\"@type\":\"ReadAction\",\"target\":[\"https:\\\/\\\/iyiolhukuk.com\\\/hukuk-hizmetleri\\\/\"]}]},{\"@type\":\"ImageObject\",\"inLanguage\":\"en-GB\",\"@id\":\"https:\\\/\\\/iyiolhukuk.com\\\/hukuk-hizmetleri\\\/#primaryimage\",\"url\":\"https:\\\/\\\/iyiolhukuk.com\\\/wp-content\\\/uploads\\\/2025\\\/05\\\/turizm-hukuku-2.webp\",\"contentUrl\":\"https:\\\/\\\/iyiolhukuk.com\\\/wp-content\\\/uploads\\\/2025\\\/05\\\/turizm-hukuku-2.webp\"},{\"@type\":\"BreadcrumbList\",\"@id\":\"https:\\\/\\\/iyiolhukuk.com\\\/hukuk-hizmetleri\\\/#breadcrumb\",\"itemListElement\":[{\"@type\":\"ListItem\",\"position\":1,\"name\":\"Anasayfa\",\"item\":\"https:\\\/\\\/iyiolhukuk.com\\\/\"},{\"@type\":\"ListItem\",\"position\":2,\"name\":\"Hukuk Hizmetleri\"}]},{\"@type\":\"WebSite\",\"@id\":\"https:\\\/\\\/iyiolhukuk.com\\\/#website\",\"url\":\"https:\\\/\\\/iyiolhukuk.com\\\/\",\"name\":\"\u0130yi Ol Hukuk | \u00dcmm\u00fc\u015fen \u0130yiol\",\"description\":\"Hukuki haklar\u0131n\u0131z\u0131 korumak i\u00e7in yan\u0131n\u0131zday\u0131z\",\"publisher\":{\"@id\":\"https:\\\/\\\/iyiolhukuk.com\\\/#organization\"},\"potentialAction\":[{\"@type\":\"SearchAction\",\"target\":{\"@type\":\"EntryPoint\",\"urlTemplate\":\"https:\\\/\\\/iyiolhukuk.com\\\/?s={search_term_string}\"},\"query-input\":{\"@type\":\"PropertyValueSpecification\",\"valueRequired\":true,\"valueName\":\"search_term_string\"}}],\"inLanguage\":\"en-GB\"},{\"@type\":\"Organization\",\"@id\":\"https:\\\/\\\/iyiolhukuk.com\\\/#organization\",\"name\":\"\u0130yi Ol Hukuk | \u00dcmm\u00fc\u015fen \u0130yiol\",\"url\":\"https:\\\/\\\/iyiolhukuk.com\\\/\",\"logo\":{\"@type\":\"ImageObject\",\"inLanguage\":\"en-GB\",\"@id\":\"https:\\\/\\\/iyiolhukuk.com\\\/#\\\/schema\\\/logo\\\/image\\\/\",\"url\":\"https:\\\/\\\/iyiolhukuk.com\\\/wp-content\\\/uploads\\\/2024\\\/12\\\/Iyiol-Hukuk-Logo.webp\",\"contentUrl\":\"https:\\\/\\\/iyiolhukuk.com\\\/wp-content\\\/uploads\\\/2024\\\/12\\\/Iyiol-Hukuk-Logo.webp\",\"width\":500,\"height\":251,\"caption\":\"\u0130yi Ol Hukuk | \u00dcmm\u00fc\u015fen \u0130yiol\"},\"image\":{\"@id\":\"https:\\\/\\\/iyiolhukuk.com\\\/#\\\/schema\\\/logo\\\/image\\\/\"}}]}<\/script>\n<!-- \/ Yoast SEO plugin. -->","yoast_head_json":{"title":"Hukuk Hizmetleri - \u0130yiol Hukuk | Avukat \u00dcmm\u00fc\u015fen \u0130yiol","robots":{"index":"index","follow":"follow","max-snippet":"max-snippet:-1","max-image-preview":"max-image-preview:large","max-video-preview":"max-video-preview:-1"},"canonical":"https:\/\/iyiolhukuk.com\/en\/hukuk-hizmetleri\/","og_locale":"en_GB","og_type":"article","og_title":"Hukuk Hizmetleri - \u0130yiol Hukuk | Avukat \u00dcmm\u00fc\u015fen \u0130yiol","og_description":"\u0130yiol Hukuk Uzmanl\u0131k Alanlar\u0131m\u0131z ve Hukuk Hizmetlerimiz Turizm Hukuku Turizm sekt\u00f6r\u00fcndeki t\u00fcm s\u00f6zle\u015fme, dan\u0131\u015fmanl\u0131k ve uyu\u015fmazl\u0131klarda yerli-yabanc\u0131 m\u00fcvekkillere uzman deste\u011fi. Detayl\u0131 Bilgi \u0130cra ve \u0130flas Hukuku Alacak, bor\u00e7, iflas ve haciz i\u015flemlerinde h\u0131zl\u0131, etkin ve profesyonel hukuki \u00e7\u00f6z\u00fcm Detayl\u0131 Bilgi Uluslararas\u0131 Hukuk Yabanc\u0131 ve T\u00fcrk m\u00fcvekkillere, uluslararas\u0131 davalar ve i\u015flemlerde \u00e7ok dilli, kapsaml\u0131 dan\u0131\u015fmanl\u0131k. Detayl\u0131...","og_url":"https:\/\/iyiolhukuk.com\/en\/hukuk-hizmetleri\/","og_site_name":"\u0130yiol Hukuk | Avukat \u00dcmm\u00fc\u015fen \u0130yiol","article_modified_time":"2025-06-19T14:55:03+00:00","og_image":[{"url":"https:\/\/iyiolhukuk.com\/wp-content\/uploads\/2025\/05\/turizm-hukuku-2.webp","type":"","width":"","height":""}],"twitter_card":"summary_large_image","schema":{"@context":"https:\/\/schema.org","@graph":[{"@type":"WebPage","@id":"https:\/\/iyiolhukuk.com\/hukuk-hizmetleri\/","url":"https:\/\/iyiolhukuk.com\/hukuk-hizmetleri\/","name":"Hukuk Hizmetleri - \u0130yiol Hukuk | Avukat \u00dcmm\u00fc\u015fen \u0130yiol","isPartOf":{"@id":"https:\/\/iyiolhukuk.com\/#website"},"primaryImageOfPage":{"@id":"https:\/\/iyiolhukuk.com\/hukuk-hizmetleri\/#primaryimage"},"image":{"@id":"https:\/\/iyiolhukuk.com\/hukuk-hizmetleri\/#primaryimage"},"thumbnailUrl":"https:\/\/iyiolhukuk.com\/wp-content\/uploads\/2025\/05\/turizm-hukuku-2.webp","datePublished":"2024-12-17T05:24:23+00:00","dateModified":"2025-06-19T14:55:03+00:00","breadcrumb":{"@id":"https:\/\/iyiolhukuk.com\/hukuk-hizmetleri\/#breadcrumb"},"inLanguage":"en-GB","potentialAction":[{"@type":"ReadAction","target":["https:\/\/iyiolhukuk.com\/hukuk-hizmetleri\/"]}]},{"@type":"ImageObject","inLanguage":"en-GB","@id":"https:\/\/iyiolhukuk.com\/hukuk-hizmetleri\/#primaryimage","url":"https:\/\/iyiolhukuk.com\/wp-content\/uploads\/2025\/05\/turizm-hukuku-2.webp","contentUrl":"https:\/\/iyiolhukuk.com\/wp-content\/uploads\/2025\/05\/turizm-hukuku-2.webp"},{"@type":"BreadcrumbList","@id":"https:\/\/iyiolhukuk.com\/hukuk-hizmetleri\/#breadcrumb","itemListElement":[{"@type":"ListItem","position":1,"name":"Anasayfa","item":"https:\/\/iyiolhukuk.com\/"},{"@type":"ListItem","position":2,"name":"Hukuk Hizmetleri"}]},{"@type":"WebSite","@id":"https:\/\/iyiolhukuk.com\/#website","url":"https:\/\/iyiolhukuk.com\/","name":"\u0130yi Ol Hukuk | \u00dcmm\u00fc\u015fen \u0130yiol","description":"Hukuki haklar\u0131n\u0131z\u0131 korumak i\u00e7in yan\u0131n\u0131zday\u0131z","publisher":{"@id":"https:\/\/iyiolhukuk.com\/#organization"},"potentialAction":[{"@type":"SearchAction","target":{"@type":"EntryPoint","urlTemplate":"https:\/\/iyiolhukuk.com\/?s={search_term_string}"},"query-input":{"@type":"PropertyValueSpecification","valueRequired":true,"valueName":"search_term_string"}}],"inLanguage":"en-GB"},{"@type":"Organization","@id":"https:\/\/iyiolhukuk.com\/#organization","name":"\u0130yi Ol Hukuk | \u00dcmm\u00fc\u015fen \u0130yiol","url":"https:\/\/iyiolhukuk.com\/","logo":{"@type":"ImageObject","inLanguage":"en-GB","@id":"https:\/\/iyiolhukuk.com\/#\/schema\/logo\/image\/","url":"https:\/\/iyiolhukuk.com\/wp-content\/uploads\/2024\/12\/Iyiol-Hukuk-Logo.webp","contentUrl":"https:\/\/iyiolhukuk.com\/wp-content\/uploads\/2024\/12\/Iyiol-Hukuk-Logo.webp","width":500,"height":251,"caption":"\u0130yi Ol Hukuk | \u00dcmm\u00fc\u015fen \u0130yiol"},"image":{"@id":"https:\/\/iyiolhukuk.com\/#\/schema\/logo\/image\/"}}]}},"_links":{"self":[{"href":"https:\/\/iyiolhukuk.com\/en\/wp-json\/wp\/v2\/pages\/53","targetHints":{"allow":["GET"]}}],"collection":[{"href":"https:\/\/iyiolhukuk.com\/en\/wp-json\/wp\/v2\/pages"}],"about":[{"href":"https:\/\/iyiolhukuk.com\/en\/wp-json\/wp\/v2\/types\/page"}],"author":[{"embeddable":true,"href":"https:\/\/iyiolhukuk.com\/en\/wp-json\/wp\/v2\/users\/1"}],"replies":[{"embeddable":true,"href":"https:\/\/iyiolhukuk.com\/en\/wp-json\/wp\/v2\/comments?post=53"}],"version-history":[{"count":44,"href":"https:\/\/iyiolhukuk.com\/en\/wp-json\/wp\/v2\/pages\/53\/revisions"}],"predecessor-version":[{"id":4815,"href":"https:\/\/iyiolhukuk.com\/en\/wp-json\/wp\/v2\/pages\/53\/revisions\/4815"}],"wp:attachment":[{"href":"https:\/\/iyiolhukuk.com\/en\/wp-json\/wp\/v2\/media?parent=53"}],"curies":[{"name":"wp","href":"https:\/\/api.w.org\/{rel}","templated":true}]}}