{"id":50,"date":"2024-12-17T05:23:10","date_gmt":"2024-12-17T05:23:10","guid":{"rendered":"https:\/\/wordpress.themeholy.com\/ensaf\/?page_id=50"},"modified":"2025-06-06T11:56:29","modified_gmt":"2025-06-06T08:56:29","slug":"iletisim","status":"publish","type":"page","link":"https:\/\/iyiolhukuk.com\/en\/iletisim\/","title":{"rendered":"Contact"},"content":{"rendered":"\t\t<div data-elementor-type=\"wp-page\" data-elementor-id=\"50\" class=\"elementor elementor-50\">\n\t\t\t\t<div class=\"elementor-element elementor-element-ed21fb2 e-flex e-con-boxed e-con e-parent\" data-id=\"ed21fb2\" data-element_type=\"container\">\n\t\t\t\t\t<div class=\"e-con-inner\">\n\t\t\r\n\t\t<div class=\"elementor-element elementor-element-398cf06 elementor-widget elementor-widget-ensafcontactinfo\" data-id=\"398cf06\" data-element_type=\"widget\" data-widget_type=\"ensafcontactinfo.default\">\n\t\t\t\t<div class=\"elementor-widget-container\">\n\t\t\t\t\t<div class=\"widget widget_call  \"><div class=\"widget-call\"><h4 class=\"box-title\">Ofis Adresimiz<\/h4><p class=\"box_text\">Mimar Sinan Mahallesi Kale Apartman\u0131 6044. Sokak No:1  B Manavgat \/\u00a0Antalya<\/p><div class=\"widget_call\"><div class=\"info-box\"><div><span class=\"info-box_subtitle\">Telefonumuz<\/span><p class=\"info-box_text\">0546 587 13 33<\/p><\/div><\/div><\/div><\/div><\/div>\t\t\t\t<\/div>\n\t\t\t\t<\/div>\n\t\t\t\t\t<\/div>\n\t\t\t\t<\/div>\n\t\t<div class=\"elementor-element elementor-element-b9dc6fb e-flex e-con-boxed e-con e-parent\" data-id=\"b9dc6fb\" data-element_type=\"container\">\n\t\t\t\t\t<div class=\"e-con-inner\">\n\t\t\t\t<div class=\"elementor-element elementor-element-87552bf fluentform-widget-submit-button-custom elementor-widget elementor-widget-fluent-form-widget\" data-id=\"87552bf\" data-element_type=\"widget\" data-widget_type=\"fluent-form-widget.default\">\n\t\t\t\t<div class=\"elementor-widget-container\">\n\t\t\t\t\t\n            <div class=\"fluentform-widget-wrapper fluentform-widget-align-default\">\n\n            \n            <div class='fluentform ff-default fluentform_wrapper_1 ffs_default_wrap'><form data-form_id=\"1\" id=\"fluentform_1\" class=\"frm-fluent-form fluent_form_1 ff-el-form-top ff_form_instance_1_1 ff-form-loading ffs_default\" data-form_instance=\"ff_form_instance_1_1\" method=\"POST\" ><fieldset  style=\"border: none!important;margin: 0!important;padding: 0!important;background-color: transparent!important;box-shadow: none!important;outline: none!important; min-inline-size: 100%;\">\n                    <legend class=\"ff_screen_reader_title\" style=\"display: block; margin: 0!important;padding: 0!important;height: 0!important;text-indent: -999999px;width: 0!important;overflow:hidden;\">\u0130leti\u015fim Formu<\/legend><input type='hidden' name='__fluent_form_embded_post_id' value='103' \/><input type=\"hidden\" id=\"_fluentform_1_fluentformnonce\" name=\"_fluentform_1_fluentformnonce\" value=\"ed677aa947\" \/><input type=\"hidden\" name=\"_wp_http_referer\" value=\"\/en\/wp-json\/wp\/v2\/pages\/50\" \/><div data-type=\"name-element\" data-name=\"names\" class=\" ff-field_container ff-name-field-wrapper\" ><div class='ff-t-container'><div class='ff-t-cell '><div class='ff-el-group'><div class=\"ff-el-input--label ff-el-is-required asterisk-right\"><label for='ff_1_names_first_name_' id='label_ff_1_names_first_name_' >Ad\u0131n\u0131z<\/label><\/div><div class='ff-el-input--content'><input type=\"text\" name=\"names[first_name]\" id=\"ff_1_names_first_name_\" class=\"ff-el-form-control\" aria-invalid=\"false\" aria-required=true><\/div><\/div><\/div><div class='ff-t-cell '><div class='ff-el-group'><div class=\"ff-el-input--label ff-el-is-required asterisk-right\"><label for='ff_1_names_last_name_' id='label_ff_1_names_last_name_' >Soyad\u0131n\u0131z<\/label><\/div><div class='ff-el-input--content'><input type=\"text\" name=\"names[last_name]\" id=\"ff_1_names_last_name_\" class=\"ff-el-form-control\" aria-invalid=\"false\" aria-required=true><\/div><\/div><\/div><\/div><\/div><div class='ff-el-group'><div class=\"ff-el-input--label ff-el-is-required asterisk-right\"><label for='ff_1_email' id='label_ff_1_email' aria-label=\"Email Adresiniz\">Email Adresiniz<\/label><\/div><div class='ff-el-input--content'><input type=\"email\" name=\"email\" id=\"ff_1_email\" class=\"ff-el-form-control\" placeholder=\"Ge\u00e7erli bir mail adresi giriniz\" data-name=\"email\"  aria-invalid=\"false\" aria-required=true><\/div><\/div><div class='ff-el-group'><div class=\"ff-el-input--label ff-el-is-required asterisk-right\"><label for='ff_1_dropdown' id='label_ff_1_dropdown' aria-label=\"Hizmet Talebiniz\">Hizmet Talebiniz<\/label><\/div><div class='ff-el-input--content'><select name=\"dropdown\" id=\"ff_1_dropdown\" class=\"ff-el-form-control\" data-name=\"dropdown\" data-calc_value=\"0\"  aria-invalid=\"false\" aria-required=\"true\" aria-labelledby=\"label_ff_1_dropdown\"><option value=\"\">- L\u00fctfen Konu Se\u00e7iniz -<\/option><option value=\"\u0130cra ve \u0130flas Hukuku \"  >\u0130cra ve \u0130flas Hukuku<\/option><option value=\"Uluslararas\u0131 Hukuk \"  >Uluslararas\u0131 Hukuk<\/option><option value=\"Aile ve Ki\u015filer Hukuku \"  >Aile ve Ki\u015filer Hukuku<\/option><option value=\"Miras Hukuku \"  >Miras Hukuku<\/option><option value=\"\u015eirketler ve Ticaret Hukuku \"  >\u015eirketler ve Ticaret Hukuku<\/option><option value=\"Fikri ve S\u0131nai M\u00fclkiyet Hukuku \"  >Fikri ve S\u0131nai M\u00fclkiyet Hukuku<\/option><option value=\"Yabanc\u0131lar Hukuku \"  >Yabanc\u0131lar Hukuku<\/option><option value=\"Ceza Hukuku \"  >Ceza Hukuku<\/option><option value=\"Gayrimenkul ve Kira Hukuku\"  >Gayrimenkul ve Kira Hukuku<\/option><option value=\"\u0130\u015f ve Sosyal G\u00fcvenlik Hukuku \"  >\u0130\u015f ve Sosyal G\u00fcvenlik Hukuku<\/option><option value=\"Ticari S\u00f6zle\u015fmeler ve S\u00f6zle\u015fme Y\u00f6netimi \"  >Ticari S\u00f6zle\u015fmeler ve S\u00f6zle\u015fme Y\u00f6netimi<\/option><option value=\"Konstelasyon \u00c7al\u0131\u015fmalar\u0131 \"  >Konstelasyon \u00c7al\u0131\u015fmalar\u0131<\/option><\/select><\/div><\/div><div class='ff-el-group'><div class=\"ff-el-input--label ff-el-is-required asterisk-right\"><label for='ff_1_message' id='label_ff_1_message' aria-label=\"Mesaj\u0131n\u0131z\">Mesaj\u0131n\u0131z<\/label><\/div><div class='ff-el-input--content'><textarea aria-required=\"true\" aria-labelledby=\"label_ff_1_message\" name=\"message\" id=\"ff_1_message\" class=\"ff-el-form-control\" placeholder=\"L\u00fctfen talebinizle ilgili \u00f6zet olarak detay veriniz.\" rows=\"4\" cols=\"2\" data-name=\"message\" ><\/textarea><\/div><\/div><div class='ff-el-group    ff-el-input--content'><div class='ff-el-form-check ff-el-tc'><label aria-label='Terms and Conditions: Ki\u015fisel verileriniz Ayd\u0131nlatma Metni kapsam\u0131nda i\u015flenmektedir. Kaydet butonuna basarak bilgilerinizi sisteme g\u00f6nderdi\u011finizde A\u00e7\u0131k R\u0131za Metnini okudu\u011funuzu ve kabul etti\u011finizi onaylamaktas\u0131n\u0131z. Contains 2 links. Use tab navigation to review.' class='ff-el-form-check-label ff_tc_label' for=terms-n-condition_b8c96bd1f8af67febf0a37e51ca0b3be><span class='ff_tc_checkbox'><input type=\"checkbox\" name=\"terms-n-condition\" class=\"ff-el-form-check-input\" data-name=\"terms-n-condition\" id=\"terms-n-condition_b8c96bd1f8af67febf0a37e51ca0b3be\"  value='on' aria-invalid='false' aria-required=true><\/span> <div class='ff_t_c'><p>Ki\u015fisel verileriniz <a href=\"#\" target=\"_blank\" rel=\"noopener\">Ayd\u0131nlatma Metni<\/a> kapsam\u0131nda i\u015flenmektedir. Kaydet butonuna basarak bilgilerinizi sisteme g\u00f6nderdi\u011finizde <a href=\"#\" target=\"_blank\" rel=\"noopener\">A\u00e7\u0131k R\u0131za Metnini<\/a> okudu\u011funuzu ve kabul etti\u011finizi onaylamaktas\u0131n\u0131z.<\/p><\/div><\/label><\/div><\/div><div class='ff-el-group ff-text-left ff_submit_btn_wrapper'><button type=\"submit\" class=\"ff-btn ff-btn-submit ff-btn-md ff_btn_style wpf_has_custom_css\"  aria-label=\"G\u00d6NDER\">G\u00d6NDER<\/button><\/div><\/fieldset><\/form><div id='fluentform_1_errors' class='ff-errors-in-stack ff_form_instance_1_1 ff-form-loading_errors ff_form_instance_1_1_errors'><\/div><\/div>            <script type=\"text\/javascript\">\n                window.fluent_form_ff_form_instance_1_1 = {\"id\":\"1\",\"ajaxUrl\":\"https:\\\/\\\/iyiolhukuk.com\\\/wp-admin\\\/admin-ajax.php\",\"settings\":{\"layout\":{\"labelPlacement\":\"top\",\"helpMessagePlacement\":\"with_label\",\"errorMessagePlacement\":\"inline\",\"cssClassName\":\"\",\"asteriskPlacement\":\"asterisk-right\"},\"restrictions\":{\"denyEmptySubmission\":{\"enabled\":false}}},\"form_instance\":\"ff_form_instance_1_1\",\"form_id_selector\":\"fluentform_1\",\"rules\":{\"names[first_name]\":{\"required\":{\"value\":true,\"message\":\"Bu alan gereklidir\",\"global\":false,\"global_message\":\"This field is required\"}},\"names[middle_name]\":{\"required\":{\"value\":false,\"message\":\"This field is required\",\"global\":false,\"global_message\":\"This field is required\"}},\"names[last_name]\":{\"required\":{\"value\":true,\"message\":\"Bu alan gereklidir.\",\"global\":false,\"global_message\":\"This field is required\"}},\"email\":{\"required\":{\"value\":true,\"message\":\"Bu alan gereklidir\",\"global\":false,\"global_message\":\"This field is required\"},\"email\":{\"value\":true,\"message\":\"Mail adresinizi kontrol ediniz\",\"global\":false,\"global_message\":\"This field must contain a valid email\"}},\"dropdown\":{\"required\":{\"value\":true,\"message\":\"Bu alandaki se\\u00e7im gereklidir.\",\"global_message\":\"This field is required\",\"global\":false}},\"message\":{\"required\":{\"value\":true,\"message\":\"Bu alan gereklidir\",\"global\":false,\"global_message\":\"This field is required\"}},\"terms-n-condition\":{\"required\":{\"value\":true,\"message\":\"Bu alan gereklidir!\",\"global_message\":\"This field is required\",\"global\":false}}},\"debounce_time\":300};\n                            <\/script>\n                        <\/div>\n\n            \t\t\t\t<\/div>\n\t\t\t\t<\/div>\n\t\t\t\t\t<\/div>\n\t\t\t\t<\/div>\n\t\t\t\t<\/div>\n\t\t","protected":false},"excerpt":{"rendered":"<p>Ofis Adresimiz Mimar Sinan Mahallesi Kale Apartman\u0131 6044. Sokak No:1 B Manavgat \/\u00a0Antalya Telefonumuz 0546 587 13 33 \u0130leti\u015fim Formu Ad\u0131n\u0131zSoyad\u0131n\u0131zEmail AdresinizHizmet Talebiniz&#8211; L\u00fctfen Konu Se\u00e7iniz &#8211;\u0130cra ve \u0130flas HukukuUluslararas\u0131 HukukAile ve Ki\u015filer HukukuMiras Hukuku\u015eirketler ve Ticaret HukukuFikri ve S\u0131nai M\u00fclkiyet HukukuYabanc\u0131lar HukukuCeza HukukuGayrimenkul ve Kira Hukuku\u0130\u015f ve Sosyal G\u00fcvenlik HukukuTicari S\u00f6zle\u015fmeler ve S\u00f6zle\u015fme Y\u00f6netimiKonstelasyon&#8230;<\/p>","protected":false},"author":1,"featured_media":0,"parent":0,"menu_order":0,"comment_status":"closed","ping_status":"closed","template":"template-builder.php","meta":{"footnotes":""},"class_list":["post-50","page","type-page","status-publish","hentry"],"yoast_head":"<!-- This site is optimized with the Yoast SEO plugin v27.4 - https:\/\/yoast.com\/product\/yoast-seo-wordpress\/ -->\n<title>\u0130leti\u015fim - \u0130yiol Hukuk | Avukat \u00dcmm\u00fc\u015fen \u0130yiol<\/title>\n<meta name=\"robots\" content=\"index, follow, max-snippet:-1, max-image-preview:large, max-video-preview:-1\" \/>\n<link rel=\"canonical\" href=\"https:\/\/iyiolhukuk.com\/en\/iletisim\/\" \/>\n<meta property=\"og:locale\" content=\"en_GB\" \/>\n<meta property=\"og:type\" content=\"article\" \/>\n<meta property=\"og:title\" content=\"\u0130leti\u015fim - \u0130yiol Hukuk | Avukat \u00dcmm\u00fc\u015fen \u0130yiol\" \/>\n<meta property=\"og:description\" content=\"Ofis Adresimiz Mimar Sinan Mahallesi Kale Apartman\u0131 6044. Sokak No:1 B Manavgat \/\u00a0Antalya Telefonumuz 0546 587 13 33 \u0130leti\u015fim Formu Ad\u0131n\u0131zSoyad\u0131n\u0131zEmail AdresinizHizmet Talebiniz&#8211; L\u00fctfen Konu Se\u00e7iniz &#8211;\u0130cra ve \u0130flas HukukuUluslararas\u0131 HukukAile ve Ki\u015filer HukukuMiras Hukuku\u015eirketler ve Ticaret HukukuFikri ve S\u0131nai M\u00fclkiyet HukukuYabanc\u0131lar HukukuCeza HukukuGayrimenkul ve Kira Hukuku\u0130\u015f ve Sosyal G\u00fcvenlik HukukuTicari S\u00f6zle\u015fmeler ve S\u00f6zle\u015fme Y\u00f6netimiKonstelasyon...\" \/>\n<meta property=\"og:url\" content=\"https:\/\/iyiolhukuk.com\/en\/iletisim\/\" \/>\n<meta property=\"og:site_name\" content=\"\u0130yiol Hukuk | Avukat \u00dcmm\u00fc\u015fen \u0130yiol\" \/>\n<meta property=\"article:modified_time\" content=\"2025-06-06T08:56:29+00:00\" \/>\n<meta name=\"twitter:card\" content=\"summary_large_image\" \/>\n<script type=\"application\/ld+json\" class=\"yoast-schema-graph\">{\"@context\":\"https:\\\/\\\/schema.org\",\"@graph\":[{\"@type\":\"WebPage\",\"@id\":\"https:\\\/\\\/iyiolhukuk.com\\\/iletisim\\\/\",\"url\":\"https:\\\/\\\/iyiolhukuk.com\\\/iletisim\\\/\",\"name\":\"\u0130leti\u015fim - \u0130yiol Hukuk | Avukat \u00dcmm\u00fc\u015fen \u0130yiol\",\"isPartOf\":{\"@id\":\"https:\\\/\\\/iyiolhukuk.com\\\/#website\"},\"datePublished\":\"2024-12-17T05:23:10+00:00\",\"dateModified\":\"2025-06-06T08:56:29+00:00\",\"breadcrumb\":{\"@id\":\"https:\\\/\\\/iyiolhukuk.com\\\/iletisim\\\/#breadcrumb\"},\"inLanguage\":\"en-GB\",\"potentialAction\":[{\"@type\":\"ReadAction\",\"target\":[\"https:\\\/\\\/iyiolhukuk.com\\\/iletisim\\\/\"]}]},{\"@type\":\"BreadcrumbList\",\"@id\":\"https:\\\/\\\/iyiolhukuk.com\\\/iletisim\\\/#breadcrumb\",\"itemListElement\":[{\"@type\":\"ListItem\",\"position\":1,\"name\":\"Anasayfa\",\"item\":\"https:\\\/\\\/iyiolhukuk.com\\\/\"},{\"@type\":\"ListItem\",\"position\":2,\"name\":\"\u0130leti\u015fim\"}]},{\"@type\":\"WebSite\",\"@id\":\"https:\\\/\\\/iyiolhukuk.com\\\/#website\",\"url\":\"https:\\\/\\\/iyiolhukuk.com\\\/\",\"name\":\"\u0130yi Ol Hukuk | \u00dcmm\u00fc\u015fen \u0130yiol\",\"description\":\"Hukuki haklar\u0131n\u0131z\u0131 korumak i\u00e7in yan\u0131n\u0131zday\u0131z\",\"publisher\":{\"@id\":\"https:\\\/\\\/iyiolhukuk.com\\\/#organization\"},\"potentialAction\":[{\"@type\":\"SearchAction\",\"target\":{\"@type\":\"EntryPoint\",\"urlTemplate\":\"https:\\\/\\\/iyiolhukuk.com\\\/?s={search_term_string}\"},\"query-input\":{\"@type\":\"PropertyValueSpecification\",\"valueRequired\":true,\"valueName\":\"search_term_string\"}}],\"inLanguage\":\"en-GB\"},{\"@type\":\"Organization\",\"@id\":\"https:\\\/\\\/iyiolhukuk.com\\\/#organization\",\"name\":\"\u0130yi Ol Hukuk | \u00dcmm\u00fc\u015fen \u0130yiol\",\"url\":\"https:\\\/\\\/iyiolhukuk.com\\\/\",\"logo\":{\"@type\":\"ImageObject\",\"inLanguage\":\"en-GB\",\"@id\":\"https:\\\/\\\/iyiolhukuk.com\\\/#\\\/schema\\\/logo\\\/image\\\/\",\"url\":\"https:\\\/\\\/iyiolhukuk.com\\\/wp-content\\\/uploads\\\/2024\\\/12\\\/Iyiol-Hukuk-Logo.webp\",\"contentUrl\":\"https:\\\/\\\/iyiolhukuk.com\\\/wp-content\\\/uploads\\\/2024\\\/12\\\/Iyiol-Hukuk-Logo.webp\",\"width\":500,\"height\":251,\"caption\":\"\u0130yi Ol Hukuk | \u00dcmm\u00fc\u015fen \u0130yiol\"},\"image\":{\"@id\":\"https:\\\/\\\/iyiolhukuk.com\\\/#\\\/schema\\\/logo\\\/image\\\/\"}}]}<\/script>\n<!-- \/ Yoast SEO plugin. -->","yoast_head_json":{"title":"\u0130leti\u015fim - \u0130yiol Hukuk | Avukat \u00dcmm\u00fc\u015fen \u0130yiol","robots":{"index":"index","follow":"follow","max-snippet":"max-snippet:-1","max-image-preview":"max-image-preview:large","max-video-preview":"max-video-preview:-1"},"canonical":"https:\/\/iyiolhukuk.com\/en\/iletisim\/","og_locale":"en_GB","og_type":"article","og_title":"\u0130leti\u015fim - \u0130yiol Hukuk | Avukat \u00dcmm\u00fc\u015fen \u0130yiol","og_description":"Ofis Adresimiz Mimar Sinan Mahallesi Kale Apartman\u0131 6044. Sokak No:1 B Manavgat \/\u00a0Antalya Telefonumuz 0546 587 13 33 \u0130leti\u015fim Formu Ad\u0131n\u0131zSoyad\u0131n\u0131zEmail AdresinizHizmet Talebiniz&#8211; L\u00fctfen Konu Se\u00e7iniz &#8211;\u0130cra ve \u0130flas HukukuUluslararas\u0131 HukukAile ve Ki\u015filer HukukuMiras Hukuku\u015eirketler ve Ticaret HukukuFikri ve S\u0131nai M\u00fclkiyet HukukuYabanc\u0131lar HukukuCeza HukukuGayrimenkul ve Kira Hukuku\u0130\u015f ve Sosyal G\u00fcvenlik HukukuTicari S\u00f6zle\u015fmeler ve S\u00f6zle\u015fme Y\u00f6netimiKonstelasyon...","og_url":"https:\/\/iyiolhukuk.com\/en\/iletisim\/","og_site_name":"\u0130yiol Hukuk | Avukat \u00dcmm\u00fc\u015fen \u0130yiol","article_modified_time":"2025-06-06T08:56:29+00:00","twitter_card":"summary_large_image","schema":{"@context":"https:\/\/schema.org","@graph":[{"@type":"WebPage","@id":"https:\/\/iyiolhukuk.com\/iletisim\/","url":"https:\/\/iyiolhukuk.com\/iletisim\/","name":"\u0130leti\u015fim - \u0130yiol Hukuk | Avukat \u00dcmm\u00fc\u015fen \u0130yiol","isPartOf":{"@id":"https:\/\/iyiolhukuk.com\/#website"},"datePublished":"2024-12-17T05:23:10+00:00","dateModified":"2025-06-06T08:56:29+00:00","breadcrumb":{"@id":"https:\/\/iyiolhukuk.com\/iletisim\/#breadcrumb"},"inLanguage":"en-GB","potentialAction":[{"@type":"ReadAction","target":["https:\/\/iyiolhukuk.com\/iletisim\/"]}]},{"@type":"BreadcrumbList","@id":"https:\/\/iyiolhukuk.com\/iletisim\/#breadcrumb","itemListElement":[{"@type":"ListItem","position":1,"name":"Anasayfa","item":"https:\/\/iyiolhukuk.com\/"},{"@type":"ListItem","position":2,"name":"\u0130leti\u015fim"}]},{"@type":"WebSite","@id":"https:\/\/iyiolhukuk.com\/#website","url":"https:\/\/iyiolhukuk.com\/","name":"\u0130yi Ol Hukuk | \u00dcmm\u00fc\u015fen \u0130yiol","description":"Hukuki haklar\u0131n\u0131z\u0131 korumak i\u00e7in yan\u0131n\u0131zday\u0131z","publisher":{"@id":"https:\/\/iyiolhukuk.com\/#organization"},"potentialAction":[{"@type":"SearchAction","target":{"@type":"EntryPoint","urlTemplate":"https:\/\/iyiolhukuk.com\/?s={search_term_string}"},"query-input":{"@type":"PropertyValueSpecification","valueRequired":true,"valueName":"search_term_string"}}],"inLanguage":"en-GB"},{"@type":"Organization","@id":"https:\/\/iyiolhukuk.com\/#organization","name":"\u0130yi Ol Hukuk | \u00dcmm\u00fc\u015fen \u0130yiol","url":"https:\/\/iyiolhukuk.com\/","logo":{"@type":"ImageObject","inLanguage":"en-GB","@id":"https:\/\/iyiolhukuk.com\/#\/schema\/logo\/image\/","url":"https:\/\/iyiolhukuk.com\/wp-content\/uploads\/2024\/12\/Iyiol-Hukuk-Logo.webp","contentUrl":"https:\/\/iyiolhukuk.com\/wp-content\/uploads\/2024\/12\/Iyiol-Hukuk-Logo.webp","width":500,"height":251,"caption":"\u0130yi Ol Hukuk | \u00dcmm\u00fc\u015fen \u0130yiol"},"image":{"@id":"https:\/\/iyiolhukuk.com\/#\/schema\/logo\/image\/"}}]}},"_links":{"self":[{"href":"https:\/\/iyiolhukuk.com\/en\/wp-json\/wp\/v2\/pages\/50","targetHints":{"allow":["GET"]}}],"collection":[{"href":"https:\/\/iyiolhukuk.com\/en\/wp-json\/wp\/v2\/pages"}],"about":[{"href":"https:\/\/iyiolhukuk.com\/en\/wp-json\/wp\/v2\/types\/page"}],"author":[{"embeddable":true,"href":"https:\/\/iyiolhukuk.com\/en\/wp-json\/wp\/v2\/users\/1"}],"replies":[{"embeddable":true,"href":"https:\/\/iyiolhukuk.com\/en\/wp-json\/wp\/v2\/comments?post=50"}],"version-history":[{"count":20,"href":"https:\/\/iyiolhukuk.com\/en\/wp-json\/wp\/v2\/pages\/50\/revisions"}],"predecessor-version":[{"id":4757,"href":"https:\/\/iyiolhukuk.com\/en\/wp-json\/wp\/v2\/pages\/50\/revisions\/4757"}],"wp:attachment":[{"href":"https:\/\/iyiolhukuk.com\/en\/wp-json\/wp\/v2\/media?parent=50"}],"curies":[{"name":"wp","href":"https:\/\/api.w.org\/{rel}","templated":true}]}}