{"id":4591,"date":"2025-06-06T02:08:49","date_gmt":"2025-06-05T23:08:49","guid":{"rendered":"https:\/\/iyiolhukuk.com\/?page_id=4591"},"modified":"2025-06-06T03:09:15","modified_gmt":"2025-06-06T00:09:15","slug":"sigorta-hukuku","status":"publish","type":"page","link":"https:\/\/iyiolhukuk.com\/en\/sigorta-hukuku\/","title":{"rendered":"Insurance Law"},"content":{"rendered":"<div data-elementor-type=\"wp-page\" data-elementor-id=\"4591\" class=\"elementor elementor-4591\">\n\t\t\t\t<div class=\"elementor-element elementor-element-2e426df e-flex e-con-boxed e-con e-parent\" data-id=\"2e426df\" data-element_type=\"container\">\n\t\t\t\t\t<div class=\"e-con-inner\">\n\t\t<div class=\"elementor-element elementor-element-c847a3a e-con-full e-flex e-con e-child\" data-id=\"c847a3a\" data-element_type=\"container\">\n\t\t\t\t<div class=\"elementor-element elementor-element-5babf74 elementor-widget elementor-widget-heading\" data-id=\"5babf74\" data-element_type=\"widget\" data-widget_type=\"heading.default\">\n\t\t\t\t<div class=\"elementor-widget-container\">\n\t\t\t\t\t<h2 class=\"elementor-heading-title elementor-size-default\">Insurance Law<\/h2>\t\t\t\t<\/div>\n\t\t\t\t<\/div>\n\t\t\t\t<div class=\"elementor-element elementor-element-4edacb9 elementor-widget elementor-widget-image\" data-id=\"4edacb9\" data-element_type=\"widget\" data-widget_type=\"image.default\">\n\t\t\t\t<div class=\"elementor-widget-container\">\n\t\t\t\t\t\t\t\t\t\t\t\t\t\t\t<img fetchpriority=\"high\" decoding=\"async\" width=\"1280\" height=\"853\" src=\"https:\/\/iyiolhukuk.com\/wp-content\/uploads\/2025\/06\/sigorta-hukuku.webp\" class=\"attachment-full size-full wp-image-4599\" alt=\"sigorta-hukuku\" srcset=\"https:\/\/iyiolhukuk.com\/wp-content\/uploads\/2025\/06\/sigorta-hukuku.webp 1280w, https:\/\/iyiolhukuk.com\/wp-content\/uploads\/2025\/06\/sigorta-hukuku-300x200.webp 300w, https:\/\/iyiolhukuk.com\/wp-content\/uploads\/2025\/06\/sigorta-hukuku-1024x682.webp 1024w, https:\/\/iyiolhukuk.com\/wp-content\/uploads\/2025\/06\/sigorta-hukuku-768x512.webp 768w, https:\/\/iyiolhukuk.com\/wp-content\/uploads\/2025\/06\/sigorta-hukuku-600x400.webp 600w\" sizes=\"(max-width: 1280px) 100vw, 1280px\" \/>\t\t\t\t\t\t\t\t\t\t\t\t\t\t\t<\/div>\n\t\t\t\t<\/div>\n\t\t\r\n\t\t<div class=\"elementor-element elementor-element-5db7b3d elementor-widget elementor-widget-text-editor\" data-id=\"5db7b3d\" data-element_type=\"widget\" data-widget_type=\"text-editor.default\">\n\t\t\t\t<div class=\"elementor-widget-container\">\n\t\t\t\t\t\t\t\t\t<div><p>Insurance Law, as a set of rules regulating insurance activities, deals with the relationships, contract provisions and possible disputes between the insurer and the insured on a legal basis. As \u0130yiol Law, we closely follow the rapid development and increasing legal needs in the insurance sector; we offer comprehensive consultancy and representation services on insurance law with our lawyers who have deep knowledge and experience in this field.<\/p><p>We operate in a wide range of areas from the preparation, review and interpretation of insurance contracts to the protection of the rights of insurance companies, insureds, intermediary institutions and injured third parties. Our law firm successfully carries out legal processes related to all types of compulsory and optional insurance such as traffic insurance (Compulsory Liability Insurance), motor insurance, employer liability insurance, professional liability insurance, fire, earthquake, life, health, agriculture and personal accident insurance.<\/p><p>Issues such as risks that are controversial whether they are covered by insurance, deficiencies in declarations, compensation amounts, fault rates, interpretation and validity of policies, etc. frequently lead to insurance disputes. We effectively represent our clients in such disputes; we meticulously use arbitration, mediation or litigation channels to resolve disputes with insurance companies as quickly as possible.<\/p><p>We protect the rights of both the insured and the injured third parties, especially in compensation claims arising from traffic accidents, disability, death, fire and natural disasters; we provide expert support on technical issues such as damage assessment, recourse rights and the scope of insurance coverage.<\/p><p>As \u0130yiol Law, we provide legal support at every stage regarding insurance coverage, liability and policy interpretations; we ensure that our clients complete the process without losing their rights. In the field of insurance law, which requires a high level of expertise; we stand by our clients with our mastery of current legislation, solution-oriented approach and experienced staff.<\/p><p>The main services we offer within the scope of Insurance Law:<\/p><ul><li>Preparation and auditing of insurance contracts<\/li><li>Applications for arbitration and mediation<\/li><li>Insurance claims and compensation cases<\/li><li>Life, health, disability and personal accident insurance disputes<\/li><li>Damage and compensation cases related to traffic accidents<\/li><li>Cases related to fire and natural disaster insurance<\/li><li>Car insurance, aviation and marine insurance disputes<\/li><li>Recourse and damage claims under liability insurance<\/li><li>As \u0130yiol Law, we are at your side with our strong legal representation and consultancy service in all matters related to insurance law.<\/li><\/ul><\/div>\t\t\t\t\t\t\t\t<\/div>\n\t\t\t\t<\/div>\n\t\t\t\t<\/div>\n\t\t<div class=\"elementor-element elementor-element-932d58e e-con-full e-flex e-con e-child\" data-id=\"932d58e\" data-element_type=\"container\">\n\t\t\t\t<div class=\"elementor-element elementor-element-6644847 elementor-widget elementor-widget-ensafservicelist\" data-id=\"6644847\" data-element_type=\"widget\" data-widget_type=\"ensafservicelist.default\">\n\t\t\t\t<div class=\"elementor-widget-container\">\n\t\t\t\t\t<div class=\"widget widget_categories\"><h3 class=\"widget_title\">All Our Services<\/h3><ul><li><a href=\"\/en\/turizm-hukuku\/\">Tourism Law<\/a><span><i class=\"fa-sharp fa-light fa-arrow-right\"><\/i><\/span><\/li><li><a href=\"\/en\/icra-iflas-hukuku\/\">Execution and Bankruptcy Law<\/a><span><i class=\"fa-sharp fa-light fa-arrow-right\"><\/i><\/span><\/li><li><a href=\"\/en\/uluslararasi-hukuk\/\">International law<\/a><span><i class=\"fa-sharp fa-light fa-arrow-right\"><\/i><\/span><\/li><li><a href=\"\/en\/aile-ve-kisiler-hukuku\/\">Family and Personal Law<\/a><span><i class=\"fa-sharp fa-light fa-arrow-right\"><\/i><\/span><\/li><li><a href=\"\/en\/miras-hukuku\/\">Inheritance Law<\/a><span><i class=\"fa-sharp fa-light fa-arrow-right\"><\/i><\/span><\/li><li><a href=\"\/en\/sirketler-ve-ticaret-hukuku\/\">Corporate and Commercial Law<\/a><span><i class=\"fa-sharp fa-light fa-arrow-right\"><\/i><\/span><\/li><li><a href=\"\/en\/fikri-ve-sinai-mulkiyet-hukuku%20\/\">Intellectual and Industrial Property Law<\/a><span><i class=\"fa-sharp fa-light fa-arrow-right\"><\/i><\/span><\/li><li><a href=\"\/en\/yabancilar-hukuku\/\">Foreigners Law<\/a><span><i class=\"fa-sharp fa-light fa-arrow-right\"><\/i><\/span><\/li><li><a href=\"\/en\/ceza-hukuku\/\">Criminal law<\/a><span><i class=\"fa-sharp fa-light fa-arrow-right\"><\/i><\/span><\/li><li><a href=\"\/en\/gayrimenkul-ve-kira-hukuku\/\">Real Estate and Tenancy Law<\/a><span><i class=\"fa-sharp fa-light fa-arrow-right\"><\/i><\/span><\/li><li><a href=\"\/en\/is-ve-sosyal-guvenlik-hukuku%20\/\">Labor and Social Security Law<\/a><span><i class=\"fa-sharp fa-light fa-arrow-right\"><\/i><\/span><\/li><li><a href=\"\/en\/ticari-sozlesmeler-ve-sozlesme-yonetimi\/\">Commercial Contracts and Contract Management<\/a><span><i class=\"fa-sharp fa-light fa-arrow-right\"><\/i><\/span><\/li><li><a href=\"\/en\/sigorta-hukuku\/\">Insurance Law<\/a><span><i class=\"fa-sharp fa-light fa-arrow-right\"><\/i><\/span><\/li><\/ul><\/div>\t\t\t\t<\/div>\n\t\t\t\t<\/div>\n\t\t\t\t<div class=\"elementor-element elementor-element-da947e5 elementor-widget elementor-widget-ensafcontactinfo\" data-id=\"da947e5\" data-element_type=\"widget\" data-widget_type=\"ensafcontactinfo.default\">\n\t\t\t\t<div class=\"elementor-widget-container\">\n\t\t\t\t\t<div class=\"widget widget_call\"><div class=\"widget-call\"><p class=\"box_text\">You can contact us for your legal support requests.<\/p><div class=\"widget_call\"><div class=\"info-box\"><div class=\"info-box_icon\"><i class=\"fas fa-phone\"><\/i><\/div><div><span class=\"info-box_subtitle\">Telephone<\/span><p class=\"info-box_text\"><a href=\"tel:05465871333\" class=\"info-box_link\">0546 587 13 33<\/a><\/p><\/div><\/div><div class=\"info-box\"><div class=\"info-box_icon\"><i class=\"fas fa-envelope\"><\/i><\/div><div><span class=\"info-box_subtitle\">Email<\/span><p class=\"info-box_text\"><a href=\"mailto:ummusen@iyiolhukuk.com\" class=\"info-box_link\">ummusen@iyiolhukuk.com<\/a><\/p><\/div><\/div><div class=\"info-box\"><div class=\"info-box_icon\"><i class=\"fa-solid fa-location-dot\"><\/i><\/div><div><span class=\"info-box_subtitle\">Office Address<\/span><p class=\"info-box_text\">Mimar Sinan Neighborhood Kale Apartment 6044. Street No:1 B Manavgat \/ Antalya<br><br><\/p><\/div><\/div><\/div><\/div><\/div>\t\t\t\t<\/div>\n\t\t\t\t<\/div>\n\t\t\t\t<\/div>\n\t\t\t\t\t<\/div>\n\t\t\t\t<\/div>\n\t\t\t\t<\/div>","protected":false},"excerpt":{"rendered":"<p>Sigorta Hukuku Sigorta Hukuku, sigortac\u0131l\u0131k faaliyetlerini d\u00fczenleyen kurallar b\u00fct\u00fcn\u00fc olarak, sigortac\u0131 ile sigortal\u0131 aras\u0131ndaki ili\u015fkileri, s\u00f6zle\u015fme h\u00fck\u00fcmlerini ve olas\u0131 uyu\u015fmazl\u0131klar\u0131 hukuki zeminde ele al\u0131r. \u0130yiol Hukuk olarak, sigorta sekt\u00f6r\u00fcndeki h\u0131zl\u0131 geli\u015fimi ve artan hukuki ihtiya\u00e7lar\u0131 yak\u0131ndan takip ediyor; bu alanda derin bilgi birikimine ve deneyime sahip avukatlar\u0131m\u0131zla sigorta hukukuna dair kapsaml\u0131 dan\u0131\u015fmanl\u0131k ve temsil hizmetleri&#8230;<\/p>","protected":false},"author":1,"featured_media":0,"parent":0,"menu_order":0,"comment_status":"closed","ping_status":"closed","template":"template-builder.php","meta":{"footnotes":""},"class_list":["post-4591","page","type-page","status-publish","hentry"],"yoast_head":"<!-- This site is optimized with the Yoast SEO plugin v27.4 - https:\/\/yoast.com\/product\/yoast-seo-wordpress\/ -->\n<title>Sigorta Hukuku - \u0130yiol Hukuk | Avukat \u00dcmm\u00fc\u015fen \u0130yiol<\/title>\n<meta name=\"robots\" content=\"index, follow, max-snippet:-1, max-image-preview:large, max-video-preview:-1\" \/>\n<link rel=\"canonical\" href=\"https:\/\/iyiolhukuk.com\/en\/sigorta-hukuku\/\" \/>\n<meta property=\"og:locale\" content=\"en_GB\" \/>\n<meta property=\"og:type\" content=\"article\" \/>\n<meta property=\"og:title\" content=\"Sigorta Hukuku - \u0130yiol Hukuk | Avukat \u00dcmm\u00fc\u015fen \u0130yiol\" \/>\n<meta property=\"og:description\" content=\"Sigorta Hukuku Sigorta Hukuku, sigortac\u0131l\u0131k faaliyetlerini d\u00fczenleyen kurallar b\u00fct\u00fcn\u00fc olarak, sigortac\u0131 ile sigortal\u0131 aras\u0131ndaki ili\u015fkileri, s\u00f6zle\u015fme h\u00fck\u00fcmlerini ve olas\u0131 uyu\u015fmazl\u0131klar\u0131 hukuki zeminde ele al\u0131r. \u0130yiol Hukuk olarak, sigorta sekt\u00f6r\u00fcndeki h\u0131zl\u0131 geli\u015fimi ve artan hukuki ihtiya\u00e7lar\u0131 yak\u0131ndan takip ediyor; bu alanda derin bilgi birikimine ve deneyime sahip avukatlar\u0131m\u0131zla sigorta hukukuna dair kapsaml\u0131 dan\u0131\u015fmanl\u0131k ve temsil hizmetleri...\" \/>\n<meta property=\"og:url\" content=\"https:\/\/iyiolhukuk.com\/en\/sigorta-hukuku\/\" \/>\n<meta property=\"og:site_name\" content=\"\u0130yiol Hukuk | Avukat \u00dcmm\u00fc\u015fen \u0130yiol\" \/>\n<meta property=\"article:modified_time\" content=\"2025-06-06T00:09:15+00:00\" \/>\n<meta property=\"og:image\" content=\"https:\/\/iyiolhukuk.com\/wp-content\/uploads\/2025\/06\/sigorta-hukuku.webp\" \/>\n\t<meta property=\"og:image:width\" content=\"1280\" \/>\n\t<meta property=\"og:image:height\" content=\"853\" \/>\n\t<meta property=\"og:image:type\" content=\"image\/webp\" \/>\n<meta name=\"twitter:card\" content=\"summary_large_image\" \/>\n<script type=\"application\/ld+json\" class=\"yoast-schema-graph\">{\"@context\":\"https:\\\/\\\/schema.org\",\"@graph\":[{\"@type\":\"WebPage\",\"@id\":\"https:\\\/\\\/iyiolhukuk.com\\\/sigorta-hukuku\\\/\",\"url\":\"https:\\\/\\\/iyiolhukuk.com\\\/sigorta-hukuku\\\/\",\"name\":\"Sigorta Hukuku - \u0130yiol Hukuk | Avukat \u00dcmm\u00fc\u015fen \u0130yiol\",\"isPartOf\":{\"@id\":\"https:\\\/\\\/iyiolhukuk.com\\\/#website\"},\"primaryImageOfPage\":{\"@id\":\"https:\\\/\\\/iyiolhukuk.com\\\/sigorta-hukuku\\\/#primaryimage\"},\"image\":{\"@id\":\"https:\\\/\\\/iyiolhukuk.com\\\/sigorta-hukuku\\\/#primaryimage\"},\"thumbnailUrl\":\"https:\\\/\\\/iyiolhukuk.com\\\/wp-content\\\/uploads\\\/2025\\\/06\\\/sigorta-hukuku.webp\",\"datePublished\":\"2025-06-05T23:08:49+00:00\",\"dateModified\":\"2025-06-06T00:09:15+00:00\",\"breadcrumb\":{\"@id\":\"https:\\\/\\\/iyiolhukuk.com\\\/sigorta-hukuku\\\/#breadcrumb\"},\"inLanguage\":\"en-GB\",\"potentialAction\":[{\"@type\":\"ReadAction\",\"target\":[\"https:\\\/\\\/iyiolhukuk.com\\\/sigorta-hukuku\\\/\"]}]},{\"@type\":\"ImageObject\",\"inLanguage\":\"en-GB\",\"@id\":\"https:\\\/\\\/iyiolhukuk.com\\\/sigorta-hukuku\\\/#primaryimage\",\"url\":\"https:\\\/\\\/iyiolhukuk.com\\\/wp-content\\\/uploads\\\/2025\\\/06\\\/sigorta-hukuku.webp\",\"contentUrl\":\"https:\\\/\\\/iyiolhukuk.com\\\/wp-content\\\/uploads\\\/2025\\\/06\\\/sigorta-hukuku.webp\"},{\"@type\":\"BreadcrumbList\",\"@id\":\"https:\\\/\\\/iyiolhukuk.com\\\/sigorta-hukuku\\\/#breadcrumb\",\"itemListElement\":[{\"@type\":\"ListItem\",\"position\":1,\"name\":\"Anasayfa\",\"item\":\"https:\\\/\\\/iyiolhukuk.com\\\/\"},{\"@type\":\"ListItem\",\"position\":2,\"name\":\"Sigorta Hukuku\"}]},{\"@type\":\"WebSite\",\"@id\":\"https:\\\/\\\/iyiolhukuk.com\\\/#website\",\"url\":\"https:\\\/\\\/iyiolhukuk.com\\\/\",\"name\":\"\u0130yi Ol Hukuk | \u00dcmm\u00fc\u015fen \u0130yiol\",\"description\":\"Hukuki haklar\u0131n\u0131z\u0131 korumak i\u00e7in yan\u0131n\u0131zday\u0131z\",\"publisher\":{\"@id\":\"https:\\\/\\\/iyiolhukuk.com\\\/#organization\"},\"potentialAction\":[{\"@type\":\"SearchAction\",\"target\":{\"@type\":\"EntryPoint\",\"urlTemplate\":\"https:\\\/\\\/iyiolhukuk.com\\\/?s={search_term_string}\"},\"query-input\":{\"@type\":\"PropertyValueSpecification\",\"valueRequired\":true,\"valueName\":\"search_term_string\"}}],\"inLanguage\":\"en-GB\"},{\"@type\":\"Organization\",\"@id\":\"https:\\\/\\\/iyiolhukuk.com\\\/#organization\",\"name\":\"\u0130yi Ol Hukuk | \u00dcmm\u00fc\u015fen \u0130yiol\",\"url\":\"https:\\\/\\\/iyiolhukuk.com\\\/\",\"logo\":{\"@type\":\"ImageObject\",\"inLanguage\":\"en-GB\",\"@id\":\"https:\\\/\\\/iyiolhukuk.com\\\/#\\\/schema\\\/logo\\\/image\\\/\",\"url\":\"https:\\\/\\\/iyiolhukuk.com\\\/wp-content\\\/uploads\\\/2024\\\/12\\\/Iyiol-Hukuk-Logo.webp\",\"contentUrl\":\"https:\\\/\\\/iyiolhukuk.com\\\/wp-content\\\/uploads\\\/2024\\\/12\\\/Iyiol-Hukuk-Logo.webp\",\"width\":500,\"height\":251,\"caption\":\"\u0130yi Ol Hukuk | \u00dcmm\u00fc\u015fen \u0130yiol\"},\"image\":{\"@id\":\"https:\\\/\\\/iyiolhukuk.com\\\/#\\\/schema\\\/logo\\\/image\\\/\"}}]}<\/script>\n<!-- \/ Yoast SEO plugin. -->","yoast_head_json":{"title":"Sigorta Hukuku - \u0130yiol Hukuk | Avukat \u00dcmm\u00fc\u015fen \u0130yiol","robots":{"index":"index","follow":"follow","max-snippet":"max-snippet:-1","max-image-preview":"max-image-preview:large","max-video-preview":"max-video-preview:-1"},"canonical":"https:\/\/iyiolhukuk.com\/en\/sigorta-hukuku\/","og_locale":"en_GB","og_type":"article","og_title":"Sigorta Hukuku - \u0130yiol Hukuk | Avukat \u00dcmm\u00fc\u015fen \u0130yiol","og_description":"Sigorta Hukuku Sigorta Hukuku, sigortac\u0131l\u0131k faaliyetlerini d\u00fczenleyen kurallar b\u00fct\u00fcn\u00fc olarak, sigortac\u0131 ile sigortal\u0131 aras\u0131ndaki ili\u015fkileri, s\u00f6zle\u015fme h\u00fck\u00fcmlerini ve olas\u0131 uyu\u015fmazl\u0131klar\u0131 hukuki zeminde ele al\u0131r. \u0130yiol Hukuk olarak, sigorta sekt\u00f6r\u00fcndeki h\u0131zl\u0131 geli\u015fimi ve artan hukuki ihtiya\u00e7lar\u0131 yak\u0131ndan takip ediyor; bu alanda derin bilgi birikimine ve deneyime sahip avukatlar\u0131m\u0131zla sigorta hukukuna dair kapsaml\u0131 dan\u0131\u015fmanl\u0131k ve temsil hizmetleri...","og_url":"https:\/\/iyiolhukuk.com\/en\/sigorta-hukuku\/","og_site_name":"\u0130yiol Hukuk | Avukat \u00dcmm\u00fc\u015fen \u0130yiol","article_modified_time":"2025-06-06T00:09:15+00:00","og_image":[{"width":1280,"height":853,"url":"https:\/\/iyiolhukuk.com\/wp-content\/uploads\/2025\/06\/sigorta-hukuku.webp","type":"image\/webp"}],"twitter_card":"summary_large_image","schema":{"@context":"https:\/\/schema.org","@graph":[{"@type":"WebPage","@id":"https:\/\/iyiolhukuk.com\/sigorta-hukuku\/","url":"https:\/\/iyiolhukuk.com\/sigorta-hukuku\/","name":"Sigorta Hukuku - \u0130yiol Hukuk | Avukat \u00dcmm\u00fc\u015fen \u0130yiol","isPartOf":{"@id":"https:\/\/iyiolhukuk.com\/#website"},"primaryImageOfPage":{"@id":"https:\/\/iyiolhukuk.com\/sigorta-hukuku\/#primaryimage"},"image":{"@id":"https:\/\/iyiolhukuk.com\/sigorta-hukuku\/#primaryimage"},"thumbnailUrl":"https:\/\/iyiolhukuk.com\/wp-content\/uploads\/2025\/06\/sigorta-hukuku.webp","datePublished":"2025-06-05T23:08:49+00:00","dateModified":"2025-06-06T00:09:15+00:00","breadcrumb":{"@id":"https:\/\/iyiolhukuk.com\/sigorta-hukuku\/#breadcrumb"},"inLanguage":"en-GB","potentialAction":[{"@type":"ReadAction","target":["https:\/\/iyiolhukuk.com\/sigorta-hukuku\/"]}]},{"@type":"ImageObject","inLanguage":"en-GB","@id":"https:\/\/iyiolhukuk.com\/sigorta-hukuku\/#primaryimage","url":"https:\/\/iyiolhukuk.com\/wp-content\/uploads\/2025\/06\/sigorta-hukuku.webp","contentUrl":"https:\/\/iyiolhukuk.com\/wp-content\/uploads\/2025\/06\/sigorta-hukuku.webp"},{"@type":"BreadcrumbList","@id":"https:\/\/iyiolhukuk.com\/sigorta-hukuku\/#breadcrumb","itemListElement":[{"@type":"ListItem","position":1,"name":"Anasayfa","item":"https:\/\/iyiolhukuk.com\/"},{"@type":"ListItem","position":2,"name":"Sigorta Hukuku"}]},{"@type":"WebSite","@id":"https:\/\/iyiolhukuk.com\/#website","url":"https:\/\/iyiolhukuk.com\/","name":"\u0130yi Ol Hukuk | \u00dcmm\u00fc\u015fen \u0130yiol","description":"Hukuki haklar\u0131n\u0131z\u0131 korumak i\u00e7in yan\u0131n\u0131zday\u0131z","publisher":{"@id":"https:\/\/iyiolhukuk.com\/#organization"},"potentialAction":[{"@type":"SearchAction","target":{"@type":"EntryPoint","urlTemplate":"https:\/\/iyiolhukuk.com\/?s={search_term_string}"},"query-input":{"@type":"PropertyValueSpecification","valueRequired":true,"valueName":"search_term_string"}}],"inLanguage":"en-GB"},{"@type":"Organization","@id":"https:\/\/iyiolhukuk.com\/#organization","name":"\u0130yi Ol Hukuk | \u00dcmm\u00fc\u015fen \u0130yiol","url":"https:\/\/iyiolhukuk.com\/","logo":{"@type":"ImageObject","inLanguage":"en-GB","@id":"https:\/\/iyiolhukuk.com\/#\/schema\/logo\/image\/","url":"https:\/\/iyiolhukuk.com\/wp-content\/uploads\/2024\/12\/Iyiol-Hukuk-Logo.webp","contentUrl":"https:\/\/iyiolhukuk.com\/wp-content\/uploads\/2024\/12\/Iyiol-Hukuk-Logo.webp","width":500,"height":251,"caption":"\u0130yi Ol Hukuk | \u00dcmm\u00fc\u015fen \u0130yiol"},"image":{"@id":"https:\/\/iyiolhukuk.com\/#\/schema\/logo\/image\/"}}]}},"_links":{"self":[{"href":"https:\/\/iyiolhukuk.com\/en\/wp-json\/wp\/v2\/pages\/4591","targetHints":{"allow":["GET"]}}],"collection":[{"href":"https:\/\/iyiolhukuk.com\/en\/wp-json\/wp\/v2\/pages"}],"about":[{"href":"https:\/\/iyiolhukuk.com\/en\/wp-json\/wp\/v2\/types\/page"}],"author":[{"embeddable":true,"href":"https:\/\/iyiolhukuk.com\/en\/wp-json\/wp\/v2\/users\/1"}],"replies":[{"embeddable":true,"href":"https:\/\/iyiolhukuk.com\/en\/wp-json\/wp\/v2\/comments?post=4591"}],"version-history":[{"count":19,"href":"https:\/\/iyiolhukuk.com\/en\/wp-json\/wp\/v2\/pages\/4591\/revisions"}],"predecessor-version":[{"id":4675,"href":"https:\/\/iyiolhukuk.com\/en\/wp-json\/wp\/v2\/pages\/4591\/revisions\/4675"}],"wp:attachment":[{"href":"https:\/\/iyiolhukuk.com\/en\/wp-json\/wp\/v2\/media?parent=4591"}],"curies":[{"name":"wp","href":"https:\/\/api.w.org\/{rel}","templated":true}]}}