{"id":4404,"date":"2025-05-25T21:52:32","date_gmt":"2025-05-25T18:52:32","guid":{"rendered":"https:\/\/iyiolhukuk.com\/?page_id=4404"},"modified":"2025-05-25T22:08:51","modified_gmt":"2025-05-25T19:08:51","slug":"konstelasyon-calismalari","status":"publish","type":"page","link":"https:\/\/iyiolhukuk.com\/en\/konstelasyon-calismalari\/","title":{"rendered":"Constellation Studies"},"content":{"rendered":"<div data-elementor-type=\"wp-page\" data-elementor-id=\"4404\" class=\"elementor elementor-4404\">\n\t\t\t\t<div class=\"elementor-element elementor-element-2e426df e-flex e-con-boxed e-con e-parent\" data-id=\"2e426df\" data-element_type=\"container\">\n\t\t\t\t\t<div class=\"e-con-inner\">\n\t\t<div class=\"elementor-element elementor-element-c847a3a e-con-full e-flex e-con e-child\" data-id=\"c847a3a\" data-element_type=\"container\">\n\t\t\t\t<div class=\"elementor-element elementor-element-5babf74 elementor-widget elementor-widget-heading\" data-id=\"5babf74\" data-element_type=\"widget\" data-widget_type=\"heading.default\">\n\t\t\t\t<div class=\"elementor-widget-container\">\n\t\t\t\t\t<h2 class=\"elementor-heading-title elementor-size-default\">Constellation Studies<\/h2>\t\t\t\t<\/div>\n\t\t\t\t<\/div>\n\t\t\t\t<div class=\"elementor-element elementor-element-4edacb9 elementor-widget elementor-widget-image\" data-id=\"4edacb9\" data-element_type=\"widget\" data-widget_type=\"image.default\">\n\t\t\t\t<div class=\"elementor-widget-container\">\n\t\t\t\t\t\t\t\t\t\t\t\t\t\t\t<img fetchpriority=\"high\" decoding=\"async\" width=\"1280\" height=\"853\" src=\"https:\/\/iyiolhukuk.com\/wp-content\/uploads\/2025\/05\/konstelasyon-calismalari.webp\" class=\"attachment-full size-full wp-image-4406\" alt=\"konstelasyon-calismalari\" srcset=\"https:\/\/iyiolhukuk.com\/wp-content\/uploads\/2025\/05\/konstelasyon-calismalari.webp 1280w, https:\/\/iyiolhukuk.com\/wp-content\/uploads\/2025\/05\/konstelasyon-calismalari-300x200.webp 300w, https:\/\/iyiolhukuk.com\/wp-content\/uploads\/2025\/05\/konstelasyon-calismalari-1024x682.webp 1024w, https:\/\/iyiolhukuk.com\/wp-content\/uploads\/2025\/05\/konstelasyon-calismalari-768x512.webp 768w, https:\/\/iyiolhukuk.com\/wp-content\/uploads\/2025\/05\/konstelasyon-calismalari-600x400.webp 600w\" sizes=\"(max-width: 1280px) 100vw, 1280px\" \/>\t\t\t\t\t\t\t\t\t\t\t\t\t\t\t<\/div>\n\t\t\t\t<\/div>\n\t\t\r\n\t\t<div class=\"elementor-element elementor-element-5db7b3d elementor-widget elementor-widget-text-editor\" data-id=\"5db7b3d\" data-element_type=\"widget\" data-widget_type=\"text-editor.default\">\n\t\t\t\t<div class=\"elementor-widget-container\">\n\t\t\t\t\t\t\t\t\t<div><div><p><strong>Systemic View and Deep Visibility into Legal Disputes<\/strong><\/p><p>\u0130yiol Law Firm works with a holistic approach that takes into account not only the litigation processes but also the systemic causes of the complex and recurring problems encountered by its clients.<br \/>In addition to her law education in England and T\u00fcrkiye, Attorney \u00dcmm\u00fc\u015fen \u0130yiol adds an innovative and in-depth dimension to legal consultancy with her Systemic Management &amp; Organizational Constellations training, which she completed in 2024.<\/p><p>With the awareness that legal disputes may be closely related not only to legal regulations but also to the systemic ties and unresolved dynamics underlying individuals, families and institutions, systemic consultancy services integrated with law are offered in the following constellation types:<\/p><hr \/><h4>A. Family Constellations<\/h4><ul><li>Emotional knots between the parties during the divorce process<\/li><li>Recurring custody disputes<\/li><li>Intergenerational conflicts in parent-child relationships<\/li><li>Domestic violence and the unresolved effects of traumatic past<\/li><li>Supporting children&#039;s adaptation processes after parental separation<\/li><li>Ensuring the systematic place of children and parents in mixed marriages<\/li><li>Belonging and attachment issues after adoption<\/li><\/ul><h4>B. Inheritance and Real Estate Constellations<\/h4><ul><li>The inheritance sharing that has been going on for years and has not been resolved<\/li><li>Real estate disputes between siblings<\/li><li>Lack of connection and communication problems between heirs<\/li><li>The resistance and sense of loss experienced by the property owner during the expropriation process<\/li><li>Recurring cancellations and disputes in title deed cases<\/li><li>The impact of emotional positions in partnership dissolution cases<\/li><\/ul><h4>C. Labor Law and Corporate Constellations<\/h4><ul><li>Repeated turnover and poor employee loyalty<\/li><li>Mobbing, insecurity at work, institutional chaos<\/li><li>Lack of promotion, feeling of worthlessness, internal blockages<\/li><li>Disruption of the balance of authority between boss-manager-employee<\/li><li>Generational conflicts and management crisis in family businesses<\/li><li>Excessive competition, jealousy and emotional burdens with co-workers<\/li><li>Role confusion within the organization, overlapping of tasks<\/li><li>Resistance and invisible ties in institutional restructuring<\/li><\/ul><h4>D. Business, Corporate and Partnership Constellations<\/h4><ul><li>Lack of trust between partners, inability to make decisions, inability to move forward<\/li><li>Ownership issues in company mergers<\/li><li>Repeated business failures (bankruptcy stories)<\/li><li>Internal conflicts hinder corporate success<\/li><li>Inability to grow trade volume and invisible obstacles<\/li><li>Repeatedly breaking contracts or short-lived collaborations<\/li><\/ul><h4>E. Individual Constellations (Legally Supported)<\/h4><ul><li>Inability to direct life, professional burnout<\/li><li>Constantly experiencing legal problems (accident, lawsuit, loss)<\/li><li>Inability to set personal boundaries and passive\/aggressive relationship cycles<\/li><li>Recurrent relationship failures, conflicts with spouse or partner<\/li><li>Loss of a parent or separation from a parent at an early age<\/li><li>Constant feeling of being hindered in interviews and courts<\/li><li>Physical discomfort due to carrying emotional burdens<\/li><\/ul><hr \/><p>\u0130yiol Law goes beyond the technical boundaries of law and acts with a holistic approach that understands the real needs of people and institutions.<br \/>It provides legal consultancy supported by Konstellation, especially in areas such as family law, inheritance, labor law, corporate law, contracts and commercial law, both for the follow-up of legal processes and the solution of systemic root causes.<\/p><\/div><\/div>\t\t\t\t\t\t\t\t<\/div>\n\t\t\t\t<\/div>\n\t\t\t\t<\/div>\n\t\t<div class=\"elementor-element elementor-element-932d58e e-con-full e-flex e-con e-child\" data-id=\"932d58e\" data-element_type=\"container\">\n\t\t\t\t<div class=\"elementor-element elementor-element-6644847 elementor-widget elementor-widget-ensafservicelist\" data-id=\"6644847\" data-element_type=\"widget\" data-widget_type=\"ensafservicelist.default\">\n\t\t\t\t<div class=\"elementor-widget-container\">\n\t\t\t\t\t<div class=\"widget widget_categories\"><h3 class=\"widget_title\">All Our Services<\/h3><ul><li><a href=\"\/en\/turizm-hukuku\/\">Tourism Law<\/a><span><i class=\"fa-sharp fa-light fa-arrow-right\"><\/i><\/span><\/li><li><a href=\"\/en\/icra-iflas-hukuku\/\">Execution and Bankruptcy Law<\/a><span><i class=\"fa-sharp fa-light fa-arrow-right\"><\/i><\/span><\/li><li><a href=\"\/en\/uluslararasi-hukuk\/\">International law<\/a><span><i class=\"fa-sharp fa-light fa-arrow-right\"><\/i><\/span><\/li><li><a href=\"\/en\/aile-ve-kisiler-hukuku\/\">Family and Personal Law<\/a><span><i class=\"fa-sharp fa-light fa-arrow-right\"><\/i><\/span><\/li><li><a href=\"\/en\/miras-hukuku\/\">Inheritance Law<\/a><span><i class=\"fa-sharp fa-light fa-arrow-right\"><\/i><\/span><\/li><li><a href=\"\/en\/sirketler-ve-ticaret-hukuku\/\">Corporate and Commercial Law<\/a><span><i class=\"fa-sharp fa-light fa-arrow-right\"><\/i><\/span><\/li><li><a href=\"\/en\/fikri-ve-sinai-mulkiyet-hukuku%20\/\">Intellectual and Industrial Property Law<\/a><span><i class=\"fa-sharp fa-light fa-arrow-right\"><\/i><\/span><\/li><li><a href=\"\/en\/yabancilar-hukuku\/\">Foreigners Law<\/a><span><i class=\"fa-sharp fa-light fa-arrow-right\"><\/i><\/span><\/li><li><a href=\"\/en\/ceza-hukuku\/\">Criminal law<\/a><span><i class=\"fa-sharp fa-light fa-arrow-right\"><\/i><\/span><\/li><li><a href=\"\/en\/gayrimenkul-ve-kira-hukuku\/\">Real Estate and Tenancy Law<\/a><span><i class=\"fa-sharp fa-light fa-arrow-right\"><\/i><\/span><\/li><li><a href=\"\/en\/is-ve-sosyal-guvenlik-hukuku%20\/\">Labor and Social Security Law<\/a><span><i class=\"fa-sharp fa-light fa-arrow-right\"><\/i><\/span><\/li><li><a href=\"\/en\/ticari-sozlesmeler-ve-sozlesme-yonetimi\/\">Commercial Contracts and Contract Management<\/a><span><i class=\"fa-sharp fa-light fa-arrow-right\"><\/i><\/span><\/li><li><a href=\"\/en\/konstelasyon-calismalari\/\">Constellation Studies<\/a><span><i class=\"fa-sharp fa-light fa-arrow-right\"><\/i><\/span><\/li><\/ul><\/div>\t\t\t\t<\/div>\n\t\t\t\t<\/div>\n\t\t\t\t<div class=\"elementor-element elementor-element-da947e5 elementor-widget elementor-widget-ensafcontactinfo\" data-id=\"da947e5\" data-element_type=\"widget\" data-widget_type=\"ensafcontactinfo.default\">\n\t\t\t\t<div class=\"elementor-widget-container\">\n\t\t\t\t\t<div class=\"widget widget_call\"><div class=\"widget-call\"><p class=\"box_text\">You can contact us for your legal support requests.<\/p><div class=\"widget_call\"><div class=\"info-box\"><div class=\"info-box_icon\"><i class=\"fas fa-phone\"><\/i><\/div><div><span class=\"info-box_subtitle\">Telephone<\/span><p class=\"info-box_text\"><a href=\"tel:+9000000000\" class=\"info-box_link\">#<\/a><\/p><\/div><\/div><div class=\"info-box\"><div class=\"info-box_icon\"><i class=\"fas fa-envelope\"><\/i><\/div><div><span class=\"info-box_subtitle\">Email Us<\/span><p class=\"info-box_text\"><a href=\"mailto:ummusen@iyiolhukuk.com\" class=\"info-box_link\">ummusen@iyiolhukuk.com<\/a><\/p><\/div><\/div><div class=\"info-box\"><div class=\"info-box_icon\"><i class=\"fa-solid fa-location-dot\"><\/i><\/div><div><span class=\"info-box_subtitle\">Office Address<\/span><p class=\"info-box_text\">Open Office Address - Antalya<\/p><\/div><\/div><\/div><\/div><\/div>\t\t\t\t<\/div>\n\t\t\t\t<\/div>\n\t\t\t\t<\/div>\n\t\t\t\t\t<\/div>\n\t\t\t\t<\/div>\n\t\t\t\t<\/div>","protected":false},"excerpt":{"rendered":"<p>Konstelasyon \u00c7al\u0131\u015fmalar\u0131 Hukuki Uyu\u015fmazl\u0131klara Sistemik Bak\u0131\u015f ve Derin G\u00f6r\u00fcn\u00fcrl\u00fck \u0130yiol Hukuk, yaln\u0131zca dava s\u00fcre\u00e7lerini de\u011fil, dan\u0131\u015fanlar\u0131n\u0131n kar\u015f\u0131la\u015ft\u0131\u011f\u0131 karma\u015f\u0131k ve tekrar eden sorunlar\u0131n sistemsel nedenlerini de dikkate alan b\u00fct\u00fcnc\u00fcl bir yakla\u015f\u0131mla \u00e7al\u0131\u015fmaktad\u0131r.Av. \u00dcmm\u00fc\u015fen \u0130yiol, \u0130ngiltere ve T\u00fcrkiye&#8217;deki hukuk e\u011fitiminin yan\u0131 s\u0131ra, 2024 y\u0131l\u0131nda tamamlad\u0131\u011f\u0131 Systemic Management &amp; Organizational Constellations e\u011fitimi ile hukuki dan\u0131\u015fmanl\u0131\u011fa yenilik\u00e7i ve derinlikli&#8230;<\/p>","protected":false},"author":1,"featured_media":0,"parent":0,"menu_order":0,"comment_status":"closed","ping_status":"closed","template":"template-builder.php","meta":{"footnotes":""},"class_list":["post-4404","page","type-page","status-publish","hentry"],"yoast_head":"<!-- This site is optimized with the Yoast SEO plugin v27.4 - https:\/\/yoast.com\/product\/yoast-seo-wordpress\/ -->\n<title>Konstelasyon \u00c7al\u0131\u015fmalar\u0131 - \u0130yiol Hukuk | Avukat \u00dcmm\u00fc\u015fen \u0130yiol<\/title>\n<meta name=\"robots\" content=\"index, follow, max-snippet:-1, max-image-preview:large, max-video-preview:-1\" \/>\n<link rel=\"canonical\" href=\"https:\/\/iyiolhukuk.com\/en\/konstelasyon-calismalari\/\" \/>\n<meta property=\"og:locale\" content=\"en_GB\" \/>\n<meta property=\"og:type\" content=\"article\" \/>\n<meta property=\"og:title\" content=\"Konstelasyon \u00c7al\u0131\u015fmalar\u0131 - \u0130yiol Hukuk | Avukat \u00dcmm\u00fc\u015fen \u0130yiol\" \/>\n<meta property=\"og:description\" content=\"Konstelasyon \u00c7al\u0131\u015fmalar\u0131 Hukuki Uyu\u015fmazl\u0131klara Sistemik Bak\u0131\u015f ve Derin G\u00f6r\u00fcn\u00fcrl\u00fck \u0130yiol Hukuk, yaln\u0131zca dava s\u00fcre\u00e7lerini de\u011fil, dan\u0131\u015fanlar\u0131n\u0131n kar\u015f\u0131la\u015ft\u0131\u011f\u0131 karma\u015f\u0131k ve tekrar eden sorunlar\u0131n sistemsel nedenlerini de dikkate alan b\u00fct\u00fcnc\u00fcl bir yakla\u015f\u0131mla \u00e7al\u0131\u015fmaktad\u0131r.Av. \u00dcmm\u00fc\u015fen \u0130yiol, \u0130ngiltere ve T\u00fcrkiye&#8217;deki hukuk e\u011fitiminin yan\u0131 s\u0131ra, 2024 y\u0131l\u0131nda tamamlad\u0131\u011f\u0131 Systemic Management &amp; Organizational Constellations e\u011fitimi ile hukuki dan\u0131\u015fmanl\u0131\u011fa yenilik\u00e7i ve derinlikli...\" \/>\n<meta property=\"og:url\" content=\"https:\/\/iyiolhukuk.com\/en\/konstelasyon-calismalari\/\" \/>\n<meta property=\"og:site_name\" content=\"\u0130yiol Hukuk | Avukat \u00dcmm\u00fc\u015fen \u0130yiol\" \/>\n<meta property=\"article:modified_time\" content=\"2025-05-25T19:08:51+00:00\" \/>\n<meta property=\"og:image\" content=\"https:\/\/iyiolhukuk.com\/wp-content\/uploads\/2025\/05\/konstelasyon-calismalari.webp\" \/>\n\t<meta property=\"og:image:width\" content=\"1280\" \/>\n\t<meta property=\"og:image:height\" content=\"853\" \/>\n\t<meta property=\"og:image:type\" content=\"image\/webp\" \/>\n<meta name=\"twitter:card\" content=\"summary_large_image\" \/>\n<script type=\"application\/ld+json\" class=\"yoast-schema-graph\">{\"@context\":\"https:\\\/\\\/schema.org\",\"@graph\":[{\"@type\":\"WebPage\",\"@id\":\"https:\\\/\\\/iyiolhukuk.com\\\/konstelasyon-calismalari\\\/\",\"url\":\"https:\\\/\\\/iyiolhukuk.com\\\/konstelasyon-calismalari\\\/\",\"name\":\"Konstelasyon \u00c7al\u0131\u015fmalar\u0131 - \u0130yiol Hukuk | Avukat \u00dcmm\u00fc\u015fen \u0130yiol\",\"isPartOf\":{\"@id\":\"https:\\\/\\\/iyiolhukuk.com\\\/#website\"},\"primaryImageOfPage\":{\"@id\":\"https:\\\/\\\/iyiolhukuk.com\\\/konstelasyon-calismalari\\\/#primaryimage\"},\"image\":{\"@id\":\"https:\\\/\\\/iyiolhukuk.com\\\/konstelasyon-calismalari\\\/#primaryimage\"},\"thumbnailUrl\":\"https:\\\/\\\/iyiolhukuk.com\\\/wp-content\\\/uploads\\\/2025\\\/05\\\/konstelasyon-calismalari.webp\",\"datePublished\":\"2025-05-25T18:52:32+00:00\",\"dateModified\":\"2025-05-25T19:08:51+00:00\",\"breadcrumb\":{\"@id\":\"https:\\\/\\\/iyiolhukuk.com\\\/konstelasyon-calismalari\\\/#breadcrumb\"},\"inLanguage\":\"en-GB\",\"potentialAction\":[{\"@type\":\"ReadAction\",\"target\":[\"https:\\\/\\\/iyiolhukuk.com\\\/konstelasyon-calismalari\\\/\"]}]},{\"@type\":\"ImageObject\",\"inLanguage\":\"en-GB\",\"@id\":\"https:\\\/\\\/iyiolhukuk.com\\\/konstelasyon-calismalari\\\/#primaryimage\",\"url\":\"https:\\\/\\\/iyiolhukuk.com\\\/wp-content\\\/uploads\\\/2025\\\/05\\\/konstelasyon-calismalari.webp\",\"contentUrl\":\"https:\\\/\\\/iyiolhukuk.com\\\/wp-content\\\/uploads\\\/2025\\\/05\\\/konstelasyon-calismalari.webp\"},{\"@type\":\"BreadcrumbList\",\"@id\":\"https:\\\/\\\/iyiolhukuk.com\\\/konstelasyon-calismalari\\\/#breadcrumb\",\"itemListElement\":[{\"@type\":\"ListItem\",\"position\":1,\"name\":\"Anasayfa\",\"item\":\"https:\\\/\\\/iyiolhukuk.com\\\/\"},{\"@type\":\"ListItem\",\"position\":2,\"name\":\"Konstelasyon \u00c7al\u0131\u015fmalar\u0131\"}]},{\"@type\":\"WebSite\",\"@id\":\"https:\\\/\\\/iyiolhukuk.com\\\/#website\",\"url\":\"https:\\\/\\\/iyiolhukuk.com\\\/\",\"name\":\"\u0130yi Ol Hukuk | \u00dcmm\u00fc\u015fen \u0130yiol\",\"description\":\"Hukuki haklar\u0131n\u0131z\u0131 korumak i\u00e7in yan\u0131n\u0131zday\u0131z\",\"publisher\":{\"@id\":\"https:\\\/\\\/iyiolhukuk.com\\\/#organization\"},\"potentialAction\":[{\"@type\":\"SearchAction\",\"target\":{\"@type\":\"EntryPoint\",\"urlTemplate\":\"https:\\\/\\\/iyiolhukuk.com\\\/?s={search_term_string}\"},\"query-input\":{\"@type\":\"PropertyValueSpecification\",\"valueRequired\":true,\"valueName\":\"search_term_string\"}}],\"inLanguage\":\"en-GB\"},{\"@type\":\"Organization\",\"@id\":\"https:\\\/\\\/iyiolhukuk.com\\\/#organization\",\"name\":\"\u0130yi Ol Hukuk | \u00dcmm\u00fc\u015fen \u0130yiol\",\"url\":\"https:\\\/\\\/iyiolhukuk.com\\\/\",\"logo\":{\"@type\":\"ImageObject\",\"inLanguage\":\"en-GB\",\"@id\":\"https:\\\/\\\/iyiolhukuk.com\\\/#\\\/schema\\\/logo\\\/image\\\/\",\"url\":\"https:\\\/\\\/iyiolhukuk.com\\\/wp-content\\\/uploads\\\/2024\\\/12\\\/Iyiol-Hukuk-Logo.webp\",\"contentUrl\":\"https:\\\/\\\/iyiolhukuk.com\\\/wp-content\\\/uploads\\\/2024\\\/12\\\/Iyiol-Hukuk-Logo.webp\",\"width\":500,\"height\":251,\"caption\":\"\u0130yi Ol Hukuk | \u00dcmm\u00fc\u015fen \u0130yiol\"},\"image\":{\"@id\":\"https:\\\/\\\/iyiolhukuk.com\\\/#\\\/schema\\\/logo\\\/image\\\/\"}}]}<\/script>\n<!-- \/ Yoast SEO plugin. -->","yoast_head_json":{"title":"Konstelasyon \u00c7al\u0131\u015fmalar\u0131 - \u0130yiol Hukuk | Avukat \u00dcmm\u00fc\u015fen \u0130yiol","robots":{"index":"index","follow":"follow","max-snippet":"max-snippet:-1","max-image-preview":"max-image-preview:large","max-video-preview":"max-video-preview:-1"},"canonical":"https:\/\/iyiolhukuk.com\/en\/konstelasyon-calismalari\/","og_locale":"en_GB","og_type":"article","og_title":"Konstelasyon \u00c7al\u0131\u015fmalar\u0131 - \u0130yiol Hukuk | Avukat \u00dcmm\u00fc\u015fen \u0130yiol","og_description":"Konstelasyon \u00c7al\u0131\u015fmalar\u0131 Hukuki Uyu\u015fmazl\u0131klara Sistemik Bak\u0131\u015f ve Derin G\u00f6r\u00fcn\u00fcrl\u00fck \u0130yiol Hukuk, yaln\u0131zca dava s\u00fcre\u00e7lerini de\u011fil, dan\u0131\u015fanlar\u0131n\u0131n kar\u015f\u0131la\u015ft\u0131\u011f\u0131 karma\u015f\u0131k ve tekrar eden sorunlar\u0131n sistemsel nedenlerini de dikkate alan b\u00fct\u00fcnc\u00fcl bir yakla\u015f\u0131mla \u00e7al\u0131\u015fmaktad\u0131r.Av. \u00dcmm\u00fc\u015fen \u0130yiol, \u0130ngiltere ve T\u00fcrkiye&#8217;deki hukuk e\u011fitiminin yan\u0131 s\u0131ra, 2024 y\u0131l\u0131nda tamamlad\u0131\u011f\u0131 Systemic Management &amp; Organizational Constellations e\u011fitimi ile hukuki dan\u0131\u015fmanl\u0131\u011fa yenilik\u00e7i ve derinlikli...","og_url":"https:\/\/iyiolhukuk.com\/en\/konstelasyon-calismalari\/","og_site_name":"\u0130yiol Hukuk | Avukat \u00dcmm\u00fc\u015fen \u0130yiol","article_modified_time":"2025-05-25T19:08:51+00:00","og_image":[{"width":1280,"height":853,"url":"https:\/\/iyiolhukuk.com\/wp-content\/uploads\/2025\/05\/konstelasyon-calismalari.webp","type":"image\/webp"}],"twitter_card":"summary_large_image","schema":{"@context":"https:\/\/schema.org","@graph":[{"@type":"WebPage","@id":"https:\/\/iyiolhukuk.com\/konstelasyon-calismalari\/","url":"https:\/\/iyiolhukuk.com\/konstelasyon-calismalari\/","name":"Konstelasyon \u00c7al\u0131\u015fmalar\u0131 - \u0130yiol Hukuk | Avukat \u00dcmm\u00fc\u015fen \u0130yiol","isPartOf":{"@id":"https:\/\/iyiolhukuk.com\/#website"},"primaryImageOfPage":{"@id":"https:\/\/iyiolhukuk.com\/konstelasyon-calismalari\/#primaryimage"},"image":{"@id":"https:\/\/iyiolhukuk.com\/konstelasyon-calismalari\/#primaryimage"},"thumbnailUrl":"https:\/\/iyiolhukuk.com\/wp-content\/uploads\/2025\/05\/konstelasyon-calismalari.webp","datePublished":"2025-05-25T18:52:32+00:00","dateModified":"2025-05-25T19:08:51+00:00","breadcrumb":{"@id":"https:\/\/iyiolhukuk.com\/konstelasyon-calismalari\/#breadcrumb"},"inLanguage":"en-GB","potentialAction":[{"@type":"ReadAction","target":["https:\/\/iyiolhukuk.com\/konstelasyon-calismalari\/"]}]},{"@type":"ImageObject","inLanguage":"en-GB","@id":"https:\/\/iyiolhukuk.com\/konstelasyon-calismalari\/#primaryimage","url":"https:\/\/iyiolhukuk.com\/wp-content\/uploads\/2025\/05\/konstelasyon-calismalari.webp","contentUrl":"https:\/\/iyiolhukuk.com\/wp-content\/uploads\/2025\/05\/konstelasyon-calismalari.webp"},{"@type":"BreadcrumbList","@id":"https:\/\/iyiolhukuk.com\/konstelasyon-calismalari\/#breadcrumb","itemListElement":[{"@type":"ListItem","position":1,"name":"Anasayfa","item":"https:\/\/iyiolhukuk.com\/"},{"@type":"ListItem","position":2,"name":"Konstelasyon \u00c7al\u0131\u015fmalar\u0131"}]},{"@type":"WebSite","@id":"https:\/\/iyiolhukuk.com\/#website","url":"https:\/\/iyiolhukuk.com\/","name":"\u0130yi Ol Hukuk | \u00dcmm\u00fc\u015fen \u0130yiol","description":"Hukuki haklar\u0131n\u0131z\u0131 korumak i\u00e7in yan\u0131n\u0131zday\u0131z","publisher":{"@id":"https:\/\/iyiolhukuk.com\/#organization"},"potentialAction":[{"@type":"SearchAction","target":{"@type":"EntryPoint","urlTemplate":"https:\/\/iyiolhukuk.com\/?s={search_term_string}"},"query-input":{"@type":"PropertyValueSpecification","valueRequired":true,"valueName":"search_term_string"}}],"inLanguage":"en-GB"},{"@type":"Organization","@id":"https:\/\/iyiolhukuk.com\/#organization","name":"\u0130yi Ol Hukuk | \u00dcmm\u00fc\u015fen \u0130yiol","url":"https:\/\/iyiolhukuk.com\/","logo":{"@type":"ImageObject","inLanguage":"en-GB","@id":"https:\/\/iyiolhukuk.com\/#\/schema\/logo\/image\/","url":"https:\/\/iyiolhukuk.com\/wp-content\/uploads\/2024\/12\/Iyiol-Hukuk-Logo.webp","contentUrl":"https:\/\/iyiolhukuk.com\/wp-content\/uploads\/2024\/12\/Iyiol-Hukuk-Logo.webp","width":500,"height":251,"caption":"\u0130yi Ol Hukuk | \u00dcmm\u00fc\u015fen \u0130yiol"},"image":{"@id":"https:\/\/iyiolhukuk.com\/#\/schema\/logo\/image\/"}}]}},"_links":{"self":[{"href":"https:\/\/iyiolhukuk.com\/en\/wp-json\/wp\/v2\/pages\/4404","targetHints":{"allow":["GET"]}}],"collection":[{"href":"https:\/\/iyiolhukuk.com\/en\/wp-json\/wp\/v2\/pages"}],"about":[{"href":"https:\/\/iyiolhukuk.com\/en\/wp-json\/wp\/v2\/types\/page"}],"author":[{"embeddable":true,"href":"https:\/\/iyiolhukuk.com\/en\/wp-json\/wp\/v2\/users\/1"}],"replies":[{"embeddable":true,"href":"https:\/\/iyiolhukuk.com\/en\/wp-json\/wp\/v2\/comments?post=4404"}],"version-history":[{"count":7,"href":"https:\/\/iyiolhukuk.com\/en\/wp-json\/wp\/v2\/pages\/4404\/revisions"}],"predecessor-version":[{"id":4412,"href":"https:\/\/iyiolhukuk.com\/en\/wp-json\/wp\/v2\/pages\/4404\/revisions\/4412"}],"wp:attachment":[{"href":"https:\/\/iyiolhukuk.com\/en\/wp-json\/wp\/v2\/media?parent=4404"}],"curies":[{"name":"wp","href":"https:\/\/api.w.org\/{rel}","templated":true}]}}