{"id":4398,"date":"2025-05-25T21:25:52","date_gmt":"2025-05-25T18:25:52","guid":{"rendered":"https:\/\/iyiolhukuk.com\/?page_id=4398"},"modified":"2025-06-06T03:14:56","modified_gmt":"2025-06-06T00:14:56","slug":"ticari-sozlesmeler-ve-sozlesme-yonetimi","status":"publish","type":"page","link":"https:\/\/iyiolhukuk.com\/en\/ticari-sozlesmeler-ve-sozlesme-yonetimi\/","title":{"rendered":"Commercial Contracts and Contract Management"},"content":{"rendered":"\t\t<div data-elementor-type=\"wp-page\" data-elementor-id=\"4398\" class=\"elementor elementor-4398\">\n\t\t\t\t<div class=\"elementor-element elementor-element-2e426df e-flex e-con-boxed e-con e-parent\" data-id=\"2e426df\" data-element_type=\"container\">\n\t\t\t\t\t<div class=\"e-con-inner\">\n\t\t<div class=\"elementor-element elementor-element-c847a3a e-con-full e-flex e-con e-child\" data-id=\"c847a3a\" data-element_type=\"container\">\n\t\t\t\t<div class=\"elementor-element elementor-element-5babf74 elementor-widget elementor-widget-heading\" data-id=\"5babf74\" data-element_type=\"widget\" data-widget_type=\"heading.default\">\n\t\t\t\t<div class=\"elementor-widget-container\">\n\t\t\t\t\t<h2 class=\"elementor-heading-title elementor-size-default\">Ticari S\u00f6zle\u015fmeler ve S\u00f6zle\u015fme Y\u00f6netimi<\/h2>\t\t\t\t<\/div>\n\t\t\t\t<\/div>\n\t\t\t\t<div class=\"elementor-element elementor-element-4edacb9 elementor-widget elementor-widget-image\" data-id=\"4edacb9\" data-element_type=\"widget\" data-widget_type=\"image.default\">\n\t\t\t\t<div class=\"elementor-widget-container\">\n\t\t\t\t\t\t\t\t\t\t\t\t\t\t\t<img fetchpriority=\"high\" decoding=\"async\" width=\"1280\" height=\"853\" src=\"https:\/\/iyiolhukuk.com\/wp-content\/uploads\/2025\/05\/ticari-sozlesmeler-ve-sozlesme-yonetimi-hizmet.webp\" class=\"attachment-full size-full wp-image-4400\" alt=\"ticari-sozlesmeler-ve-sozlesme-yonetimi-hizmet\" srcset=\"https:\/\/iyiolhukuk.com\/wp-content\/uploads\/2025\/05\/ticari-sozlesmeler-ve-sozlesme-yonetimi-hizmet.webp 1280w, https:\/\/iyiolhukuk.com\/wp-content\/uploads\/2025\/05\/ticari-sozlesmeler-ve-sozlesme-yonetimi-hizmet-300x200.webp 300w, https:\/\/iyiolhukuk.com\/wp-content\/uploads\/2025\/05\/ticari-sozlesmeler-ve-sozlesme-yonetimi-hizmet-1024x682.webp 1024w, https:\/\/iyiolhukuk.com\/wp-content\/uploads\/2025\/05\/ticari-sozlesmeler-ve-sozlesme-yonetimi-hizmet-768x512.webp 768w, https:\/\/iyiolhukuk.com\/wp-content\/uploads\/2025\/05\/ticari-sozlesmeler-ve-sozlesme-yonetimi-hizmet-600x400.webp 600w\" sizes=\"(max-width: 1280px) 100vw, 1280px\" \/>\t\t\t\t\t\t\t\t\t\t\t\t\t\t\t<\/div>\n\t\t\t\t<\/div>\n\t\t\r\n\t\t<div class=\"elementor-element elementor-element-5db7b3d elementor-widget elementor-widget-text-editor\" data-id=\"5db7b3d\" data-element_type=\"widget\" data-widget_type=\"text-editor.default\">\n\t\t\t\t<div class=\"elementor-widget-container\">\n\t\t\t\t\t\t\t\t\t<div><div class=\"px-8 [@media(max-width:1250px)]:px-[10px] [@media(max-width:1250px)]:max-w-[700px] max-w-[845px] group relative mx-auto flex gap-[9px] rounded-xl mt-2.5 py-3\"><div class=\"flex-1 relative \"><div class=\"flex\"><div class=\"relative min-w-12 flex-grow\"><div class=\"relative ml-0.5\"><div><div class=\" prose dark:prose-invert markdown  \" dir=\"auto\" data-gramm=\"false\"><p class=\"first:mt-1.5\">Ticari hayat\u0131n temelini olu\u015fturan s\u00f6zle\u015fmelerin haz\u0131rlanmas\u0131, revizesi ve m\u00fczakere s\u00fcre\u00e7lerinde \u0130yiol Hukuk, taraflar\u0131n menfaatlerini g\u00f6zeten net, s\u00fcrd\u00fcr\u00fclebilir ve ihtilaflar\u0131 \u00f6nleyici \u00e7\u00f6z\u00fcmler sunar. Uluslararas\u0131 ticarette kullan\u0131lan iki dilli s\u00f6zle\u015fme haz\u0131rlama konusunda da destek sa\u011flanmaktad\u0131r.<\/p><hr \/><h4>\u015eirket Kurulu\u015fu, Hisse Devri ve Ortakl\u0131k Yap\u0131lar\u0131<\/h4><p class=\"first:mt-1.5\">Yeni \u015firket kurulu\u015flar\u0131ndan, hisse devri ve pay sahipleri aras\u0131ndaki ili\u015fkilerin d\u00fczenlenmesine kadar t\u00fcm s\u00fcre\u00e7lerde yerli ve yabanc\u0131 giri\u015fimcilere rehberlik edilmektedir. Ortakl\u0131k s\u00f6zle\u015fmeleri, y\u00f6netim yap\u0131lar\u0131 ve i\u00e7 d\u00fczenlemelerin yasal \u00e7er\u00e7evede planlanmas\u0131 sa\u011flan\u0131r.<\/p><hr \/><h4>Birle\u015fme, Devralma ve Ortak Giri\u015fimler<\/h4><p class=\"first:mt-1.5\">\u015eirket birle\u015fmeleri, devralmalar (M&amp;A), tasfiyeler ve stratejik ortakl\u0131klar s\u00fcre\u00e7lerinde hem hukuki hem de ticari uyumun sa\u011flanmas\u0131 i\u00e7in dan\u0131\u015fmanl\u0131k verilir. Due diligence s\u00fcre\u00e7lerinin hukuki olarak y\u00fcr\u00fct\u00fclmesi ve risklerin \u00f6nceden belirlenmesi sa\u011flan\u0131r.<\/p><\/div><\/div><\/div><\/div><\/div><\/div><\/div><\/div>\t\t\t\t\t\t\t\t<\/div>\n\t\t\t\t<\/div>\n\t\t\t\t<\/div>\n\t\t<div class=\"elementor-element elementor-element-932d58e e-con-full e-flex e-con e-child\" data-id=\"932d58e\" data-element_type=\"container\">\n\t\t\t\t<div class=\"elementor-element elementor-element-daf3542 elementor-widget elementor-widget-ensafservicelist\" data-id=\"daf3542\" data-element_type=\"widget\" data-widget_type=\"ensafservicelist.default\">\n\t\t\t\t<div class=\"elementor-widget-container\">\n\t\t\t\t\t<div class=\"widget widget_categories\"><h3 class=\"widget_title\">T\u00fcm Hizmetlerimiz<\/h3><ul><li><a href=\"\/turizm-hukuku\">Turizm Hukuku<\/a><span><i class=\"fa-sharp fa-light fa-arrow-right\"><\/i><\/span><\/li><li><a href=\"\/icra-iflas-hukuku\">\u0130cra ve \u0130flas Hukuku<\/a><span><i class=\"fa-sharp fa-light fa-arrow-right\"><\/i><\/span><\/li><li><a href=\"\/uluslararasi-hukuk\">Uluslararas\u0131 Hukuk<\/a><span><i class=\"fa-sharp fa-light fa-arrow-right\"><\/i><\/span><\/li><li><a href=\"\/aile-ve-kisiler-hukuku\">Aile ve Ki\u015filer Hukuku<\/a><span><i class=\"fa-sharp fa-light fa-arrow-right\"><\/i><\/span><\/li><li><a href=\"\/miras-hukuku\">Miras Hukuku<\/a><span><i class=\"fa-sharp fa-light fa-arrow-right\"><\/i><\/span><\/li><li><a href=\"\/sirketler-ve-ticaret-hukuku\">\u015eirketler ve Ticaret Hukuku<\/a><span><i class=\"fa-sharp fa-light fa-arrow-right\"><\/i><\/span><\/li><li><a href=\"\/fikri-ve-sinai-mulkiyet-hukuku%20\">Fikri ve S\u0131nai M\u00fclkiyet Hukuku<\/a><span><i class=\"fa-sharp fa-light fa-arrow-right\"><\/i><\/span><\/li><li><a href=\"\/yabancilar-hukuku\">Yabanc\u0131lar Hukuku<\/a><span><i class=\"fa-sharp fa-light fa-arrow-right\"><\/i><\/span><\/li><li><a href=\"\/ceza-hukuku\">Ceza Hukuku<\/a><span><i class=\"fa-sharp fa-light fa-arrow-right\"><\/i><\/span><\/li><li><a href=\"\/gayrimenkul-ve-kira-hukuku\">Gayrimenkul ve Kira Hukuku<\/a><span><i class=\"fa-sharp fa-light fa-arrow-right\"><\/i><\/span><\/li><li><a href=\"\/is-ve-sosyal-guvenlik-hukuku%20\">\u0130\u015f ve Sosyal G\u00fcvenlik Hukuku<\/a><span><i class=\"fa-sharp fa-light fa-arrow-right\"><\/i><\/span><\/li><li><a href=\"\/ticari-sozlesmeler-ve-sozlesme-yonetimi\">Ticari S\u00f6zle\u015fmeler ve S\u00f6zle\u015fme Y\u00f6netimi<\/a><span><i class=\"fa-sharp fa-light fa-arrow-right\"><\/i><\/span><\/li><li><a href=\"\/sigorta-hukuku\">Sigorta Hukuku<\/a><span><i class=\"fa-sharp fa-light fa-arrow-right\"><\/i><\/span><\/li><\/ul><\/div>\t\t\t\t<\/div>\n\t\t\t\t<\/div>\n\t\t\t\t<div class=\"elementor-element elementor-element-289ae59 elementor-widget elementor-widget-ensafcontactinfo\" data-id=\"289ae59\" data-element_type=\"widget\" data-widget_type=\"ensafcontactinfo.default\">\n\t\t\t\t<div class=\"elementor-widget-container\">\n\t\t\t\t\t<div class=\"widget widget_call  \"><div class=\"widget-call\"><p class=\"box_text\">Hukuki destek talepleriniz i\u00e7in bizimle ileti\u015fime ge\u00e7ebilirsiniz<\/p><div class=\"widget_call\"><div class=\"info-box\"><div class=\"info-box_icon\"><i class=\"fas fa-phone\"><\/i><\/div><div><span class=\"info-box_subtitle\">Telefon<\/span><p class=\"info-box_text\"><a href=\"tel:05465871333\" class=\"info-box_link\">0546 587 13 33<\/a><\/p><\/div><\/div><div class=\"info-box\"><div class=\"info-box_icon\"><i class=\"fas fa-envelope\"><\/i><\/div><div><span class=\"info-box_subtitle\">Mail<\/span><p class=\"info-box_text\"><a href=\"mailto:ummusen@iyiolhukuk.com\" class=\"info-box_link\">ummusen@iyiolhukuk.com<\/a><\/p><\/div><\/div><div class=\"info-box\"><div class=\"info-box_icon\"><i class=\"fa-solid fa-location-dot\"><\/i><\/div><div><span class=\"info-box_subtitle\">Ofis Adresi<\/span><p class=\"info-box_text\">Mimar Sinan Mahallesi Kale Apartman\u0131 6044. Sokak No:1  B Manavgat \/ Antalya<br><br><\/p><\/div><\/div><\/div><\/div><\/div>\t\t\t\t<\/div>\n\t\t\t\t<\/div>\n\t\t\t\t<\/div>\n\t\t\t\t\t<\/div>\n\t\t\t\t<\/div>\n\t\t\t\t<\/div>\n\t\t","protected":false},"excerpt":{"rendered":"<p>Ticari S\u00f6zle\u015fmeler ve S\u00f6zle\u015fme Y\u00f6netimi Ticari hayat\u0131n temelini olu\u015fturan s\u00f6zle\u015fmelerin haz\u0131rlanmas\u0131, revizesi ve m\u00fczakere s\u00fcre\u00e7lerinde \u0130yiol Hukuk, taraflar\u0131n menfaatlerini g\u00f6zeten net, s\u00fcrd\u00fcr\u00fclebilir ve ihtilaflar\u0131 \u00f6nleyici \u00e7\u00f6z\u00fcmler sunar. Uluslararas\u0131 ticarette kullan\u0131lan iki dilli s\u00f6zle\u015fme haz\u0131rlama konusunda da destek sa\u011flanmaktad\u0131r. \u015eirket Kurulu\u015fu, Hisse Devri ve Ortakl\u0131k Yap\u0131lar\u0131 Yeni \u015firket kurulu\u015flar\u0131ndan, hisse devri ve pay sahipleri aras\u0131ndaki ili\u015fkilerin&#8230;<\/p>","protected":false},"author":1,"featured_media":0,"parent":0,"menu_order":0,"comment_status":"closed","ping_status":"closed","template":"template-builder.php","meta":{"footnotes":""},"class_list":["post-4398","page","type-page","status-publish","hentry"],"yoast_head":"<!-- This site is optimized with the Yoast SEO plugin v27.4 - https:\/\/yoast.com\/product\/yoast-seo-wordpress\/ -->\n<title>Ticari S\u00f6zle\u015fmeler ve S\u00f6zle\u015fme Y\u00f6netimi - \u0130yiol Hukuk | Avukat \u00dcmm\u00fc\u015fen \u0130yiol<\/title>\n<meta name=\"robots\" content=\"index, follow, max-snippet:-1, max-image-preview:large, max-video-preview:-1\" \/>\n<link rel=\"canonical\" href=\"https:\/\/iyiolhukuk.com\/en\/ticari-sozlesmeler-ve-sozlesme-yonetimi\/\" \/>\n<meta property=\"og:locale\" content=\"en_GB\" \/>\n<meta property=\"og:type\" content=\"article\" \/>\n<meta property=\"og:title\" content=\"Ticari S\u00f6zle\u015fmeler ve S\u00f6zle\u015fme Y\u00f6netimi - \u0130yiol Hukuk | Avukat \u00dcmm\u00fc\u015fen \u0130yiol\" \/>\n<meta property=\"og:description\" content=\"Ticari S\u00f6zle\u015fmeler ve S\u00f6zle\u015fme Y\u00f6netimi Ticari hayat\u0131n temelini olu\u015fturan s\u00f6zle\u015fmelerin haz\u0131rlanmas\u0131, revizesi ve m\u00fczakere s\u00fcre\u00e7lerinde \u0130yiol Hukuk, taraflar\u0131n menfaatlerini g\u00f6zeten net, s\u00fcrd\u00fcr\u00fclebilir ve ihtilaflar\u0131 \u00f6nleyici \u00e7\u00f6z\u00fcmler sunar. Uluslararas\u0131 ticarette kullan\u0131lan iki dilli s\u00f6zle\u015fme haz\u0131rlama konusunda da destek sa\u011flanmaktad\u0131r. \u015eirket Kurulu\u015fu, Hisse Devri ve Ortakl\u0131k Yap\u0131lar\u0131 Yeni \u015firket kurulu\u015flar\u0131ndan, hisse devri ve pay sahipleri aras\u0131ndaki ili\u015fkilerin...\" \/>\n<meta property=\"og:url\" content=\"https:\/\/iyiolhukuk.com\/en\/ticari-sozlesmeler-ve-sozlesme-yonetimi\/\" \/>\n<meta property=\"og:site_name\" content=\"\u0130yiol Hukuk | Avukat \u00dcmm\u00fc\u015fen \u0130yiol\" \/>\n<meta property=\"article:modified_time\" content=\"2025-06-06T00:14:56+00:00\" \/>\n<meta property=\"og:image\" content=\"https:\/\/iyiolhukuk.com\/wp-content\/uploads\/2025\/05\/ticari-sozlesmeler-ve-sozlesme-yonetimi-hizmet.webp\" \/>\n\t<meta property=\"og:image:width\" content=\"1280\" \/>\n\t<meta property=\"og:image:height\" content=\"853\" \/>\n\t<meta property=\"og:image:type\" content=\"image\/webp\" \/>\n<meta name=\"twitter:card\" content=\"summary_large_image\" \/>\n<script type=\"application\/ld+json\" class=\"yoast-schema-graph\">{\"@context\":\"https:\\\/\\\/schema.org\",\"@graph\":[{\"@type\":\"WebPage\",\"@id\":\"https:\\\/\\\/iyiolhukuk.com\\\/ticari-sozlesmeler-ve-sozlesme-yonetimi\\\/\",\"url\":\"https:\\\/\\\/iyiolhukuk.com\\\/ticari-sozlesmeler-ve-sozlesme-yonetimi\\\/\",\"name\":\"Ticari S\u00f6zle\u015fmeler ve S\u00f6zle\u015fme Y\u00f6netimi - \u0130yiol Hukuk | Avukat \u00dcmm\u00fc\u015fen \u0130yiol\",\"isPartOf\":{\"@id\":\"https:\\\/\\\/iyiolhukuk.com\\\/#website\"},\"primaryImageOfPage\":{\"@id\":\"https:\\\/\\\/iyiolhukuk.com\\\/ticari-sozlesmeler-ve-sozlesme-yonetimi\\\/#primaryimage\"},\"image\":{\"@id\":\"https:\\\/\\\/iyiolhukuk.com\\\/ticari-sozlesmeler-ve-sozlesme-yonetimi\\\/#primaryimage\"},\"thumbnailUrl\":\"https:\\\/\\\/iyiolhukuk.com\\\/wp-content\\\/uploads\\\/2025\\\/05\\\/ticari-sozlesmeler-ve-sozlesme-yonetimi-hizmet.webp\",\"datePublished\":\"2025-05-25T18:25:52+00:00\",\"dateModified\":\"2025-06-06T00:14:56+00:00\",\"breadcrumb\":{\"@id\":\"https:\\\/\\\/iyiolhukuk.com\\\/ticari-sozlesmeler-ve-sozlesme-yonetimi\\\/#breadcrumb\"},\"inLanguage\":\"en-GB\",\"potentialAction\":[{\"@type\":\"ReadAction\",\"target\":[\"https:\\\/\\\/iyiolhukuk.com\\\/ticari-sozlesmeler-ve-sozlesme-yonetimi\\\/\"]}]},{\"@type\":\"ImageObject\",\"inLanguage\":\"en-GB\",\"@id\":\"https:\\\/\\\/iyiolhukuk.com\\\/ticari-sozlesmeler-ve-sozlesme-yonetimi\\\/#primaryimage\",\"url\":\"https:\\\/\\\/iyiolhukuk.com\\\/wp-content\\\/uploads\\\/2025\\\/05\\\/ticari-sozlesmeler-ve-sozlesme-yonetimi-hizmet.webp\",\"contentUrl\":\"https:\\\/\\\/iyiolhukuk.com\\\/wp-content\\\/uploads\\\/2025\\\/05\\\/ticari-sozlesmeler-ve-sozlesme-yonetimi-hizmet.webp\"},{\"@type\":\"BreadcrumbList\",\"@id\":\"https:\\\/\\\/iyiolhukuk.com\\\/ticari-sozlesmeler-ve-sozlesme-yonetimi\\\/#breadcrumb\",\"itemListElement\":[{\"@type\":\"ListItem\",\"position\":1,\"name\":\"Anasayfa\",\"item\":\"https:\\\/\\\/iyiolhukuk.com\\\/\"},{\"@type\":\"ListItem\",\"position\":2,\"name\":\"Ticari S\u00f6zle\u015fmeler ve S\u00f6zle\u015fme Y\u00f6netimi\"}]},{\"@type\":\"WebSite\",\"@id\":\"https:\\\/\\\/iyiolhukuk.com\\\/#website\",\"url\":\"https:\\\/\\\/iyiolhukuk.com\\\/\",\"name\":\"\u0130yi Ol Hukuk | \u00dcmm\u00fc\u015fen \u0130yiol\",\"description\":\"Hukuki haklar\u0131n\u0131z\u0131 korumak i\u00e7in yan\u0131n\u0131zday\u0131z\",\"publisher\":{\"@id\":\"https:\\\/\\\/iyiolhukuk.com\\\/#organization\"},\"potentialAction\":[{\"@type\":\"SearchAction\",\"target\":{\"@type\":\"EntryPoint\",\"urlTemplate\":\"https:\\\/\\\/iyiolhukuk.com\\\/?s={search_term_string}\"},\"query-input\":{\"@type\":\"PropertyValueSpecification\",\"valueRequired\":true,\"valueName\":\"search_term_string\"}}],\"inLanguage\":\"en-GB\"},{\"@type\":\"Organization\",\"@id\":\"https:\\\/\\\/iyiolhukuk.com\\\/#organization\",\"name\":\"\u0130yi Ol Hukuk | \u00dcmm\u00fc\u015fen \u0130yiol\",\"url\":\"https:\\\/\\\/iyiolhukuk.com\\\/\",\"logo\":{\"@type\":\"ImageObject\",\"inLanguage\":\"en-GB\",\"@id\":\"https:\\\/\\\/iyiolhukuk.com\\\/#\\\/schema\\\/logo\\\/image\\\/\",\"url\":\"https:\\\/\\\/iyiolhukuk.com\\\/wp-content\\\/uploads\\\/2024\\\/12\\\/Iyiol-Hukuk-Logo.webp\",\"contentUrl\":\"https:\\\/\\\/iyiolhukuk.com\\\/wp-content\\\/uploads\\\/2024\\\/12\\\/Iyiol-Hukuk-Logo.webp\",\"width\":500,\"height\":251,\"caption\":\"\u0130yi Ol Hukuk | \u00dcmm\u00fc\u015fen \u0130yiol\"},\"image\":{\"@id\":\"https:\\\/\\\/iyiolhukuk.com\\\/#\\\/schema\\\/logo\\\/image\\\/\"}}]}<\/script>\n<!-- \/ Yoast SEO plugin. -->","yoast_head_json":{"title":"Ticari S\u00f6zle\u015fmeler ve S\u00f6zle\u015fme Y\u00f6netimi - \u0130yiol Hukuk | Avukat \u00dcmm\u00fc\u015fen \u0130yiol","robots":{"index":"index","follow":"follow","max-snippet":"max-snippet:-1","max-image-preview":"max-image-preview:large","max-video-preview":"max-video-preview:-1"},"canonical":"https:\/\/iyiolhukuk.com\/en\/ticari-sozlesmeler-ve-sozlesme-yonetimi\/","og_locale":"en_GB","og_type":"article","og_title":"Ticari S\u00f6zle\u015fmeler ve S\u00f6zle\u015fme Y\u00f6netimi - \u0130yiol Hukuk | Avukat \u00dcmm\u00fc\u015fen \u0130yiol","og_description":"Ticari S\u00f6zle\u015fmeler ve S\u00f6zle\u015fme Y\u00f6netimi Ticari hayat\u0131n temelini olu\u015fturan s\u00f6zle\u015fmelerin haz\u0131rlanmas\u0131, revizesi ve m\u00fczakere s\u00fcre\u00e7lerinde \u0130yiol Hukuk, taraflar\u0131n menfaatlerini g\u00f6zeten net, s\u00fcrd\u00fcr\u00fclebilir ve ihtilaflar\u0131 \u00f6nleyici \u00e7\u00f6z\u00fcmler sunar. Uluslararas\u0131 ticarette kullan\u0131lan iki dilli s\u00f6zle\u015fme haz\u0131rlama konusunda da destek sa\u011flanmaktad\u0131r. \u015eirket Kurulu\u015fu, Hisse Devri ve Ortakl\u0131k Yap\u0131lar\u0131 Yeni \u015firket kurulu\u015flar\u0131ndan, hisse devri ve pay sahipleri aras\u0131ndaki ili\u015fkilerin...","og_url":"https:\/\/iyiolhukuk.com\/en\/ticari-sozlesmeler-ve-sozlesme-yonetimi\/","og_site_name":"\u0130yiol Hukuk | Avukat \u00dcmm\u00fc\u015fen \u0130yiol","article_modified_time":"2025-06-06T00:14:56+00:00","og_image":[{"width":1280,"height":853,"url":"https:\/\/iyiolhukuk.com\/wp-content\/uploads\/2025\/05\/ticari-sozlesmeler-ve-sozlesme-yonetimi-hizmet.webp","type":"image\/webp"}],"twitter_card":"summary_large_image","schema":{"@context":"https:\/\/schema.org","@graph":[{"@type":"WebPage","@id":"https:\/\/iyiolhukuk.com\/ticari-sozlesmeler-ve-sozlesme-yonetimi\/","url":"https:\/\/iyiolhukuk.com\/ticari-sozlesmeler-ve-sozlesme-yonetimi\/","name":"Ticari S\u00f6zle\u015fmeler ve S\u00f6zle\u015fme Y\u00f6netimi - \u0130yiol Hukuk | Avukat \u00dcmm\u00fc\u015fen \u0130yiol","isPartOf":{"@id":"https:\/\/iyiolhukuk.com\/#website"},"primaryImageOfPage":{"@id":"https:\/\/iyiolhukuk.com\/ticari-sozlesmeler-ve-sozlesme-yonetimi\/#primaryimage"},"image":{"@id":"https:\/\/iyiolhukuk.com\/ticari-sozlesmeler-ve-sozlesme-yonetimi\/#primaryimage"},"thumbnailUrl":"https:\/\/iyiolhukuk.com\/wp-content\/uploads\/2025\/05\/ticari-sozlesmeler-ve-sozlesme-yonetimi-hizmet.webp","datePublished":"2025-05-25T18:25:52+00:00","dateModified":"2025-06-06T00:14:56+00:00","breadcrumb":{"@id":"https:\/\/iyiolhukuk.com\/ticari-sozlesmeler-ve-sozlesme-yonetimi\/#breadcrumb"},"inLanguage":"en-GB","potentialAction":[{"@type":"ReadAction","target":["https:\/\/iyiolhukuk.com\/ticari-sozlesmeler-ve-sozlesme-yonetimi\/"]}]},{"@type":"ImageObject","inLanguage":"en-GB","@id":"https:\/\/iyiolhukuk.com\/ticari-sozlesmeler-ve-sozlesme-yonetimi\/#primaryimage","url":"https:\/\/iyiolhukuk.com\/wp-content\/uploads\/2025\/05\/ticari-sozlesmeler-ve-sozlesme-yonetimi-hizmet.webp","contentUrl":"https:\/\/iyiolhukuk.com\/wp-content\/uploads\/2025\/05\/ticari-sozlesmeler-ve-sozlesme-yonetimi-hizmet.webp"},{"@type":"BreadcrumbList","@id":"https:\/\/iyiolhukuk.com\/ticari-sozlesmeler-ve-sozlesme-yonetimi\/#breadcrumb","itemListElement":[{"@type":"ListItem","position":1,"name":"Anasayfa","item":"https:\/\/iyiolhukuk.com\/"},{"@type":"ListItem","position":2,"name":"Ticari S\u00f6zle\u015fmeler ve S\u00f6zle\u015fme Y\u00f6netimi"}]},{"@type":"WebSite","@id":"https:\/\/iyiolhukuk.com\/#website","url":"https:\/\/iyiolhukuk.com\/","name":"\u0130yi Ol Hukuk | \u00dcmm\u00fc\u015fen \u0130yiol","description":"Hukuki haklar\u0131n\u0131z\u0131 korumak i\u00e7in yan\u0131n\u0131zday\u0131z","publisher":{"@id":"https:\/\/iyiolhukuk.com\/#organization"},"potentialAction":[{"@type":"SearchAction","target":{"@type":"EntryPoint","urlTemplate":"https:\/\/iyiolhukuk.com\/?s={search_term_string}"},"query-input":{"@type":"PropertyValueSpecification","valueRequired":true,"valueName":"search_term_string"}}],"inLanguage":"en-GB"},{"@type":"Organization","@id":"https:\/\/iyiolhukuk.com\/#organization","name":"\u0130yi Ol Hukuk | \u00dcmm\u00fc\u015fen \u0130yiol","url":"https:\/\/iyiolhukuk.com\/","logo":{"@type":"ImageObject","inLanguage":"en-GB","@id":"https:\/\/iyiolhukuk.com\/#\/schema\/logo\/image\/","url":"https:\/\/iyiolhukuk.com\/wp-content\/uploads\/2024\/12\/Iyiol-Hukuk-Logo.webp","contentUrl":"https:\/\/iyiolhukuk.com\/wp-content\/uploads\/2024\/12\/Iyiol-Hukuk-Logo.webp","width":500,"height":251,"caption":"\u0130yi Ol Hukuk | \u00dcmm\u00fc\u015fen \u0130yiol"},"image":{"@id":"https:\/\/iyiolhukuk.com\/#\/schema\/logo\/image\/"}}]}},"_links":{"self":[{"href":"https:\/\/iyiolhukuk.com\/en\/wp-json\/wp\/v2\/pages\/4398","targetHints":{"allow":["GET"]}}],"collection":[{"href":"https:\/\/iyiolhukuk.com\/en\/wp-json\/wp\/v2\/pages"}],"about":[{"href":"https:\/\/iyiolhukuk.com\/en\/wp-json\/wp\/v2\/types\/page"}],"author":[{"embeddable":true,"href":"https:\/\/iyiolhukuk.com\/en\/wp-json\/wp\/v2\/users\/1"}],"replies":[{"embeddable":true,"href":"https:\/\/iyiolhukuk.com\/en\/wp-json\/wp\/v2\/comments?post=4398"}],"version-history":[{"count":10,"href":"https:\/\/iyiolhukuk.com\/en\/wp-json\/wp\/v2\/pages\/4398\/revisions"}],"predecessor-version":[{"id":4711,"href":"https:\/\/iyiolhukuk.com\/en\/wp-json\/wp\/v2\/pages\/4398\/revisions\/4711"}],"wp:attachment":[{"href":"https:\/\/iyiolhukuk.com\/en\/wp-json\/wp\/v2\/media?parent=4398"}],"curies":[{"name":"wp","href":"https:\/\/api.w.org\/{rel}","templated":true}]}}