{"id":4389,"date":"2025-05-25T17:50:28","date_gmt":"2025-05-25T14:50:28","guid":{"rendered":"https:\/\/iyiolhukuk.com\/?page_id=4389"},"modified":"2025-06-06T03:14:29","modified_gmt":"2025-06-06T00:14:29","slug":"is-ve-sosyal-guvenlik-hukuku","status":"publish","type":"page","link":"https:\/\/iyiolhukuk.com\/en\/is-ve-sosyal-guvenlik-hukuku\/","title":{"rendered":"Labor and Social Security Law"},"content":{"rendered":"<div data-elementor-type=\"wp-page\" data-elementor-id=\"4389\" class=\"elementor elementor-4389\">\n\t\t\t\t<div class=\"elementor-element elementor-element-2e426df e-flex e-con-boxed e-con e-parent\" data-id=\"2e426df\" data-element_type=\"container\">\n\t\t\t\t\t<div class=\"e-con-inner\">\n\t\t<div class=\"elementor-element elementor-element-c847a3a e-con-full e-flex e-con e-child\" data-id=\"c847a3a\" data-element_type=\"container\">\n\t\t\t\t<div class=\"elementor-element elementor-element-5babf74 elementor-widget elementor-widget-heading\" data-id=\"5babf74\" data-element_type=\"widget\" data-widget_type=\"heading.default\">\n\t\t\t\t<div class=\"elementor-widget-container\">\n\t\t\t\t\t<h2 class=\"elementor-heading-title elementor-size-default\">Labor and Social Security Law<\/h2>\t\t\t\t<\/div>\n\t\t\t\t<\/div>\n\t\t\t\t<div class=\"elementor-element elementor-element-4edacb9 elementor-widget elementor-widget-image\" data-id=\"4edacb9\" data-element_type=\"widget\" data-widget_type=\"image.default\">\n\t\t\t\t<div class=\"elementor-widget-container\">\n\t\t\t\t\t\t\t\t\t\t\t\t\t\t\t<img fetchpriority=\"high\" decoding=\"async\" width=\"1280\" height=\"561\" src=\"https:\/\/iyiolhukuk.com\/wp-content\/uploads\/2025\/05\/is-ve-sosyal-guvenlik-hukuku-hizmet.webp\" class=\"attachment-full size-full wp-image-4394\" alt=\"is-ve-sosyal-guvenlik-hukuku-hizmet\" srcset=\"https:\/\/iyiolhukuk.com\/wp-content\/uploads\/2025\/05\/is-ve-sosyal-guvenlik-hukuku-hizmet.webp 1280w, https:\/\/iyiolhukuk.com\/wp-content\/uploads\/2025\/05\/is-ve-sosyal-guvenlik-hukuku-hizmet-300x131.webp 300w, https:\/\/iyiolhukuk.com\/wp-content\/uploads\/2025\/05\/is-ve-sosyal-guvenlik-hukuku-hizmet-1024x449.webp 1024w, https:\/\/iyiolhukuk.com\/wp-content\/uploads\/2025\/05\/is-ve-sosyal-guvenlik-hukuku-hizmet-768x337.webp 768w, https:\/\/iyiolhukuk.com\/wp-content\/uploads\/2025\/05\/is-ve-sosyal-guvenlik-hukuku-hizmet-600x263.webp 600w\" sizes=\"(max-width: 1280px) 100vw, 1280px\" \/>\t\t\t\t\t\t\t\t\t\t\t\t\t\t\t<\/div>\n\t\t\t\t<\/div>\n\t\t\r\n\t\t<div class=\"elementor-element elementor-element-5db7b3d elementor-widget elementor-widget-text-editor\" data-id=\"5db7b3d\" data-element_type=\"widget\" data-widget_type=\"text-editor.default\">\n\t\t\t\t<div class=\"elementor-widget-container\">\n\t\t\t\t\t\t\t\t\t<div><p class=\"first:mt-1.5\">\u0130yiol Law Firm offers effective solutions in accordance with current legislation for all kinds of disputes that may arise between employees and employers. Attorney \u00dcmm\u00fc\u015fen \u0130yiol provides consultancy and litigation services to both individual and corporate clients throughout the entire process from the beginning of the employment relationship to its termination.<\/p><p class=\"first:mt-1.5\">While Labor Law aims to ensure that working life continues safely, Social Security Law also secures workers&#039; health, retirement and other social rights. Regulations in these areas are of great importance in preventing or effectively resolving many disputes that may arise in labor relations.<\/p><hr \/><h4>Main services provided by \u0130yiol Law:<\/h4><ul class=\"list-disc\"><li class=\"ml-4\">Reinstatement cases and resolution of disputes arising from employment contracts<\/li><li class=\"ml-4\">Severance pay, notice pay, overtime and annual leave receivables<\/li><li class=\"ml-4\">Compensation cases arising from work accidents and occupational diseases<\/li><li class=\"ml-4\">Preparation and revision of service contracts<\/li><li class=\"ml-4\">Corporate employer consultancy (internal workplace regulations, disciplinary processes, payroll audit)<\/li><li class=\"ml-4\">Social Security premium disputes and insurance determination cases<\/li><li class=\"ml-4\">Receivables arising from collective labor agreements<\/li><li class=\"ml-4\">Monitoring of social security applications and objection processes<\/li><\/ul><hr \/><p class=\"first:mt-1.5\">\u0130yiol Law Firm contributes to the preservation of labor peace, prevention of loss of rights and rapid conclusion of legal processes by clearly determining the rights and obligations of the parties.<\/p><\/div>\t\t\t\t\t\t\t\t<\/div>\n\t\t\t\t<\/div>\n\t\t\t\t<\/div>\n\t\t<div class=\"elementor-element elementor-element-932d58e e-con-full e-flex e-con e-child\" data-id=\"932d58e\" data-element_type=\"container\">\n\t\t\t\t<div class=\"elementor-element elementor-element-c3936ef elementor-widget elementor-widget-ensafservicelist\" data-id=\"c3936ef\" data-element_type=\"widget\" data-widget_type=\"ensafservicelist.default\">\n\t\t\t\t<div class=\"elementor-widget-container\">\n\t\t\t\t\t<div class=\"widget widget_categories\"><h3 class=\"widget_title\">All Our Services<\/h3><ul><li><a href=\"\/en\/turizm-hukuku\/\">Tourism Law<\/a><span><i class=\"fa-sharp fa-light fa-arrow-right\"><\/i><\/span><\/li><li><a href=\"\/en\/icra-iflas-hukuku\/\">Execution and Bankruptcy Law<\/a><span><i class=\"fa-sharp fa-light fa-arrow-right\"><\/i><\/span><\/li><li><a href=\"\/en\/uluslararasi-hukuk\/\">International law<\/a><span><i class=\"fa-sharp fa-light fa-arrow-right\"><\/i><\/span><\/li><li><a href=\"\/en\/aile-ve-kisiler-hukuku\/\">Family and Personal Law<\/a><span><i class=\"fa-sharp fa-light fa-arrow-right\"><\/i><\/span><\/li><li><a href=\"\/en\/miras-hukuku\/\">Inheritance Law<\/a><span><i class=\"fa-sharp fa-light fa-arrow-right\"><\/i><\/span><\/li><li><a href=\"\/en\/sirketler-ve-ticaret-hukuku\/\">Corporate and Commercial Law<\/a><span><i class=\"fa-sharp fa-light fa-arrow-right\"><\/i><\/span><\/li><li><a href=\"\/en\/fikri-ve-sinai-mulkiyet-hukuku%20\/\">Intellectual and Industrial Property Law<\/a><span><i class=\"fa-sharp fa-light fa-arrow-right\"><\/i><\/span><\/li><li><a href=\"\/en\/yabancilar-hukuku\/\">Foreigners Law<\/a><span><i class=\"fa-sharp fa-light fa-arrow-right\"><\/i><\/span><\/li><li><a href=\"\/en\/ceza-hukuku\/\">Criminal law<\/a><span><i class=\"fa-sharp fa-light fa-arrow-right\"><\/i><\/span><\/li><li><a href=\"\/en\/gayrimenkul-ve-kira-hukuku\/\">Real Estate and Tenancy Law<\/a><span><i class=\"fa-sharp fa-light fa-arrow-right\"><\/i><\/span><\/li><li><a href=\"\/en\/is-ve-sosyal-guvenlik-hukuku%20\/\">Labor and Social Security Law<\/a><span><i class=\"fa-sharp fa-light fa-arrow-right\"><\/i><\/span><\/li><li><a href=\"\/en\/ticari-sozlesmeler-ve-sozlesme-yonetimi\/\">Commercial Contracts and Contract Management<\/a><span><i class=\"fa-sharp fa-light fa-arrow-right\"><\/i><\/span><\/li><li><a href=\"\/en\/sigorta-hukuku\/\">Insurance Law<\/a><span><i class=\"fa-sharp fa-light fa-arrow-right\"><\/i><\/span><\/li><\/ul><\/div>\t\t\t\t<\/div>\n\t\t\t\t<\/div>\n\t\t\t\t<div class=\"elementor-element elementor-element-169fe3f elementor-widget elementor-widget-ensafcontactinfo\" data-id=\"169fe3f\" data-element_type=\"widget\" data-widget_type=\"ensafcontactinfo.default\">\n\t\t\t\t<div class=\"elementor-widget-container\">\n\t\t\t\t\t<div class=\"widget widget_call\"><div class=\"widget-call\"><p class=\"box_text\">You can contact us for your legal support requests.<\/p><div class=\"widget_call\"><div class=\"info-box\"><div class=\"info-box_icon\"><i class=\"fas fa-phone\"><\/i><\/div><div><span class=\"info-box_subtitle\">Telephone<\/span><p class=\"info-box_text\"><a href=\"tel:05465871333\" class=\"info-box_link\">0546 587 13 33<\/a><\/p><\/div><\/div><div class=\"info-box\"><div class=\"info-box_icon\"><i class=\"fas fa-envelope\"><\/i><\/div><div><span class=\"info-box_subtitle\">Email<\/span><p class=\"info-box_text\"><a href=\"mailto:ummusen@iyiolhukuk.com\" class=\"info-box_link\">ummusen@iyiolhukuk.com<\/a><\/p><\/div><\/div><div class=\"info-box\"><div class=\"info-box_icon\"><i class=\"fa-solid fa-location-dot\"><\/i><\/div><div><span class=\"info-box_subtitle\">Office Address<\/span><p class=\"info-box_text\">Mimar Sinan Neighborhood Kale Apartment 6044. Street No:1 B Manavgat \/ Antalya<br><br><\/p><\/div><\/div><\/div><\/div><\/div>\t\t\t\t<\/div>\n\t\t\t\t<\/div>\n\t\t\t\t<\/div>\n\t\t\t\t\t<\/div>\n\t\t\t\t<\/div>\n\t\t\t\t<\/div>","protected":false},"excerpt":{"rendered":"<p>\u0130\u015f ve Sosyal G\u00fcvenlik Hukuku \u0130yiol Hukuk, i\u015f\u00e7i ve i\u015fveren aras\u0131nda do\u011fabilecek her t\u00fcrl\u00fc uyu\u015fmazl\u0131kta, g\u00fcncel mevzuata uygun ve etkin \u00e7\u00f6z\u00fcmler sunar. Av. \u00dcmm\u00fc\u015fen \u0130yiol, i\u015f ili\u015fkisinin ba\u015flang\u0131c\u0131ndan sona ermesine kadar olan t\u00fcm s\u00fcre\u00e7te, hem bireysel hem kurumsal m\u00fcvekkillere dan\u0131\u015fmanl\u0131k ve dava takibi hizmeti vermektedir. \u0130\u015f Hukuku, \u00e7al\u0131\u015fma ya\u015fam\u0131n\u0131n g\u00fcven i\u00e7inde s\u00fcrd\u00fcr\u00fclmesini ama\u00e7larken; Sosyal G\u00fcvenlik&#8230;<\/p>","protected":false},"author":1,"featured_media":0,"parent":0,"menu_order":0,"comment_status":"closed","ping_status":"closed","template":"template-builder.php","meta":{"footnotes":""},"class_list":["post-4389","page","type-page","status-publish","hentry"],"yoast_head":"<!-- This site is optimized with the Yoast SEO plugin v27.4 - https:\/\/yoast.com\/product\/yoast-seo-wordpress\/ -->\n<title>\u0130\u015f ve Sosyal G\u00fcvenlik Hukuku - \u0130yiol Hukuk | Avukat \u00dcmm\u00fc\u015fen \u0130yiol<\/title>\n<meta name=\"robots\" content=\"index, follow, max-snippet:-1, max-image-preview:large, max-video-preview:-1\" \/>\n<link rel=\"canonical\" href=\"https:\/\/iyiolhukuk.com\/en\/is-ve-sosyal-guvenlik-hukuku\/\" \/>\n<meta property=\"og:locale\" content=\"en_GB\" \/>\n<meta property=\"og:type\" content=\"article\" \/>\n<meta property=\"og:title\" content=\"\u0130\u015f ve Sosyal G\u00fcvenlik Hukuku - \u0130yiol Hukuk | Avukat \u00dcmm\u00fc\u015fen \u0130yiol\" \/>\n<meta property=\"og:description\" content=\"\u0130\u015f ve Sosyal G\u00fcvenlik Hukuku \u0130yiol Hukuk, i\u015f\u00e7i ve i\u015fveren aras\u0131nda do\u011fabilecek her t\u00fcrl\u00fc uyu\u015fmazl\u0131kta, g\u00fcncel mevzuata uygun ve etkin \u00e7\u00f6z\u00fcmler sunar. Av. \u00dcmm\u00fc\u015fen \u0130yiol, i\u015f ili\u015fkisinin ba\u015flang\u0131c\u0131ndan sona ermesine kadar olan t\u00fcm s\u00fcre\u00e7te, hem bireysel hem kurumsal m\u00fcvekkillere dan\u0131\u015fmanl\u0131k ve dava takibi hizmeti vermektedir. \u0130\u015f Hukuku, \u00e7al\u0131\u015fma ya\u015fam\u0131n\u0131n g\u00fcven i\u00e7inde s\u00fcrd\u00fcr\u00fclmesini ama\u00e7larken; Sosyal G\u00fcvenlik...\" \/>\n<meta property=\"og:url\" content=\"https:\/\/iyiolhukuk.com\/en\/is-ve-sosyal-guvenlik-hukuku\/\" \/>\n<meta property=\"og:site_name\" content=\"\u0130yiol Hukuk | Avukat \u00dcmm\u00fc\u015fen \u0130yiol\" \/>\n<meta property=\"article:modified_time\" content=\"2025-06-06T00:14:29+00:00\" \/>\n<meta property=\"og:image\" content=\"https:\/\/iyiolhukuk.com\/wp-content\/uploads\/2025\/05\/is-ve-sosyal-guvenlik-hukuku-hizmet.webp\" \/>\n\t<meta property=\"og:image:width\" content=\"1280\" \/>\n\t<meta property=\"og:image:height\" content=\"561\" \/>\n\t<meta property=\"og:image:type\" content=\"image\/webp\" \/>\n<meta name=\"twitter:card\" content=\"summary_large_image\" \/>\n<script type=\"application\/ld+json\" class=\"yoast-schema-graph\">{\"@context\":\"https:\\\/\\\/schema.org\",\"@graph\":[{\"@type\":\"WebPage\",\"@id\":\"https:\\\/\\\/iyiolhukuk.com\\\/is-ve-sosyal-guvenlik-hukuku\\\/\",\"url\":\"https:\\\/\\\/iyiolhukuk.com\\\/is-ve-sosyal-guvenlik-hukuku\\\/\",\"name\":\"\u0130\u015f ve Sosyal G\u00fcvenlik Hukuku - \u0130yiol Hukuk | Avukat \u00dcmm\u00fc\u015fen \u0130yiol\",\"isPartOf\":{\"@id\":\"https:\\\/\\\/iyiolhukuk.com\\\/#website\"},\"primaryImageOfPage\":{\"@id\":\"https:\\\/\\\/iyiolhukuk.com\\\/is-ve-sosyal-guvenlik-hukuku\\\/#primaryimage\"},\"image\":{\"@id\":\"https:\\\/\\\/iyiolhukuk.com\\\/is-ve-sosyal-guvenlik-hukuku\\\/#primaryimage\"},\"thumbnailUrl\":\"https:\\\/\\\/iyiolhukuk.com\\\/wp-content\\\/uploads\\\/2025\\\/05\\\/is-ve-sosyal-guvenlik-hukuku-hizmet.webp\",\"datePublished\":\"2025-05-25T14:50:28+00:00\",\"dateModified\":\"2025-06-06T00:14:29+00:00\",\"breadcrumb\":{\"@id\":\"https:\\\/\\\/iyiolhukuk.com\\\/is-ve-sosyal-guvenlik-hukuku\\\/#breadcrumb\"},\"inLanguage\":\"en-GB\",\"potentialAction\":[{\"@type\":\"ReadAction\",\"target\":[\"https:\\\/\\\/iyiolhukuk.com\\\/is-ve-sosyal-guvenlik-hukuku\\\/\"]}]},{\"@type\":\"ImageObject\",\"inLanguage\":\"en-GB\",\"@id\":\"https:\\\/\\\/iyiolhukuk.com\\\/is-ve-sosyal-guvenlik-hukuku\\\/#primaryimage\",\"url\":\"https:\\\/\\\/iyiolhukuk.com\\\/wp-content\\\/uploads\\\/2025\\\/05\\\/is-ve-sosyal-guvenlik-hukuku-hizmet.webp\",\"contentUrl\":\"https:\\\/\\\/iyiolhukuk.com\\\/wp-content\\\/uploads\\\/2025\\\/05\\\/is-ve-sosyal-guvenlik-hukuku-hizmet.webp\"},{\"@type\":\"BreadcrumbList\",\"@id\":\"https:\\\/\\\/iyiolhukuk.com\\\/is-ve-sosyal-guvenlik-hukuku\\\/#breadcrumb\",\"itemListElement\":[{\"@type\":\"ListItem\",\"position\":1,\"name\":\"Anasayfa\",\"item\":\"https:\\\/\\\/iyiolhukuk.com\\\/\"},{\"@type\":\"ListItem\",\"position\":2,\"name\":\"\u0130\u015f ve Sosyal G\u00fcvenlik Hukuku\"}]},{\"@type\":\"WebSite\",\"@id\":\"https:\\\/\\\/iyiolhukuk.com\\\/#website\",\"url\":\"https:\\\/\\\/iyiolhukuk.com\\\/\",\"name\":\"\u0130yi Ol Hukuk | \u00dcmm\u00fc\u015fen \u0130yiol\",\"description\":\"Hukuki haklar\u0131n\u0131z\u0131 korumak i\u00e7in yan\u0131n\u0131zday\u0131z\",\"publisher\":{\"@id\":\"https:\\\/\\\/iyiolhukuk.com\\\/#organization\"},\"potentialAction\":[{\"@type\":\"SearchAction\",\"target\":{\"@type\":\"EntryPoint\",\"urlTemplate\":\"https:\\\/\\\/iyiolhukuk.com\\\/?s={search_term_string}\"},\"query-input\":{\"@type\":\"PropertyValueSpecification\",\"valueRequired\":true,\"valueName\":\"search_term_string\"}}],\"inLanguage\":\"en-GB\"},{\"@type\":\"Organization\",\"@id\":\"https:\\\/\\\/iyiolhukuk.com\\\/#organization\",\"name\":\"\u0130yi Ol Hukuk | \u00dcmm\u00fc\u015fen \u0130yiol\",\"url\":\"https:\\\/\\\/iyiolhukuk.com\\\/\",\"logo\":{\"@type\":\"ImageObject\",\"inLanguage\":\"en-GB\",\"@id\":\"https:\\\/\\\/iyiolhukuk.com\\\/#\\\/schema\\\/logo\\\/image\\\/\",\"url\":\"https:\\\/\\\/iyiolhukuk.com\\\/wp-content\\\/uploads\\\/2024\\\/12\\\/Iyiol-Hukuk-Logo.webp\",\"contentUrl\":\"https:\\\/\\\/iyiolhukuk.com\\\/wp-content\\\/uploads\\\/2024\\\/12\\\/Iyiol-Hukuk-Logo.webp\",\"width\":500,\"height\":251,\"caption\":\"\u0130yi Ol Hukuk | \u00dcmm\u00fc\u015fen \u0130yiol\"},\"image\":{\"@id\":\"https:\\\/\\\/iyiolhukuk.com\\\/#\\\/schema\\\/logo\\\/image\\\/\"}}]}<\/script>\n<!-- \/ Yoast SEO plugin. -->","yoast_head_json":{"title":"\u0130\u015f ve Sosyal G\u00fcvenlik Hukuku - \u0130yiol Hukuk | Avukat \u00dcmm\u00fc\u015fen \u0130yiol","robots":{"index":"index","follow":"follow","max-snippet":"max-snippet:-1","max-image-preview":"max-image-preview:large","max-video-preview":"max-video-preview:-1"},"canonical":"https:\/\/iyiolhukuk.com\/en\/is-ve-sosyal-guvenlik-hukuku\/","og_locale":"en_GB","og_type":"article","og_title":"\u0130\u015f ve Sosyal G\u00fcvenlik Hukuku - \u0130yiol Hukuk | Avukat \u00dcmm\u00fc\u015fen \u0130yiol","og_description":"\u0130\u015f ve Sosyal G\u00fcvenlik Hukuku \u0130yiol Hukuk, i\u015f\u00e7i ve i\u015fveren aras\u0131nda do\u011fabilecek her t\u00fcrl\u00fc uyu\u015fmazl\u0131kta, g\u00fcncel mevzuata uygun ve etkin \u00e7\u00f6z\u00fcmler sunar. Av. \u00dcmm\u00fc\u015fen \u0130yiol, i\u015f ili\u015fkisinin ba\u015flang\u0131c\u0131ndan sona ermesine kadar olan t\u00fcm s\u00fcre\u00e7te, hem bireysel hem kurumsal m\u00fcvekkillere dan\u0131\u015fmanl\u0131k ve dava takibi hizmeti vermektedir. \u0130\u015f Hukuku, \u00e7al\u0131\u015fma ya\u015fam\u0131n\u0131n g\u00fcven i\u00e7inde s\u00fcrd\u00fcr\u00fclmesini ama\u00e7larken; Sosyal G\u00fcvenlik...","og_url":"https:\/\/iyiolhukuk.com\/en\/is-ve-sosyal-guvenlik-hukuku\/","og_site_name":"\u0130yiol Hukuk | Avukat \u00dcmm\u00fc\u015fen \u0130yiol","article_modified_time":"2025-06-06T00:14:29+00:00","og_image":[{"width":1280,"height":561,"url":"https:\/\/iyiolhukuk.com\/wp-content\/uploads\/2025\/05\/is-ve-sosyal-guvenlik-hukuku-hizmet.webp","type":"image\/webp"}],"twitter_card":"summary_large_image","schema":{"@context":"https:\/\/schema.org","@graph":[{"@type":"WebPage","@id":"https:\/\/iyiolhukuk.com\/is-ve-sosyal-guvenlik-hukuku\/","url":"https:\/\/iyiolhukuk.com\/is-ve-sosyal-guvenlik-hukuku\/","name":"\u0130\u015f ve Sosyal G\u00fcvenlik Hukuku - \u0130yiol Hukuk | Avukat \u00dcmm\u00fc\u015fen \u0130yiol","isPartOf":{"@id":"https:\/\/iyiolhukuk.com\/#website"},"primaryImageOfPage":{"@id":"https:\/\/iyiolhukuk.com\/is-ve-sosyal-guvenlik-hukuku\/#primaryimage"},"image":{"@id":"https:\/\/iyiolhukuk.com\/is-ve-sosyal-guvenlik-hukuku\/#primaryimage"},"thumbnailUrl":"https:\/\/iyiolhukuk.com\/wp-content\/uploads\/2025\/05\/is-ve-sosyal-guvenlik-hukuku-hizmet.webp","datePublished":"2025-05-25T14:50:28+00:00","dateModified":"2025-06-06T00:14:29+00:00","breadcrumb":{"@id":"https:\/\/iyiolhukuk.com\/is-ve-sosyal-guvenlik-hukuku\/#breadcrumb"},"inLanguage":"en-GB","potentialAction":[{"@type":"ReadAction","target":["https:\/\/iyiolhukuk.com\/is-ve-sosyal-guvenlik-hukuku\/"]}]},{"@type":"ImageObject","inLanguage":"en-GB","@id":"https:\/\/iyiolhukuk.com\/is-ve-sosyal-guvenlik-hukuku\/#primaryimage","url":"https:\/\/iyiolhukuk.com\/wp-content\/uploads\/2025\/05\/is-ve-sosyal-guvenlik-hukuku-hizmet.webp","contentUrl":"https:\/\/iyiolhukuk.com\/wp-content\/uploads\/2025\/05\/is-ve-sosyal-guvenlik-hukuku-hizmet.webp"},{"@type":"BreadcrumbList","@id":"https:\/\/iyiolhukuk.com\/is-ve-sosyal-guvenlik-hukuku\/#breadcrumb","itemListElement":[{"@type":"ListItem","position":1,"name":"Anasayfa","item":"https:\/\/iyiolhukuk.com\/"},{"@type":"ListItem","position":2,"name":"\u0130\u015f ve Sosyal G\u00fcvenlik Hukuku"}]},{"@type":"WebSite","@id":"https:\/\/iyiolhukuk.com\/#website","url":"https:\/\/iyiolhukuk.com\/","name":"\u0130yi Ol Hukuk | \u00dcmm\u00fc\u015fen \u0130yiol","description":"Hukuki haklar\u0131n\u0131z\u0131 korumak i\u00e7in yan\u0131n\u0131zday\u0131z","publisher":{"@id":"https:\/\/iyiolhukuk.com\/#organization"},"potentialAction":[{"@type":"SearchAction","target":{"@type":"EntryPoint","urlTemplate":"https:\/\/iyiolhukuk.com\/?s={search_term_string}"},"query-input":{"@type":"PropertyValueSpecification","valueRequired":true,"valueName":"search_term_string"}}],"inLanguage":"en-GB"},{"@type":"Organization","@id":"https:\/\/iyiolhukuk.com\/#organization","name":"\u0130yi Ol Hukuk | \u00dcmm\u00fc\u015fen \u0130yiol","url":"https:\/\/iyiolhukuk.com\/","logo":{"@type":"ImageObject","inLanguage":"en-GB","@id":"https:\/\/iyiolhukuk.com\/#\/schema\/logo\/image\/","url":"https:\/\/iyiolhukuk.com\/wp-content\/uploads\/2024\/12\/Iyiol-Hukuk-Logo.webp","contentUrl":"https:\/\/iyiolhukuk.com\/wp-content\/uploads\/2024\/12\/Iyiol-Hukuk-Logo.webp","width":500,"height":251,"caption":"\u0130yi Ol Hukuk | \u00dcmm\u00fc\u015fen \u0130yiol"},"image":{"@id":"https:\/\/iyiolhukuk.com\/#\/schema\/logo\/image\/"}}]}},"_links":{"self":[{"href":"https:\/\/iyiolhukuk.com\/en\/wp-json\/wp\/v2\/pages\/4389","targetHints":{"allow":["GET"]}}],"collection":[{"href":"https:\/\/iyiolhukuk.com\/en\/wp-json\/wp\/v2\/pages"}],"about":[{"href":"https:\/\/iyiolhukuk.com\/en\/wp-json\/wp\/v2\/types\/page"}],"author":[{"embeddable":true,"href":"https:\/\/iyiolhukuk.com\/en\/wp-json\/wp\/v2\/users\/1"}],"replies":[{"embeddable":true,"href":"https:\/\/iyiolhukuk.com\/en\/wp-json\/wp\/v2\/comments?post=4389"}],"version-history":[{"count":13,"href":"https:\/\/iyiolhukuk.com\/en\/wp-json\/wp\/v2\/pages\/4389\/revisions"}],"predecessor-version":[{"id":4708,"href":"https:\/\/iyiolhukuk.com\/en\/wp-json\/wp\/v2\/pages\/4389\/revisions\/4708"}],"wp:attachment":[{"href":"https:\/\/iyiolhukuk.com\/en\/wp-json\/wp\/v2\/media?parent=4389"}],"curies":[{"name":"wp","href":"https:\/\/api.w.org\/{rel}","templated":true}]}}