{"id":4362,"date":"2025-05-25T17:34:22","date_gmt":"2025-05-25T14:34:22","guid":{"rendered":"https:\/\/iyiolhukuk.com\/?page_id=4362"},"modified":"2025-06-06T03:13:03","modified_gmt":"2025-06-06T00:13:03","slug":"yabancilar-hukuku","status":"publish","type":"page","link":"https:\/\/iyiolhukuk.com\/en\/yabancilar-hukuku\/","title":{"rendered":"Foreigners Law"},"content":{"rendered":"<div data-elementor-type=\"wp-page\" data-elementor-id=\"4362\" class=\"elementor elementor-4362\">\n\t\t\t\t<div class=\"elementor-element elementor-element-2e426df e-flex e-con-boxed e-con e-parent\" data-id=\"2e426df\" data-element_type=\"container\">\n\t\t\t\t\t<div class=\"e-con-inner\">\n\t\t<div class=\"elementor-element elementor-element-c847a3a e-con-full e-flex e-con e-child\" data-id=\"c847a3a\" data-element_type=\"container\">\n\t\t\t\t<div class=\"elementor-element elementor-element-5babf74 elementor-widget elementor-widget-heading\" data-id=\"5babf74\" data-element_type=\"widget\" data-widget_type=\"heading.default\">\n\t\t\t\t<div class=\"elementor-widget-container\">\n\t\t\t\t\t<h2 class=\"elementor-heading-title elementor-size-default\">Foreigners Law<\/h2>\t\t\t\t<\/div>\n\t\t\t\t<\/div>\n\t\t\t\t<div class=\"elementor-element elementor-element-4edacb9 elementor-widget elementor-widget-image\" data-id=\"4edacb9\" data-element_type=\"widget\" data-widget_type=\"image.default\">\n\t\t\t\t<div class=\"elementor-widget-container\">\n\t\t\t\t\t\t\t\t\t\t\t\t\t\t\t<img fetchpriority=\"high\" decoding=\"async\" width=\"1280\" height=\"850\" src=\"https:\/\/iyiolhukuk.com\/wp-content\/uploads\/2025\/05\/yabancilar-hukuku-hizmet.webp\" class=\"attachment-full size-full wp-image-4373\" alt=\"yabancilar-hukuku-hizmet\" srcset=\"https:\/\/iyiolhukuk.com\/wp-content\/uploads\/2025\/05\/yabancilar-hukuku-hizmet.webp 1280w, https:\/\/iyiolhukuk.com\/wp-content\/uploads\/2025\/05\/yabancilar-hukuku-hizmet-300x199.webp 300w, https:\/\/iyiolhukuk.com\/wp-content\/uploads\/2025\/05\/yabancilar-hukuku-hizmet-1024x680.webp 1024w, https:\/\/iyiolhukuk.com\/wp-content\/uploads\/2025\/05\/yabancilar-hukuku-hizmet-768x510.webp 768w, https:\/\/iyiolhukuk.com\/wp-content\/uploads\/2025\/05\/yabancilar-hukuku-hizmet-370x245.webp 370w, https:\/\/iyiolhukuk.com\/wp-content\/uploads\/2025\/05\/yabancilar-hukuku-hizmet-600x398.webp 600w\" sizes=\"(max-width: 1280px) 100vw, 1280px\" \/>\t\t\t\t\t\t\t\t\t\t\t\t\t\t\t<\/div>\n\t\t\t\t<\/div>\n\t\t\r\n\t\t<div class=\"elementor-element elementor-element-5db7b3d elementor-widget elementor-widget-text-editor\" data-id=\"5db7b3d\" data-element_type=\"widget\" data-widget_type=\"text-editor.default\">\n\t\t\t\t<div class=\"elementor-widget-container\">\n\t\t\t\t\t\t\t\t\t<div><p class=\"first:mt-1.5\">\u0130yiol Law Firm provides comprehensive legal consultancy services in accordance with current legislation in the field of Foreigners Law to foreign real and legal persons who reside in T\u00fcrkiye or wish to invest, work or acquire citizenship.<\/p><p class=\"first:mt-1.5\">Attorney \u00dcmm\u00fc\u015fen \u0130yiol provides strong representation in multicultural legal relations with the law and language education she received in England. She follows the ever-changing legal regulations closely and manages the complex processes that foreign clients may encounter safely and quickly.<\/p><hr \/><h4>Main services provided:<\/h4><ul class=\"list-disc\"><li class=\"ml-4\"><p class=\"first:mt-1.5\">Turkish Citizenship Applications<br \/>Consultancy and follow-up services are provided throughout the application process to foreigners who wish to acquire Turkish citizenship through investment, marriage, exceptional circumstances or long-term residence.<\/p><\/li><li class=\"ml-4\"><p class=\"first:mt-1.5\">Residence Permit Procedures<br \/>Applications for short or long-term residence permits, family reunification, student and humanitarian residence are made; necessary legal procedures are carried out against rejection and cancellation decisions.<\/p><\/li><li class=\"ml-4\"><p class=\"first:mt-1.5\">Work Permit Applications<br \/>In order for foreigners to gain the right to legally work in T\u00fcrkiye, the initial application, extension and exceptional permit processes are carefully managed.<\/p><\/li><li class=\"ml-4\"><p class=\"first:mt-1.5\">Establishing Companies in T\u00fcrkiye by Foreigners<br \/>Legal support is provided on the establishment of foreign capital companies, partnership structures and compliance with tax legislation.<\/p><\/li><li class=\"ml-4\"><p class=\"first:mt-1.5\">Property Acquisition and Investment Processes<br \/>Property acquisition processes, including real estate purchase, citizenship acquisition through investment and title deed transactions, are carried out securely.<\/p><\/li><li class=\"ml-4\"><p class=\"first:mt-1.5\">Deportation and Appeals Processes<br \/>Within the scope of the Law on Foreigners and International Protection No. 6458, lawsuits and objections against deportation and administrative detention decisions are carried out.<\/p><\/li><\/ul><hr \/><p class=\"first:mt-1.5\">\u0130yiol Law produces solutions specific to each client&#039;s situation; it not only carries out the legal process, but also provides consultancy in a way that prevents loss of rights.<\/p><p class=\"first:mt-1.5\">You can reach us through our website to get in touch. We are with you in all necessary legal processes.<\/p><\/div>\t\t\t\t\t\t\t\t<\/div>\n\t\t\t\t<\/div>\n\t\t\t\t<\/div>\n\t\t<div class=\"elementor-element elementor-element-932d58e e-con-full e-flex e-con e-child\" data-id=\"932d58e\" data-element_type=\"container\">\n\t\t\t\t<div class=\"elementor-element elementor-element-ffc5b72 elementor-widget elementor-widget-ensafservicelist\" data-id=\"ffc5b72\" data-element_type=\"widget\" data-widget_type=\"ensafservicelist.default\">\n\t\t\t\t<div class=\"elementor-widget-container\">\n\t\t\t\t\t<div class=\"widget widget_categories\"><h3 class=\"widget_title\">All Our Services<\/h3><ul><li><a href=\"\/en\/turizm-hukuku\/\">Tourism Law<\/a><span><i class=\"fa-sharp fa-light fa-arrow-right\"><\/i><\/span><\/li><li><a href=\"\/en\/icra-iflas-hukuku\/\">Execution and Bankruptcy Law<\/a><span><i class=\"fa-sharp fa-light fa-arrow-right\"><\/i><\/span><\/li><li><a href=\"\/en\/uluslararasi-hukuk\/\">International law<\/a><span><i class=\"fa-sharp fa-light fa-arrow-right\"><\/i><\/span><\/li><li><a href=\"\/en\/aile-ve-kisiler-hukuku\/\">Family and Personal Law<\/a><span><i class=\"fa-sharp fa-light fa-arrow-right\"><\/i><\/span><\/li><li><a href=\"\/en\/miras-hukuku\/\">Inheritance Law<\/a><span><i class=\"fa-sharp fa-light fa-arrow-right\"><\/i><\/span><\/li><li><a href=\"\/en\/sirketler-ve-ticaret-hukuku\/\">Corporate and Commercial Law<\/a><span><i class=\"fa-sharp fa-light fa-arrow-right\"><\/i><\/span><\/li><li><a href=\"\/en\/fikri-ve-sinai-mulkiyet-hukuku%20\/\">Intellectual and Industrial Property Law<\/a><span><i class=\"fa-sharp fa-light fa-arrow-right\"><\/i><\/span><\/li><li><a href=\"\/en\/yabancilar-hukuku\/\">Foreigners Law<\/a><span><i class=\"fa-sharp fa-light fa-arrow-right\"><\/i><\/span><\/li><li><a href=\"\/en\/ceza-hukuku\/\">Criminal law<\/a><span><i class=\"fa-sharp fa-light fa-arrow-right\"><\/i><\/span><\/li><li><a href=\"\/en\/gayrimenkul-ve-kira-hukuku\/\">Real Estate and Tenancy Law<\/a><span><i class=\"fa-sharp fa-light fa-arrow-right\"><\/i><\/span><\/li><li><a href=\"\/en\/is-ve-sosyal-guvenlik-hukuku%20\/\">Labor and Social Security Law<\/a><span><i class=\"fa-sharp fa-light fa-arrow-right\"><\/i><\/span><\/li><li><a href=\"\/en\/ticari-sozlesmeler-ve-sozlesme-yonetimi\/\">Commercial Contracts and Contract Management<\/a><span><i class=\"fa-sharp fa-light fa-arrow-right\"><\/i><\/span><\/li><li><a href=\"\/en\/sigorta-hukuku\/\">Insurance Law<\/a><span><i class=\"fa-sharp fa-light fa-arrow-right\"><\/i><\/span><\/li><\/ul><\/div>\t\t\t\t<\/div>\n\t\t\t\t<\/div>\n\t\t\t\t<div class=\"elementor-element elementor-element-5188e24 elementor-widget elementor-widget-ensafcontactinfo\" data-id=\"5188e24\" data-element_type=\"widget\" data-widget_type=\"ensafcontactinfo.default\">\n\t\t\t\t<div class=\"elementor-widget-container\">\n\t\t\t\t\t<div class=\"widget widget_call\"><div class=\"widget-call\"><p class=\"box_text\">You can contact us for your legal support requests.<\/p><div class=\"widget_call\"><div class=\"info-box\"><div class=\"info-box_icon\"><i class=\"fas fa-phone\"><\/i><\/div><div><span class=\"info-box_subtitle\">Telephone<\/span><p class=\"info-box_text\"><a href=\"tel:05465871333\" class=\"info-box_link\">0546 587 13 33<\/a><\/p><\/div><\/div><div class=\"info-box\"><div class=\"info-box_icon\"><i class=\"fas fa-envelope\"><\/i><\/div><div><span class=\"info-box_subtitle\">Email<\/span><p class=\"info-box_text\"><a href=\"mailto:ummusen@iyiolhukuk.com\" class=\"info-box_link\">ummusen@iyiolhukuk.com<\/a><\/p><\/div><\/div><div class=\"info-box\"><div class=\"info-box_icon\"><i class=\"fa-solid fa-location-dot\"><\/i><\/div><div><span class=\"info-box_subtitle\">Office Address<\/span><p class=\"info-box_text\">Mimar Sinan Neighborhood Kale Apartment 6044. Street No:1 B Manavgat \/ Antalya<br><br><\/p><\/div><\/div><\/div><\/div><\/div>\t\t\t\t<\/div>\n\t\t\t\t<\/div>\n\t\t\t\t<\/div>\n\t\t\t\t\t<\/div>\n\t\t\t\t<\/div>\n\t\t\t\t<\/div>","protected":false},"excerpt":{"rendered":"<p>Yabanc\u0131lar Hukuku \u0130yiol Hukuk, T\u00fcrkiye\u2019de ikamet eden veya yat\u0131r\u0131m yapmak, \u00e7al\u0131\u015fmak ya da vatanda\u015fl\u0131k kazanmak isteyen yabanc\u0131 ger\u00e7ek ve t\u00fczel ki\u015filere, Yabanc\u0131lar Hukuku alan\u0131nda kapsaml\u0131 ve g\u00fcncel mevzuata uygun hukuki dan\u0131\u015fmanl\u0131k hizmetleri sunmaktad\u0131r. Av. \u00dcmm\u00fc\u015fen \u0130yiol, \u0130ngiltere\u2019de ald\u0131\u011f\u0131 hukuk ve dil e\u011fitimiyle birlikte \u00e7ok k\u00fclt\u00fcrl\u00fc hukuki ili\u015fkilerde g\u00fc\u00e7l\u00fc temsil sa\u011flamaktad\u0131r. S\u00fcrekli de\u011fi\u015fen yasal d\u00fczenlemeleri yak\u0131ndan&#8230;<\/p>","protected":false},"author":1,"featured_media":0,"parent":0,"menu_order":0,"comment_status":"closed","ping_status":"closed","template":"template-builder.php","meta":{"footnotes":""},"class_list":["post-4362","page","type-page","status-publish","hentry"],"yoast_head":"<!-- This site is optimized with the Yoast SEO plugin v27.4 - https:\/\/yoast.com\/product\/yoast-seo-wordpress\/ -->\n<title>Yabanc\u0131lar Hukuku - \u0130yiol Hukuk | Avukat \u00dcmm\u00fc\u015fen \u0130yiol<\/title>\n<meta name=\"robots\" content=\"index, follow, max-snippet:-1, max-image-preview:large, max-video-preview:-1\" \/>\n<link rel=\"canonical\" href=\"https:\/\/iyiolhukuk.com\/en\/yabancilar-hukuku\/\" \/>\n<meta property=\"og:locale\" content=\"en_GB\" \/>\n<meta property=\"og:type\" content=\"article\" \/>\n<meta property=\"og:title\" content=\"Yabanc\u0131lar Hukuku - \u0130yiol Hukuk | Avukat \u00dcmm\u00fc\u015fen \u0130yiol\" \/>\n<meta property=\"og:description\" content=\"Yabanc\u0131lar Hukuku \u0130yiol Hukuk, T\u00fcrkiye\u2019de ikamet eden veya yat\u0131r\u0131m yapmak, \u00e7al\u0131\u015fmak ya da vatanda\u015fl\u0131k kazanmak isteyen yabanc\u0131 ger\u00e7ek ve t\u00fczel ki\u015filere, Yabanc\u0131lar Hukuku alan\u0131nda kapsaml\u0131 ve g\u00fcncel mevzuata uygun hukuki dan\u0131\u015fmanl\u0131k hizmetleri sunmaktad\u0131r. Av. \u00dcmm\u00fc\u015fen \u0130yiol, \u0130ngiltere\u2019de ald\u0131\u011f\u0131 hukuk ve dil e\u011fitimiyle birlikte \u00e7ok k\u00fclt\u00fcrl\u00fc hukuki ili\u015fkilerde g\u00fc\u00e7l\u00fc temsil sa\u011flamaktad\u0131r. S\u00fcrekli de\u011fi\u015fen yasal d\u00fczenlemeleri yak\u0131ndan...\" \/>\n<meta property=\"og:url\" content=\"https:\/\/iyiolhukuk.com\/en\/yabancilar-hukuku\/\" \/>\n<meta property=\"og:site_name\" content=\"\u0130yiol Hukuk | Avukat \u00dcmm\u00fc\u015fen \u0130yiol\" \/>\n<meta property=\"article:modified_time\" content=\"2025-06-06T00:13:03+00:00\" \/>\n<meta property=\"og:image\" content=\"https:\/\/iyiolhukuk.com\/wp-content\/uploads\/2025\/05\/yabancilar-hukuku-hizmet.webp\" \/>\n\t<meta property=\"og:image:width\" content=\"1280\" \/>\n\t<meta property=\"og:image:height\" content=\"850\" \/>\n\t<meta property=\"og:image:type\" content=\"image\/webp\" \/>\n<meta name=\"twitter:card\" content=\"summary_large_image\" \/>\n<script type=\"application\/ld+json\" class=\"yoast-schema-graph\">{\"@context\":\"https:\\\/\\\/schema.org\",\"@graph\":[{\"@type\":\"WebPage\",\"@id\":\"https:\\\/\\\/iyiolhukuk.com\\\/yabancilar-hukuku\\\/\",\"url\":\"https:\\\/\\\/iyiolhukuk.com\\\/yabancilar-hukuku\\\/\",\"name\":\"Yabanc\u0131lar Hukuku - \u0130yiol Hukuk | Avukat \u00dcmm\u00fc\u015fen \u0130yiol\",\"isPartOf\":{\"@id\":\"https:\\\/\\\/iyiolhukuk.com\\\/#website\"},\"primaryImageOfPage\":{\"@id\":\"https:\\\/\\\/iyiolhukuk.com\\\/yabancilar-hukuku\\\/#primaryimage\"},\"image\":{\"@id\":\"https:\\\/\\\/iyiolhukuk.com\\\/yabancilar-hukuku\\\/#primaryimage\"},\"thumbnailUrl\":\"https:\\\/\\\/iyiolhukuk.com\\\/wp-content\\\/uploads\\\/2025\\\/05\\\/yabancilar-hukuku-hizmet.webp\",\"datePublished\":\"2025-05-25T14:34:22+00:00\",\"dateModified\":\"2025-06-06T00:13:03+00:00\",\"breadcrumb\":{\"@id\":\"https:\\\/\\\/iyiolhukuk.com\\\/yabancilar-hukuku\\\/#breadcrumb\"},\"inLanguage\":\"en-GB\",\"potentialAction\":[{\"@type\":\"ReadAction\",\"target\":[\"https:\\\/\\\/iyiolhukuk.com\\\/yabancilar-hukuku\\\/\"]}]},{\"@type\":\"ImageObject\",\"inLanguage\":\"en-GB\",\"@id\":\"https:\\\/\\\/iyiolhukuk.com\\\/yabancilar-hukuku\\\/#primaryimage\",\"url\":\"https:\\\/\\\/iyiolhukuk.com\\\/wp-content\\\/uploads\\\/2025\\\/05\\\/yabancilar-hukuku-hizmet.webp\",\"contentUrl\":\"https:\\\/\\\/iyiolhukuk.com\\\/wp-content\\\/uploads\\\/2025\\\/05\\\/yabancilar-hukuku-hizmet.webp\"},{\"@type\":\"BreadcrumbList\",\"@id\":\"https:\\\/\\\/iyiolhukuk.com\\\/yabancilar-hukuku\\\/#breadcrumb\",\"itemListElement\":[{\"@type\":\"ListItem\",\"position\":1,\"name\":\"Anasayfa\",\"item\":\"https:\\\/\\\/iyiolhukuk.com\\\/\"},{\"@type\":\"ListItem\",\"position\":2,\"name\":\"Yabanc\u0131lar Hukuku\"}]},{\"@type\":\"WebSite\",\"@id\":\"https:\\\/\\\/iyiolhukuk.com\\\/#website\",\"url\":\"https:\\\/\\\/iyiolhukuk.com\\\/\",\"name\":\"\u0130yi Ol Hukuk | \u00dcmm\u00fc\u015fen \u0130yiol\",\"description\":\"Hukuki haklar\u0131n\u0131z\u0131 korumak i\u00e7in yan\u0131n\u0131zday\u0131z\",\"publisher\":{\"@id\":\"https:\\\/\\\/iyiolhukuk.com\\\/#organization\"},\"potentialAction\":[{\"@type\":\"SearchAction\",\"target\":{\"@type\":\"EntryPoint\",\"urlTemplate\":\"https:\\\/\\\/iyiolhukuk.com\\\/?s={search_term_string}\"},\"query-input\":{\"@type\":\"PropertyValueSpecification\",\"valueRequired\":true,\"valueName\":\"search_term_string\"}}],\"inLanguage\":\"en-GB\"},{\"@type\":\"Organization\",\"@id\":\"https:\\\/\\\/iyiolhukuk.com\\\/#organization\",\"name\":\"\u0130yi Ol Hukuk | \u00dcmm\u00fc\u015fen \u0130yiol\",\"url\":\"https:\\\/\\\/iyiolhukuk.com\\\/\",\"logo\":{\"@type\":\"ImageObject\",\"inLanguage\":\"en-GB\",\"@id\":\"https:\\\/\\\/iyiolhukuk.com\\\/#\\\/schema\\\/logo\\\/image\\\/\",\"url\":\"https:\\\/\\\/iyiolhukuk.com\\\/wp-content\\\/uploads\\\/2024\\\/12\\\/Iyiol-Hukuk-Logo.webp\",\"contentUrl\":\"https:\\\/\\\/iyiolhukuk.com\\\/wp-content\\\/uploads\\\/2024\\\/12\\\/Iyiol-Hukuk-Logo.webp\",\"width\":500,\"height\":251,\"caption\":\"\u0130yi Ol Hukuk | \u00dcmm\u00fc\u015fen \u0130yiol\"},\"image\":{\"@id\":\"https:\\\/\\\/iyiolhukuk.com\\\/#\\\/schema\\\/logo\\\/image\\\/\"}}]}<\/script>\n<!-- \/ Yoast SEO plugin. -->","yoast_head_json":{"title":"Yabanc\u0131lar Hukuku - \u0130yiol Hukuk | Avukat \u00dcmm\u00fc\u015fen \u0130yiol","robots":{"index":"index","follow":"follow","max-snippet":"max-snippet:-1","max-image-preview":"max-image-preview:large","max-video-preview":"max-video-preview:-1"},"canonical":"https:\/\/iyiolhukuk.com\/en\/yabancilar-hukuku\/","og_locale":"en_GB","og_type":"article","og_title":"Yabanc\u0131lar Hukuku - \u0130yiol Hukuk | Avukat \u00dcmm\u00fc\u015fen \u0130yiol","og_description":"Yabanc\u0131lar Hukuku \u0130yiol Hukuk, T\u00fcrkiye\u2019de ikamet eden veya yat\u0131r\u0131m yapmak, \u00e7al\u0131\u015fmak ya da vatanda\u015fl\u0131k kazanmak isteyen yabanc\u0131 ger\u00e7ek ve t\u00fczel ki\u015filere, Yabanc\u0131lar Hukuku alan\u0131nda kapsaml\u0131 ve g\u00fcncel mevzuata uygun hukuki dan\u0131\u015fmanl\u0131k hizmetleri sunmaktad\u0131r. Av. \u00dcmm\u00fc\u015fen \u0130yiol, \u0130ngiltere\u2019de ald\u0131\u011f\u0131 hukuk ve dil e\u011fitimiyle birlikte \u00e7ok k\u00fclt\u00fcrl\u00fc hukuki ili\u015fkilerde g\u00fc\u00e7l\u00fc temsil sa\u011flamaktad\u0131r. S\u00fcrekli de\u011fi\u015fen yasal d\u00fczenlemeleri yak\u0131ndan...","og_url":"https:\/\/iyiolhukuk.com\/en\/yabancilar-hukuku\/","og_site_name":"\u0130yiol Hukuk | Avukat \u00dcmm\u00fc\u015fen \u0130yiol","article_modified_time":"2025-06-06T00:13:03+00:00","og_image":[{"width":1280,"height":850,"url":"https:\/\/iyiolhukuk.com\/wp-content\/uploads\/2025\/05\/yabancilar-hukuku-hizmet.webp","type":"image\/webp"}],"twitter_card":"summary_large_image","schema":{"@context":"https:\/\/schema.org","@graph":[{"@type":"WebPage","@id":"https:\/\/iyiolhukuk.com\/yabancilar-hukuku\/","url":"https:\/\/iyiolhukuk.com\/yabancilar-hukuku\/","name":"Yabanc\u0131lar Hukuku - \u0130yiol Hukuk | Avukat \u00dcmm\u00fc\u015fen \u0130yiol","isPartOf":{"@id":"https:\/\/iyiolhukuk.com\/#website"},"primaryImageOfPage":{"@id":"https:\/\/iyiolhukuk.com\/yabancilar-hukuku\/#primaryimage"},"image":{"@id":"https:\/\/iyiolhukuk.com\/yabancilar-hukuku\/#primaryimage"},"thumbnailUrl":"https:\/\/iyiolhukuk.com\/wp-content\/uploads\/2025\/05\/yabancilar-hukuku-hizmet.webp","datePublished":"2025-05-25T14:34:22+00:00","dateModified":"2025-06-06T00:13:03+00:00","breadcrumb":{"@id":"https:\/\/iyiolhukuk.com\/yabancilar-hukuku\/#breadcrumb"},"inLanguage":"en-GB","potentialAction":[{"@type":"ReadAction","target":["https:\/\/iyiolhukuk.com\/yabancilar-hukuku\/"]}]},{"@type":"ImageObject","inLanguage":"en-GB","@id":"https:\/\/iyiolhukuk.com\/yabancilar-hukuku\/#primaryimage","url":"https:\/\/iyiolhukuk.com\/wp-content\/uploads\/2025\/05\/yabancilar-hukuku-hizmet.webp","contentUrl":"https:\/\/iyiolhukuk.com\/wp-content\/uploads\/2025\/05\/yabancilar-hukuku-hizmet.webp"},{"@type":"BreadcrumbList","@id":"https:\/\/iyiolhukuk.com\/yabancilar-hukuku\/#breadcrumb","itemListElement":[{"@type":"ListItem","position":1,"name":"Anasayfa","item":"https:\/\/iyiolhukuk.com\/"},{"@type":"ListItem","position":2,"name":"Yabanc\u0131lar Hukuku"}]},{"@type":"WebSite","@id":"https:\/\/iyiolhukuk.com\/#website","url":"https:\/\/iyiolhukuk.com\/","name":"\u0130yi Ol Hukuk | \u00dcmm\u00fc\u015fen \u0130yiol","description":"Hukuki haklar\u0131n\u0131z\u0131 korumak i\u00e7in yan\u0131n\u0131zday\u0131z","publisher":{"@id":"https:\/\/iyiolhukuk.com\/#organization"},"potentialAction":[{"@type":"SearchAction","target":{"@type":"EntryPoint","urlTemplate":"https:\/\/iyiolhukuk.com\/?s={search_term_string}"},"query-input":{"@type":"PropertyValueSpecification","valueRequired":true,"valueName":"search_term_string"}}],"inLanguage":"en-GB"},{"@type":"Organization","@id":"https:\/\/iyiolhukuk.com\/#organization","name":"\u0130yi Ol Hukuk | \u00dcmm\u00fc\u015fen \u0130yiol","url":"https:\/\/iyiolhukuk.com\/","logo":{"@type":"ImageObject","inLanguage":"en-GB","@id":"https:\/\/iyiolhukuk.com\/#\/schema\/logo\/image\/","url":"https:\/\/iyiolhukuk.com\/wp-content\/uploads\/2024\/12\/Iyiol-Hukuk-Logo.webp","contentUrl":"https:\/\/iyiolhukuk.com\/wp-content\/uploads\/2024\/12\/Iyiol-Hukuk-Logo.webp","width":500,"height":251,"caption":"\u0130yi Ol Hukuk | \u00dcmm\u00fc\u015fen \u0130yiol"},"image":{"@id":"https:\/\/iyiolhukuk.com\/#\/schema\/logo\/image\/"}}]}},"_links":{"self":[{"href":"https:\/\/iyiolhukuk.com\/en\/wp-json\/wp\/v2\/pages\/4362","targetHints":{"allow":["GET"]}}],"collection":[{"href":"https:\/\/iyiolhukuk.com\/en\/wp-json\/wp\/v2\/pages"}],"about":[{"href":"https:\/\/iyiolhukuk.com\/en\/wp-json\/wp\/v2\/types\/page"}],"author":[{"embeddable":true,"href":"https:\/\/iyiolhukuk.com\/en\/wp-json\/wp\/v2\/users\/1"}],"replies":[{"embeddable":true,"href":"https:\/\/iyiolhukuk.com\/en\/wp-json\/wp\/v2\/comments?post=4362"}],"version-history":[{"count":13,"href":"https:\/\/iyiolhukuk.com\/en\/wp-json\/wp\/v2\/pages\/4362\/revisions"}],"predecessor-version":[{"id":4699,"href":"https:\/\/iyiolhukuk.com\/en\/wp-json\/wp\/v2\/pages\/4362\/revisions\/4699"}],"wp:attachment":[{"href":"https:\/\/iyiolhukuk.com\/en\/wp-json\/wp\/v2\/media?parent=4362"}],"curies":[{"name":"wp","href":"https:\/\/api.w.org\/{rel}","templated":true}]}}