{"id":4356,"date":"2025-05-25T17:23:20","date_gmt":"2025-05-25T14:23:20","guid":{"rendered":"https:\/\/iyiolhukuk.com\/?page_id=4356"},"modified":"2026-02-26T19:20:55","modified_gmt":"2026-02-26T16:20:55","slug":"sirketler-ve-ticaret-hukuku","status":"publish","type":"page","link":"https:\/\/iyiolhukuk.com\/en\/sirketler-ve-ticaret-hukuku\/","title":{"rendered":"Corporate and Commercial Law"},"content":{"rendered":"<div data-elementor-type=\"wp-page\" data-elementor-id=\"4356\" class=\"elementor elementor-4356\">\n\t\t\t\t<div class=\"elementor-element elementor-element-2e426df e-flex e-con-boxed e-con e-parent\" data-id=\"2e426df\" data-element_type=\"container\">\n\t\t\t\t\t<div class=\"e-con-inner\">\n\t\t<div class=\"elementor-element elementor-element-c847a3a e-con-full e-flex e-con e-child\" data-id=\"c847a3a\" data-element_type=\"container\">\n\t\t\t\t<div class=\"elementor-element elementor-element-5babf74 elementor-widget elementor-widget-heading\" data-id=\"5babf74\" data-element_type=\"widget\" data-widget_type=\"heading.default\">\n\t\t\t\t<div class=\"elementor-widget-container\">\n\t\t\t\t\t<h2 class=\"elementor-heading-title elementor-size-default\">Corporate and Commercial Law<\/h2>\t\t\t\t<\/div>\n\t\t\t\t<\/div>\n\t\t\t\t<div class=\"elementor-element elementor-element-4edacb9 elementor-widget elementor-widget-image\" data-id=\"4edacb9\" data-element_type=\"widget\" data-widget_type=\"image.default\">\n\t\t\t\t<div class=\"elementor-widget-container\">\n\t\t\t\t\t\t\t\t\t\t\t\t\t\t\t<img fetchpriority=\"high\" decoding=\"async\" width=\"1280\" height=\"853\" src=\"https:\/\/iyiolhukuk.com\/wp-content\/uploads\/2025\/05\/sirketler-ve-ticaret-hukuku-hizmet.webp\" class=\"attachment-full size-full wp-image-4358\" alt=\"sirketler-ve-ticaret-hukuku-hizmet\" srcset=\"https:\/\/iyiolhukuk.com\/wp-content\/uploads\/2025\/05\/sirketler-ve-ticaret-hukuku-hizmet.webp 1280w, https:\/\/iyiolhukuk.com\/wp-content\/uploads\/2025\/05\/sirketler-ve-ticaret-hukuku-hizmet-300x200.webp 300w, https:\/\/iyiolhukuk.com\/wp-content\/uploads\/2025\/05\/sirketler-ve-ticaret-hukuku-hizmet-1024x682.webp 1024w, https:\/\/iyiolhukuk.com\/wp-content\/uploads\/2025\/05\/sirketler-ve-ticaret-hukuku-hizmet-768x512.webp 768w, https:\/\/iyiolhukuk.com\/wp-content\/uploads\/2025\/05\/sirketler-ve-ticaret-hukuku-hizmet-600x400.webp 600w\" sizes=\"(max-width: 1280px) 100vw, 1280px\" \/>\t\t\t\t\t\t\t\t\t\t\t\t\t\t\t<\/div>\n\t\t\t\t<\/div>\n\t\t\r\n\t\t<div class=\"elementor-element elementor-element-5db7b3d elementor-widget elementor-widget-text-editor\" data-id=\"5db7b3d\" data-element_type=\"widget\" data-widget_type=\"text-editor.default\">\n\t\t\t\t<div class=\"elementor-widget-container\">\n\t\t\t\t\t\t\t\t\t<p class=\"translation-block\"><strong>\u0130yiol Hukuk<\/strong> provides comprehensive legal advisory services in the field of corporate and commercial law, ranging from the establishment of the legal infrastructure for national and international commercial activities to the resolution of intra-company disputes. We closely monitor the rapidly evolving dynamics of commercial life and adopt a preventive, results-oriented approach to ensure that our clients conduct their business activities in a secure, compliant, and sustainable manner.<\/p><p><strong>Attorney \u00dcmm\u00fc\u015fen \u0130yiol<\/strong>delivers reliable and up-to-date legal support to both domestic and international clients in matters including contract law, share transfers, corporate mergers, restructurings, and liquidations. In every mandate, potential legal risks are identified at an early stage and managed proactively through tailored legal strategies.<\/p><h3><strong>Our Service Areas<\/strong><\/h3><h5><strong>Company Formation and Articles of Association<\/strong><\/h5><p>We handle the incorporation of commercial companies\u2014primarily joint stock and limited liability companies\u2014and draft articles of association tailored to the client\u2019s line of business, while diligently managing all amendment procedures.<\/p><h5><strong>Share Transfers and Disputes Between Partners<\/strong><\/h5><p>We prepare share transfer agreements and provide strategic legal counsel for the prevention and resolution of disputes among shareholders.<\/p><h5><strong>Commercial Contracts<\/strong><\/h5><p>We draft, review, and negotiate a wide range of commercial agreements\u2014including sales, service, supply, and distribution contracts\u2014ensuring that our clients\u2019 commercial interests are protected within a robust legal framework.<\/p><h5><strong>Mergers, Acquisitions, Liquidations and Joint Ventures<\/strong><\/h5><p>We provide end-to-end legal support in corporate mergers, acquisitions, liquidation processes, and joint venture projects, including legal due diligence, transaction structuring, and contract preparation.<\/p><h5><strong>Transportation, Maritime Trade and Distribution Contracts<\/strong><\/h5><p>We advise on and prepare national and international transportation, maritime trade, and distribution agreements, and represent clients in disputes arising in these sectors.<\/p><h5><strong>Competition Law Consultancy<\/strong><\/h5><p>We assist clients with competition law compliance, including the management of required notifications and regulatory filings, with the aim of minimizing administrative and regulatory risks.<\/p><h5><strong>Structuring of Partnership Relations<\/strong><\/h5><p>We provide effective legal solutions in the restructuring of partnership relations, actions for dissolution of co-ownership (izale-i \u015fuyu), and shareholder exit or squeeze-out processes, always prioritizing the protection of our clients\u2019 interests.<\/p><p><strong>\u0130yiol Hukuk<\/strong>, closely follows the evolving dynamics of commercial life and aims to minimize clients\u2019 commercial risks while delivering sustainable and results-driven legal solutions. For professional assistance in corporate and commercial law matters, please feel free to contact us.<\/p><p>\u00a0<\/p><p>\u00a0<\/p>\t\t\t\t\t\t\t\t<\/div>\n\t\t\t\t<\/div>\n\t\t\t\t<\/div>\n\t\t<div class=\"elementor-element elementor-element-932d58e e-con-full e-flex e-con e-child\" data-id=\"932d58e\" data-element_type=\"container\">\n\t\t\t\t<div class=\"elementor-element elementor-element-6892545 elementor-widget elementor-widget-ensafservicelist\" data-id=\"6892545\" data-element_type=\"widget\" data-widget_type=\"ensafservicelist.default\">\n\t\t\t\t<div class=\"elementor-widget-container\">\n\t\t\t\t\t<div class=\"widget widget_categories\"><h3 class=\"widget_title\">All Our Services<\/h3><ul><li><a href=\"\/en\/turizm-hukuku\/\">Tourism Law<\/a><span><i class=\"fa-sharp fa-light fa-arrow-right\"><\/i><\/span><\/li><li><a href=\"\/en\/icra-iflas-hukuku\/\">Execution and Bankruptcy Law<\/a><span><i class=\"fa-sharp fa-light fa-arrow-right\"><\/i><\/span><\/li><li><a href=\"\/en\/uluslararasi-hukuk\/\">International law<\/a><span><i class=\"fa-sharp fa-light fa-arrow-right\"><\/i><\/span><\/li><li><a href=\"\/en\/aile-ve-kisiler-hukuku\/\">Family and Personal Law<\/a><span><i class=\"fa-sharp fa-light fa-arrow-right\"><\/i><\/span><\/li><li><a href=\"\/en\/miras-hukuku\/\">Inheritance Law<\/a><span><i class=\"fa-sharp fa-light fa-arrow-right\"><\/i><\/span><\/li><li><a href=\"\/en\/sirketler-ve-ticaret-hukuku\/\">Corporate and Commercial Law<\/a><span><i class=\"fa-sharp fa-light fa-arrow-right\"><\/i><\/span><\/li><li><a href=\"\/en\/fikri-ve-sinai-mulkiyet-hukuku%20\/\">Intellectual and Industrial Property Law<\/a><span><i class=\"fa-sharp fa-light fa-arrow-right\"><\/i><\/span><\/li><li><a href=\"\/en\/yabancilar-hukuku\/\">Foreigners Law<\/a><span><i class=\"fa-sharp fa-light fa-arrow-right\"><\/i><\/span><\/li><li><a href=\"\/en\/ceza-hukuku\/\">Criminal law<\/a><span><i class=\"fa-sharp fa-light fa-arrow-right\"><\/i><\/span><\/li><li><a href=\"\/en\/gayrimenkul-ve-kira-hukuku\/\">Real Estate and Tenancy Law<\/a><span><i class=\"fa-sharp fa-light fa-arrow-right\"><\/i><\/span><\/li><li><a href=\"\/en\/is-ve-sosyal-guvenlik-hukuku%20\/\">Labor and Social Security Law<\/a><span><i class=\"fa-sharp fa-light fa-arrow-right\"><\/i><\/span><\/li><li><a href=\"\/en\/ticari-sozlesmeler-ve-sozlesme-yonetimi\/\">Commercial Contracts and Contract Management<\/a><span><i class=\"fa-sharp fa-light fa-arrow-right\"><\/i><\/span><\/li><li><a href=\"\/en\/sigorta-hukuku\/\">Insurance Law<\/a><span><i class=\"fa-sharp fa-light fa-arrow-right\"><\/i><\/span><\/li><\/ul><\/div>\t\t\t\t<\/div>\n\t\t\t\t<\/div>\n\t\t\t\t<div class=\"elementor-element elementor-element-2f9d678 elementor-widget elementor-widget-ensafcontactinfo\" data-id=\"2f9d678\" data-element_type=\"widget\" data-widget_type=\"ensafcontactinfo.default\">\n\t\t\t\t<div class=\"elementor-widget-container\">\n\t\t\t\t\t<div class=\"widget widget_call\"><div class=\"widget-call\"><p class=\"box_text\">You can contact us for your legal support requests.<\/p><div class=\"widget_call\"><div class=\"info-box\"><div class=\"info-box_icon\"><i class=\"fas fa-phone\"><\/i><\/div><div><span class=\"info-box_subtitle\">Telephone<\/span><p class=\"info-box_text\"><a href=\"tel:05465871333\" class=\"info-box_link\">0546 587 13 33<\/a><\/p><\/div><\/div><div class=\"info-box\"><div class=\"info-box_icon\"><i class=\"fas fa-envelope\"><\/i><\/div><div><span class=\"info-box_subtitle\">Email<\/span><p class=\"info-box_text\"><a href=\"mailto:ummusen@iyiolhukuk.com\" class=\"info-box_link\">ummusen@iyiolhukuk.com<\/a><\/p><\/div><\/div><div class=\"info-box\"><div class=\"info-box_icon\"><i class=\"fa-solid fa-location-dot\"><\/i><\/div><div><span class=\"info-box_subtitle\">Office Address<\/span><p class=\"info-box_text\">Mimar Sinan Neighborhood Kale Apartment 6044. Street No:1 B Manavgat \/ Antalya<br><br><\/p><\/div><\/div><\/div><\/div><\/div>\t\t\t\t<\/div>\n\t\t\t\t<\/div>\n\t\t\t\t<\/div>\n\t\t\t\t\t<\/div>\n\t\t\t\t<\/div>\n\t\t\t\t<\/div>","protected":false},"excerpt":{"rendered":"<p>\u015eirketler ve Ticaret Hukuku \u0130yiol Hukuk, ulusal ve uluslararas\u0131 ticari faaliyetlerin hukuki altyap\u0131s\u0131n\u0131n olu\u015fturulmas\u0131ndan \u015firket i\u00e7i uyu\u015fmazl\u0131klar\u0131n \u00e7\u00f6z\u00fcm\u00fcne kadar \u015firketler ve ticaret hukuku alan\u0131nda kapsaml\u0131 dan\u0131\u015fmanl\u0131k hizmeti sunmaktad\u0131r. Ticaret hayat\u0131n\u0131n h\u0131zla de\u011fi\u015fen dinamikleri yak\u0131ndan takip edilmekte; m\u00fcvekkillerin faaliyetlerini g\u00fcvenli, uyumlu ve s\u00fcrd\u00fcr\u00fclebilir \u015fekilde y\u00fcr\u00fctebilmeleri i\u00e7in \u00f6nleyici ve sonu\u00e7 odakl\u0131 bir yakla\u015f\u0131m benimsenmektedir. Av. \u00dcmm\u00fc\u015fen \u0130yiol;&#8230;<\/p>","protected":false},"author":1,"featured_media":0,"parent":0,"menu_order":0,"comment_status":"closed","ping_status":"closed","template":"template-builder.php","meta":{"footnotes":""},"class_list":["post-4356","page","type-page","status-publish","hentry"],"yoast_head":"<!-- This site is optimized with the Yoast SEO plugin v27.4 - https:\/\/yoast.com\/product\/yoast-seo-wordpress\/ -->\n<title>\u015eirketler ve Ticaret Hukuku - \u0130yiol Hukuk | Avukat \u00dcmm\u00fc\u015fen \u0130yiol<\/title>\n<meta name=\"robots\" content=\"index, follow, max-snippet:-1, max-image-preview:large, max-video-preview:-1\" \/>\n<link rel=\"canonical\" href=\"https:\/\/iyiolhukuk.com\/en\/sirketler-ve-ticaret-hukuku\/\" \/>\n<meta property=\"og:locale\" content=\"en_GB\" \/>\n<meta property=\"og:type\" content=\"article\" \/>\n<meta property=\"og:title\" content=\"\u015eirketler ve Ticaret Hukuku - \u0130yiol Hukuk | Avukat \u00dcmm\u00fc\u015fen \u0130yiol\" \/>\n<meta property=\"og:description\" content=\"\u015eirketler ve Ticaret Hukuku \u0130yiol Hukuk, ulusal ve uluslararas\u0131 ticari faaliyetlerin hukuki altyap\u0131s\u0131n\u0131n olu\u015fturulmas\u0131ndan \u015firket i\u00e7i uyu\u015fmazl\u0131klar\u0131n \u00e7\u00f6z\u00fcm\u00fcne kadar \u015firketler ve ticaret hukuku alan\u0131nda kapsaml\u0131 dan\u0131\u015fmanl\u0131k hizmeti sunmaktad\u0131r. Ticaret hayat\u0131n\u0131n h\u0131zla de\u011fi\u015fen dinamikleri yak\u0131ndan takip edilmekte; m\u00fcvekkillerin faaliyetlerini g\u00fcvenli, uyumlu ve s\u00fcrd\u00fcr\u00fclebilir \u015fekilde y\u00fcr\u00fctebilmeleri i\u00e7in \u00f6nleyici ve sonu\u00e7 odakl\u0131 bir yakla\u015f\u0131m benimsenmektedir. Av. \u00dcmm\u00fc\u015fen \u0130yiol;...\" \/>\n<meta property=\"og:url\" content=\"https:\/\/iyiolhukuk.com\/en\/sirketler-ve-ticaret-hukuku\/\" \/>\n<meta property=\"og:site_name\" content=\"\u0130yiol Hukuk | Avukat \u00dcmm\u00fc\u015fen \u0130yiol\" \/>\n<meta property=\"article:modified_time\" content=\"2026-02-26T16:20:55+00:00\" \/>\n<meta property=\"og:image\" content=\"https:\/\/iyiolhukuk.com\/wp-content\/uploads\/2025\/05\/sirketler-ve-ticaret-hukuku-hizmet.webp\" \/>\n\t<meta property=\"og:image:width\" content=\"1280\" \/>\n\t<meta property=\"og:image:height\" content=\"853\" \/>\n\t<meta property=\"og:image:type\" content=\"image\/webp\" \/>\n<meta name=\"twitter:card\" content=\"summary_large_image\" \/>\n<script type=\"application\/ld+json\" class=\"yoast-schema-graph\">{\"@context\":\"https:\\\/\\\/schema.org\",\"@graph\":[{\"@type\":\"WebPage\",\"@id\":\"https:\\\/\\\/iyiolhukuk.com\\\/sirketler-ve-ticaret-hukuku\\\/\",\"url\":\"https:\\\/\\\/iyiolhukuk.com\\\/sirketler-ve-ticaret-hukuku\\\/\",\"name\":\"\u015eirketler ve Ticaret Hukuku - \u0130yiol Hukuk | Avukat \u00dcmm\u00fc\u015fen \u0130yiol\",\"isPartOf\":{\"@id\":\"https:\\\/\\\/iyiolhukuk.com\\\/#website\"},\"primaryImageOfPage\":{\"@id\":\"https:\\\/\\\/iyiolhukuk.com\\\/sirketler-ve-ticaret-hukuku\\\/#primaryimage\"},\"image\":{\"@id\":\"https:\\\/\\\/iyiolhukuk.com\\\/sirketler-ve-ticaret-hukuku\\\/#primaryimage\"},\"thumbnailUrl\":\"https:\\\/\\\/iyiolhukuk.com\\\/wp-content\\\/uploads\\\/2025\\\/05\\\/sirketler-ve-ticaret-hukuku-hizmet.webp\",\"datePublished\":\"2025-05-25T14:23:20+00:00\",\"dateModified\":\"2026-02-26T16:20:55+00:00\",\"breadcrumb\":{\"@id\":\"https:\\\/\\\/iyiolhukuk.com\\\/sirketler-ve-ticaret-hukuku\\\/#breadcrumb\"},\"inLanguage\":\"en-GB\",\"potentialAction\":[{\"@type\":\"ReadAction\",\"target\":[\"https:\\\/\\\/iyiolhukuk.com\\\/sirketler-ve-ticaret-hukuku\\\/\"]}]},{\"@type\":\"ImageObject\",\"inLanguage\":\"en-GB\",\"@id\":\"https:\\\/\\\/iyiolhukuk.com\\\/sirketler-ve-ticaret-hukuku\\\/#primaryimage\",\"url\":\"https:\\\/\\\/iyiolhukuk.com\\\/wp-content\\\/uploads\\\/2025\\\/05\\\/sirketler-ve-ticaret-hukuku-hizmet.webp\",\"contentUrl\":\"https:\\\/\\\/iyiolhukuk.com\\\/wp-content\\\/uploads\\\/2025\\\/05\\\/sirketler-ve-ticaret-hukuku-hizmet.webp\"},{\"@type\":\"BreadcrumbList\",\"@id\":\"https:\\\/\\\/iyiolhukuk.com\\\/sirketler-ve-ticaret-hukuku\\\/#breadcrumb\",\"itemListElement\":[{\"@type\":\"ListItem\",\"position\":1,\"name\":\"Anasayfa\",\"item\":\"https:\\\/\\\/iyiolhukuk.com\\\/\"},{\"@type\":\"ListItem\",\"position\":2,\"name\":\"\u015eirketler ve Ticaret Hukuku\"}]},{\"@type\":\"WebSite\",\"@id\":\"https:\\\/\\\/iyiolhukuk.com\\\/#website\",\"url\":\"https:\\\/\\\/iyiolhukuk.com\\\/\",\"name\":\"\u0130yi Ol Hukuk | \u00dcmm\u00fc\u015fen \u0130yiol\",\"description\":\"Hukuki haklar\u0131n\u0131z\u0131 korumak i\u00e7in yan\u0131n\u0131zday\u0131z\",\"publisher\":{\"@id\":\"https:\\\/\\\/iyiolhukuk.com\\\/#organization\"},\"potentialAction\":[{\"@type\":\"SearchAction\",\"target\":{\"@type\":\"EntryPoint\",\"urlTemplate\":\"https:\\\/\\\/iyiolhukuk.com\\\/?s={search_term_string}\"},\"query-input\":{\"@type\":\"PropertyValueSpecification\",\"valueRequired\":true,\"valueName\":\"search_term_string\"}}],\"inLanguage\":\"en-GB\"},{\"@type\":\"Organization\",\"@id\":\"https:\\\/\\\/iyiolhukuk.com\\\/#organization\",\"name\":\"\u0130yi Ol Hukuk | \u00dcmm\u00fc\u015fen \u0130yiol\",\"url\":\"https:\\\/\\\/iyiolhukuk.com\\\/\",\"logo\":{\"@type\":\"ImageObject\",\"inLanguage\":\"en-GB\",\"@id\":\"https:\\\/\\\/iyiolhukuk.com\\\/#\\\/schema\\\/logo\\\/image\\\/\",\"url\":\"https:\\\/\\\/iyiolhukuk.com\\\/wp-content\\\/uploads\\\/2024\\\/12\\\/Iyiol-Hukuk-Logo.webp\",\"contentUrl\":\"https:\\\/\\\/iyiolhukuk.com\\\/wp-content\\\/uploads\\\/2024\\\/12\\\/Iyiol-Hukuk-Logo.webp\",\"width\":500,\"height\":251,\"caption\":\"\u0130yi Ol Hukuk | \u00dcmm\u00fc\u015fen \u0130yiol\"},\"image\":{\"@id\":\"https:\\\/\\\/iyiolhukuk.com\\\/#\\\/schema\\\/logo\\\/image\\\/\"}}]}<\/script>\n<!-- \/ Yoast SEO plugin. -->","yoast_head_json":{"title":"\u015eirketler ve Ticaret Hukuku - \u0130yiol Hukuk | Avukat \u00dcmm\u00fc\u015fen \u0130yiol","robots":{"index":"index","follow":"follow","max-snippet":"max-snippet:-1","max-image-preview":"max-image-preview:large","max-video-preview":"max-video-preview:-1"},"canonical":"https:\/\/iyiolhukuk.com\/en\/sirketler-ve-ticaret-hukuku\/","og_locale":"en_GB","og_type":"article","og_title":"\u015eirketler ve Ticaret Hukuku - \u0130yiol Hukuk | Avukat \u00dcmm\u00fc\u015fen \u0130yiol","og_description":"\u015eirketler ve Ticaret Hukuku \u0130yiol Hukuk, ulusal ve uluslararas\u0131 ticari faaliyetlerin hukuki altyap\u0131s\u0131n\u0131n olu\u015fturulmas\u0131ndan \u015firket i\u00e7i uyu\u015fmazl\u0131klar\u0131n \u00e7\u00f6z\u00fcm\u00fcne kadar \u015firketler ve ticaret hukuku alan\u0131nda kapsaml\u0131 dan\u0131\u015fmanl\u0131k hizmeti sunmaktad\u0131r. Ticaret hayat\u0131n\u0131n h\u0131zla de\u011fi\u015fen dinamikleri yak\u0131ndan takip edilmekte; m\u00fcvekkillerin faaliyetlerini g\u00fcvenli, uyumlu ve s\u00fcrd\u00fcr\u00fclebilir \u015fekilde y\u00fcr\u00fctebilmeleri i\u00e7in \u00f6nleyici ve sonu\u00e7 odakl\u0131 bir yakla\u015f\u0131m benimsenmektedir. Av. \u00dcmm\u00fc\u015fen \u0130yiol;...","og_url":"https:\/\/iyiolhukuk.com\/en\/sirketler-ve-ticaret-hukuku\/","og_site_name":"\u0130yiol Hukuk | Avukat \u00dcmm\u00fc\u015fen \u0130yiol","article_modified_time":"2026-02-26T16:20:55+00:00","og_image":[{"width":1280,"height":853,"url":"https:\/\/iyiolhukuk.com\/wp-content\/uploads\/2025\/05\/sirketler-ve-ticaret-hukuku-hizmet.webp","type":"image\/webp"}],"twitter_card":"summary_large_image","schema":{"@context":"https:\/\/schema.org","@graph":[{"@type":"WebPage","@id":"https:\/\/iyiolhukuk.com\/sirketler-ve-ticaret-hukuku\/","url":"https:\/\/iyiolhukuk.com\/sirketler-ve-ticaret-hukuku\/","name":"\u015eirketler ve Ticaret Hukuku - \u0130yiol Hukuk | Avukat \u00dcmm\u00fc\u015fen \u0130yiol","isPartOf":{"@id":"https:\/\/iyiolhukuk.com\/#website"},"primaryImageOfPage":{"@id":"https:\/\/iyiolhukuk.com\/sirketler-ve-ticaret-hukuku\/#primaryimage"},"image":{"@id":"https:\/\/iyiolhukuk.com\/sirketler-ve-ticaret-hukuku\/#primaryimage"},"thumbnailUrl":"https:\/\/iyiolhukuk.com\/wp-content\/uploads\/2025\/05\/sirketler-ve-ticaret-hukuku-hizmet.webp","datePublished":"2025-05-25T14:23:20+00:00","dateModified":"2026-02-26T16:20:55+00:00","breadcrumb":{"@id":"https:\/\/iyiolhukuk.com\/sirketler-ve-ticaret-hukuku\/#breadcrumb"},"inLanguage":"en-GB","potentialAction":[{"@type":"ReadAction","target":["https:\/\/iyiolhukuk.com\/sirketler-ve-ticaret-hukuku\/"]}]},{"@type":"ImageObject","inLanguage":"en-GB","@id":"https:\/\/iyiolhukuk.com\/sirketler-ve-ticaret-hukuku\/#primaryimage","url":"https:\/\/iyiolhukuk.com\/wp-content\/uploads\/2025\/05\/sirketler-ve-ticaret-hukuku-hizmet.webp","contentUrl":"https:\/\/iyiolhukuk.com\/wp-content\/uploads\/2025\/05\/sirketler-ve-ticaret-hukuku-hizmet.webp"},{"@type":"BreadcrumbList","@id":"https:\/\/iyiolhukuk.com\/sirketler-ve-ticaret-hukuku\/#breadcrumb","itemListElement":[{"@type":"ListItem","position":1,"name":"Anasayfa","item":"https:\/\/iyiolhukuk.com\/"},{"@type":"ListItem","position":2,"name":"\u015eirketler ve Ticaret Hukuku"}]},{"@type":"WebSite","@id":"https:\/\/iyiolhukuk.com\/#website","url":"https:\/\/iyiolhukuk.com\/","name":"\u0130yi Ol Hukuk | \u00dcmm\u00fc\u015fen \u0130yiol","description":"Hukuki haklar\u0131n\u0131z\u0131 korumak i\u00e7in yan\u0131n\u0131zday\u0131z","publisher":{"@id":"https:\/\/iyiolhukuk.com\/#organization"},"potentialAction":[{"@type":"SearchAction","target":{"@type":"EntryPoint","urlTemplate":"https:\/\/iyiolhukuk.com\/?s={search_term_string}"},"query-input":{"@type":"PropertyValueSpecification","valueRequired":true,"valueName":"search_term_string"}}],"inLanguage":"en-GB"},{"@type":"Organization","@id":"https:\/\/iyiolhukuk.com\/#organization","name":"\u0130yi Ol Hukuk | \u00dcmm\u00fc\u015fen \u0130yiol","url":"https:\/\/iyiolhukuk.com\/","logo":{"@type":"ImageObject","inLanguage":"en-GB","@id":"https:\/\/iyiolhukuk.com\/#\/schema\/logo\/image\/","url":"https:\/\/iyiolhukuk.com\/wp-content\/uploads\/2024\/12\/Iyiol-Hukuk-Logo.webp","contentUrl":"https:\/\/iyiolhukuk.com\/wp-content\/uploads\/2024\/12\/Iyiol-Hukuk-Logo.webp","width":500,"height":251,"caption":"\u0130yi Ol Hukuk | \u00dcmm\u00fc\u015fen \u0130yiol"},"image":{"@id":"https:\/\/iyiolhukuk.com\/#\/schema\/logo\/image\/"}}]}},"_links":{"self":[{"href":"https:\/\/iyiolhukuk.com\/en\/wp-json\/wp\/v2\/pages\/4356","targetHints":{"allow":["GET"]}}],"collection":[{"href":"https:\/\/iyiolhukuk.com\/en\/wp-json\/wp\/v2\/pages"}],"about":[{"href":"https:\/\/iyiolhukuk.com\/en\/wp-json\/wp\/v2\/types\/page"}],"author":[{"embeddable":true,"href":"https:\/\/iyiolhukuk.com\/en\/wp-json\/wp\/v2\/users\/1"}],"replies":[{"embeddable":true,"href":"https:\/\/iyiolhukuk.com\/en\/wp-json\/wp\/v2\/comments?post=4356"}],"version-history":[{"count":22,"href":"https:\/\/iyiolhukuk.com\/en\/wp-json\/wp\/v2\/pages\/4356\/revisions"}],"predecessor-version":[{"id":4912,"href":"https:\/\/iyiolhukuk.com\/en\/wp-json\/wp\/v2\/pages\/4356\/revisions\/4912"}],"wp:attachment":[{"href":"https:\/\/iyiolhukuk.com\/en\/wp-json\/wp\/v2\/media?parent=4356"}],"curies":[{"name":"wp","href":"https:\/\/api.w.org\/{rel}","templated":true}]}}