{"id":4336,"date":"2025-05-25T16:06:14","date_gmt":"2025-05-25T13:06:14","guid":{"rendered":"https:\/\/iyiolhukuk.com\/?page_id=4336"},"modified":"2025-06-06T03:10:54","modified_gmt":"2025-06-06T00:10:54","slug":"uluslararasi-hukuk","status":"publish","type":"page","link":"https:\/\/iyiolhukuk.com\/en\/uluslararasi-hukuk\/","title":{"rendered":"International law"},"content":{"rendered":"<div data-elementor-type=\"wp-page\" data-elementor-id=\"4336\" class=\"elementor elementor-4336\">\n\t\t\t\t<div class=\"elementor-element elementor-element-2e426df e-flex e-con-boxed e-con e-parent\" data-id=\"2e426df\" data-element_type=\"container\">\n\t\t\t\t\t<div class=\"e-con-inner\">\n\t\t<div class=\"elementor-element elementor-element-c847a3a e-con-full e-flex e-con e-child\" data-id=\"c847a3a\" data-element_type=\"container\">\n\t\t\t\t<div class=\"elementor-element elementor-element-5babf74 elementor-widget elementor-widget-heading\" data-id=\"5babf74\" data-element_type=\"widget\" data-widget_type=\"heading.default\">\n\t\t\t\t<div class=\"elementor-widget-container\">\n\t\t\t\t\t<h2 class=\"elementor-heading-title elementor-size-default\">International law<\/h2>\t\t\t\t<\/div>\n\t\t\t\t<\/div>\n\t\t\t\t<div class=\"elementor-element elementor-element-4edacb9 elementor-widget elementor-widget-image\" data-id=\"4edacb9\" data-element_type=\"widget\" data-widget_type=\"image.default\">\n\t\t\t\t<div class=\"elementor-widget-container\">\n\t\t\t\t\t\t\t\t\t\t\t\t\t\t\t<img fetchpriority=\"high\" decoding=\"async\" width=\"1280\" height=\"853\" src=\"https:\/\/iyiolhukuk.com\/wp-content\/uploads\/2025\/05\/uluslararasi-hukuk-hizmet.webp\" class=\"attachment-full size-full wp-image-4338\" alt=\"uluslararasi-hukuk-hizmet\" srcset=\"https:\/\/iyiolhukuk.com\/wp-content\/uploads\/2025\/05\/uluslararasi-hukuk-hizmet.webp 1280w, https:\/\/iyiolhukuk.com\/wp-content\/uploads\/2025\/05\/uluslararasi-hukuk-hizmet-300x200.webp 300w, https:\/\/iyiolhukuk.com\/wp-content\/uploads\/2025\/05\/uluslararasi-hukuk-hizmet-1024x682.webp 1024w, https:\/\/iyiolhukuk.com\/wp-content\/uploads\/2025\/05\/uluslararasi-hukuk-hizmet-768x512.webp 768w, https:\/\/iyiolhukuk.com\/wp-content\/uploads\/2025\/05\/uluslararasi-hukuk-hizmet-600x400.webp 600w\" sizes=\"(max-width: 1280px) 100vw, 1280px\" \/>\t\t\t\t\t\t\t\t\t\t\t\t\t\t\t<\/div>\n\t\t\t\t<\/div>\n\t\t\r\n\t\t<div class=\"elementor-element elementor-element-5db7b3d elementor-widget elementor-widget-text-editor\" data-id=\"5db7b3d\" data-element_type=\"widget\" data-widget_type=\"text-editor.default\">\n\t\t\t\t<div class=\"elementor-widget-container\">\n\t\t\t\t\t\t\t\t\t<div><p class=\"first:mt-1.5\">\u0130yiol Law Firm provides effective and comprehensive consultancy services in the field of international law, both to foreign clients in their legal processes in T\u00fcrkiye and to Turkish citizens in their transactions abroad.<\/p><p class=\"first:mt-1.5\">Attorney \u00dcmm\u00fc\u015fen \u0130yiol, with her law and language education in England, specializes in multicultural and multilingual legal processes. She offers a solution-oriented approach to all kinds of international law needs encountered by foreign investors, international companies, Turkish citizens living abroad and foreigners in T\u00fcrkiye.<\/p><hr \/><h4>The main services provided by \u0130yiol Law within the scope of International Law are as follows:<\/h4><ul class=\"list-disc\"><li class=\"ml-4\">Preparation and follow-up of individual applications to the European Court of Human Rights (ECHR)<\/li><li class=\"ml-4\">Carrying out cases for the recognition and enforcement of decisions given by foreign courts in T\u00fcrkiye<\/li><li class=\"ml-4\">Providing legal consultancy to foreign individuals and organizations who want to invest or establish a company in T\u00fcrkiye<\/li><li class=\"ml-4\">Litigation and consultancy services in international private law disputes such as international marriages, divorces, custody, alimony, inheritance.<\/li><li class=\"ml-4\">Preparation and follow-up of applications for residence, work and citizenship of foreigners in T\u00fcrkiye<\/li><li class=\"ml-4\">Consultancy on property, inheritance, divorce and other personal transactions of Turkish citizens living abroad<\/li><li class=\"ml-4\">Preparation and negotiation of international commercial contracts and resolution of disputes that may arise<\/li><\/ul><hr \/><p class=\"first:mt-1.5\">Since international law is a constantly updated field that is intertwined with the legal systems and legislation of different countries, it is of great importance that these processes are carried out by a professional law firm.<\/p><p class=\"first:mt-1.5\">\u0130yiol Law aims to protect the interests of its clients in the best possible way with its knowledge in this field, language proficiency and mastery of international legislation.<\/p><\/div>\t\t\t\t\t\t\t\t<\/div>\n\t\t\t\t<\/div>\n\t\t\t\t<\/div>\n\t\t<div class=\"elementor-element elementor-element-932d58e e-con-full e-flex e-con e-child\" data-id=\"932d58e\" data-element_type=\"container\">\n\t\t\t\t<div class=\"elementor-element elementor-element-185050e elementor-widget elementor-widget-ensafservicelist\" data-id=\"185050e\" data-element_type=\"widget\" data-widget_type=\"ensafservicelist.default\">\n\t\t\t\t<div class=\"elementor-widget-container\">\n\t\t\t\t\t<div class=\"widget widget_categories\"><h3 class=\"widget_title\">All Our Services<\/h3><ul><li><a href=\"\/en\/turizm-hukuku\/\">Tourism Law<\/a><span><i class=\"fa-sharp fa-light fa-arrow-right\"><\/i><\/span><\/li><li><a href=\"\/en\/icra-iflas-hukuku\/\">Execution and Bankruptcy Law<\/a><span><i class=\"fa-sharp fa-light fa-arrow-right\"><\/i><\/span><\/li><li><a href=\"\/en\/uluslararasi-hukuk\/\">International law<\/a><span><i class=\"fa-sharp fa-light fa-arrow-right\"><\/i><\/span><\/li><li><a href=\"\/en\/aile-ve-kisiler-hukuku\/\">Family and Personal Law<\/a><span><i class=\"fa-sharp fa-light fa-arrow-right\"><\/i><\/span><\/li><li><a href=\"\/en\/miras-hukuku\/\">Inheritance Law<\/a><span><i class=\"fa-sharp fa-light fa-arrow-right\"><\/i><\/span><\/li><li><a href=\"\/en\/sirketler-ve-ticaret-hukuku\/\">Corporate and Commercial Law<\/a><span><i class=\"fa-sharp fa-light fa-arrow-right\"><\/i><\/span><\/li><li><a href=\"\/en\/fikri-ve-sinai-mulkiyet-hukuku%20\/\">Intellectual and Industrial Property Law<\/a><span><i class=\"fa-sharp fa-light fa-arrow-right\"><\/i><\/span><\/li><li><a href=\"\/en\/yabancilar-hukuku\/\">Foreigners Law<\/a><span><i class=\"fa-sharp fa-light fa-arrow-right\"><\/i><\/span><\/li><li><a href=\"\/en\/ceza-hukuku\/\">Criminal law<\/a><span><i class=\"fa-sharp fa-light fa-arrow-right\"><\/i><\/span><\/li><li><a href=\"\/en\/gayrimenkul-ve-kira-hukuku\/\">Real Estate and Tenancy Law<\/a><span><i class=\"fa-sharp fa-light fa-arrow-right\"><\/i><\/span><\/li><li><a href=\"\/en\/is-ve-sosyal-guvenlik-hukuku%20\/\">Labor and Social Security Law<\/a><span><i class=\"fa-sharp fa-light fa-arrow-right\"><\/i><\/span><\/li><li><a href=\"\/en\/ticari-sozlesmeler-ve-sozlesme-yonetimi\/\">Commercial Contracts and Contract Management<\/a><span><i class=\"fa-sharp fa-light fa-arrow-right\"><\/i><\/span><\/li><li><a href=\"\/en\/sigorta-hukuku\/\">Insurance Law<\/a><span><i class=\"fa-sharp fa-light fa-arrow-right\"><\/i><\/span><\/li><\/ul><\/div>\t\t\t\t<\/div>\n\t\t\t\t<\/div>\n\t\t\t\t<div class=\"elementor-element elementor-element-4be40d7 elementor-widget elementor-widget-ensafcontactinfo\" data-id=\"4be40d7\" data-element_type=\"widget\" data-widget_type=\"ensafcontactinfo.default\">\n\t\t\t\t<div class=\"elementor-widget-container\">\n\t\t\t\t\t<div class=\"widget widget_call\"><div class=\"widget-call\"><p class=\"box_text\">You can contact us for your legal support requests.<\/p><div class=\"widget_call\"><div class=\"info-box\"><div class=\"info-box_icon\"><i class=\"fas fa-phone\"><\/i><\/div><div><span class=\"info-box_subtitle\">Telephone<\/span><p class=\"info-box_text\"><a href=\"tel:05465871333\" class=\"info-box_link\">0546 587 13 33<\/a><\/p><\/div><\/div><div class=\"info-box\"><div class=\"info-box_icon\"><i class=\"fas fa-envelope\"><\/i><\/div><div><span class=\"info-box_subtitle\">Email<\/span><p class=\"info-box_text\"><a href=\"mailto:ummusen@iyiolhukuk.com\" class=\"info-box_link\">ummusen@iyiolhukuk.com<\/a><\/p><\/div><\/div><div class=\"info-box\"><div class=\"info-box_icon\"><i class=\"fa-solid fa-location-dot\"><\/i><\/div><div><span class=\"info-box_subtitle\">Office Address<\/span><p class=\"info-box_text\">Mimar Sinan Neighborhood Kale Apartment 6044. Street No:1 B Manavgat \/ Antalya<br><br><\/p><\/div><\/div><\/div><\/div><\/div>\t\t\t\t<\/div>\n\t\t\t\t<\/div>\n\t\t\t\t<\/div>\n\t\t\t\t\t<\/div>\n\t\t\t\t<\/div>\n\t\t\t\t<\/div>","protected":false},"excerpt":{"rendered":"<p>Uluslararas\u0131 Hukuk \u0130yiol Hukuk, uluslararas\u0131 hukuk alan\u0131nda, hem yabanc\u0131 m\u00fcvekkillere T\u00fcrkiye\u2019deki hukuki s\u00fcre\u00e7lerde hem de T\u00fcrk vatanda\u015flar\u0131na yurtd\u0131\u015f\u0131ndaki i\u015flemlerinde etkin ve kapsaml\u0131 dan\u0131\u015fmanl\u0131k hizmeti sunmaktad\u0131r. Av. \u00dcmm\u00fc\u015fen \u0130yiol, \u0130ngiltere\u2019de ald\u0131\u011f\u0131 hukuk ve dil e\u011fitimleriyle birlikte, \u00e7ok k\u00fclt\u00fcrl\u00fc ve \u00e7ok dilli hukuki s\u00fcre\u00e7lerde uzmanla\u015fm\u0131\u015ft\u0131r. Yabanc\u0131 yat\u0131r\u0131mc\u0131lar, uluslararas\u0131 \u015firketler, yurtd\u0131\u015f\u0131nda ya\u015fayan T\u00fcrk vatanda\u015flar\u0131 ve T\u00fcrkiye\u2019de bulunan yabanc\u0131lar&#8230;<\/p>","protected":false},"author":1,"featured_media":0,"parent":0,"menu_order":0,"comment_status":"closed","ping_status":"closed","template":"template-builder.php","meta":{"footnotes":""},"class_list":["post-4336","page","type-page","status-publish","hentry"],"yoast_head":"<!-- This site is optimized with the Yoast SEO plugin v27.4 - https:\/\/yoast.com\/product\/yoast-seo-wordpress\/ -->\n<title>Uluslararas\u0131 Hukuk - \u0130yiol Hukuk | Avukat \u00dcmm\u00fc\u015fen \u0130yiol<\/title>\n<meta name=\"robots\" content=\"index, follow, max-snippet:-1, max-image-preview:large, max-video-preview:-1\" \/>\n<link rel=\"canonical\" href=\"https:\/\/iyiolhukuk.com\/en\/uluslararasi-hukuk\/\" \/>\n<meta property=\"og:locale\" content=\"en_GB\" \/>\n<meta property=\"og:type\" content=\"article\" \/>\n<meta property=\"og:title\" content=\"Uluslararas\u0131 Hukuk - \u0130yiol Hukuk | Avukat \u00dcmm\u00fc\u015fen \u0130yiol\" \/>\n<meta property=\"og:description\" content=\"Uluslararas\u0131 Hukuk \u0130yiol Hukuk, uluslararas\u0131 hukuk alan\u0131nda, hem yabanc\u0131 m\u00fcvekkillere T\u00fcrkiye\u2019deki hukuki s\u00fcre\u00e7lerde hem de T\u00fcrk vatanda\u015flar\u0131na yurtd\u0131\u015f\u0131ndaki i\u015flemlerinde etkin ve kapsaml\u0131 dan\u0131\u015fmanl\u0131k hizmeti sunmaktad\u0131r. Av. \u00dcmm\u00fc\u015fen \u0130yiol, \u0130ngiltere\u2019de ald\u0131\u011f\u0131 hukuk ve dil e\u011fitimleriyle birlikte, \u00e7ok k\u00fclt\u00fcrl\u00fc ve \u00e7ok dilli hukuki s\u00fcre\u00e7lerde uzmanla\u015fm\u0131\u015ft\u0131r. Yabanc\u0131 yat\u0131r\u0131mc\u0131lar, uluslararas\u0131 \u015firketler, yurtd\u0131\u015f\u0131nda ya\u015fayan T\u00fcrk vatanda\u015flar\u0131 ve T\u00fcrkiye\u2019de bulunan yabanc\u0131lar...\" \/>\n<meta property=\"og:url\" content=\"https:\/\/iyiolhukuk.com\/en\/uluslararasi-hukuk\/\" \/>\n<meta property=\"og:site_name\" content=\"\u0130yiol Hukuk | Avukat \u00dcmm\u00fc\u015fen \u0130yiol\" \/>\n<meta property=\"article:modified_time\" content=\"2025-06-06T00:10:54+00:00\" \/>\n<meta property=\"og:image\" content=\"https:\/\/iyiolhukuk.com\/wp-content\/uploads\/2025\/05\/uluslararasi-hukuk-hizmet.webp\" \/>\n\t<meta property=\"og:image:width\" content=\"1280\" \/>\n\t<meta property=\"og:image:height\" content=\"853\" \/>\n\t<meta property=\"og:image:type\" content=\"image\/webp\" \/>\n<meta name=\"twitter:card\" content=\"summary_large_image\" \/>\n<script type=\"application\/ld+json\" class=\"yoast-schema-graph\">{\"@context\":\"https:\\\/\\\/schema.org\",\"@graph\":[{\"@type\":\"WebPage\",\"@id\":\"https:\\\/\\\/iyiolhukuk.com\\\/uluslararasi-hukuk\\\/\",\"url\":\"https:\\\/\\\/iyiolhukuk.com\\\/uluslararasi-hukuk\\\/\",\"name\":\"Uluslararas\u0131 Hukuk - \u0130yiol Hukuk | Avukat \u00dcmm\u00fc\u015fen \u0130yiol\",\"isPartOf\":{\"@id\":\"https:\\\/\\\/iyiolhukuk.com\\\/#website\"},\"primaryImageOfPage\":{\"@id\":\"https:\\\/\\\/iyiolhukuk.com\\\/uluslararasi-hukuk\\\/#primaryimage\"},\"image\":{\"@id\":\"https:\\\/\\\/iyiolhukuk.com\\\/uluslararasi-hukuk\\\/#primaryimage\"},\"thumbnailUrl\":\"https:\\\/\\\/iyiolhukuk.com\\\/wp-content\\\/uploads\\\/2025\\\/05\\\/uluslararasi-hukuk-hizmet.webp\",\"datePublished\":\"2025-05-25T13:06:14+00:00\",\"dateModified\":\"2025-06-06T00:10:54+00:00\",\"breadcrumb\":{\"@id\":\"https:\\\/\\\/iyiolhukuk.com\\\/uluslararasi-hukuk\\\/#breadcrumb\"},\"inLanguage\":\"en-GB\",\"potentialAction\":[{\"@type\":\"ReadAction\",\"target\":[\"https:\\\/\\\/iyiolhukuk.com\\\/uluslararasi-hukuk\\\/\"]}]},{\"@type\":\"ImageObject\",\"inLanguage\":\"en-GB\",\"@id\":\"https:\\\/\\\/iyiolhukuk.com\\\/uluslararasi-hukuk\\\/#primaryimage\",\"url\":\"https:\\\/\\\/iyiolhukuk.com\\\/wp-content\\\/uploads\\\/2025\\\/05\\\/uluslararasi-hukuk-hizmet.webp\",\"contentUrl\":\"https:\\\/\\\/iyiolhukuk.com\\\/wp-content\\\/uploads\\\/2025\\\/05\\\/uluslararasi-hukuk-hizmet.webp\"},{\"@type\":\"BreadcrumbList\",\"@id\":\"https:\\\/\\\/iyiolhukuk.com\\\/uluslararasi-hukuk\\\/#breadcrumb\",\"itemListElement\":[{\"@type\":\"ListItem\",\"position\":1,\"name\":\"Anasayfa\",\"item\":\"https:\\\/\\\/iyiolhukuk.com\\\/\"},{\"@type\":\"ListItem\",\"position\":2,\"name\":\"Uluslararas\u0131 Hukuk\"}]},{\"@type\":\"WebSite\",\"@id\":\"https:\\\/\\\/iyiolhukuk.com\\\/#website\",\"url\":\"https:\\\/\\\/iyiolhukuk.com\\\/\",\"name\":\"\u0130yi Ol Hukuk | \u00dcmm\u00fc\u015fen \u0130yiol\",\"description\":\"Hukuki haklar\u0131n\u0131z\u0131 korumak i\u00e7in yan\u0131n\u0131zday\u0131z\",\"publisher\":{\"@id\":\"https:\\\/\\\/iyiolhukuk.com\\\/#organization\"},\"potentialAction\":[{\"@type\":\"SearchAction\",\"target\":{\"@type\":\"EntryPoint\",\"urlTemplate\":\"https:\\\/\\\/iyiolhukuk.com\\\/?s={search_term_string}\"},\"query-input\":{\"@type\":\"PropertyValueSpecification\",\"valueRequired\":true,\"valueName\":\"search_term_string\"}}],\"inLanguage\":\"en-GB\"},{\"@type\":\"Organization\",\"@id\":\"https:\\\/\\\/iyiolhukuk.com\\\/#organization\",\"name\":\"\u0130yi Ol Hukuk | \u00dcmm\u00fc\u015fen \u0130yiol\",\"url\":\"https:\\\/\\\/iyiolhukuk.com\\\/\",\"logo\":{\"@type\":\"ImageObject\",\"inLanguage\":\"en-GB\",\"@id\":\"https:\\\/\\\/iyiolhukuk.com\\\/#\\\/schema\\\/logo\\\/image\\\/\",\"url\":\"https:\\\/\\\/iyiolhukuk.com\\\/wp-content\\\/uploads\\\/2024\\\/12\\\/Iyiol-Hukuk-Logo.webp\",\"contentUrl\":\"https:\\\/\\\/iyiolhukuk.com\\\/wp-content\\\/uploads\\\/2024\\\/12\\\/Iyiol-Hukuk-Logo.webp\",\"width\":500,\"height\":251,\"caption\":\"\u0130yi Ol Hukuk | \u00dcmm\u00fc\u015fen \u0130yiol\"},\"image\":{\"@id\":\"https:\\\/\\\/iyiolhukuk.com\\\/#\\\/schema\\\/logo\\\/image\\\/\"}}]}<\/script>\n<!-- \/ Yoast SEO plugin. -->","yoast_head_json":{"title":"Uluslararas\u0131 Hukuk - \u0130yiol Hukuk | Avukat \u00dcmm\u00fc\u015fen \u0130yiol","robots":{"index":"index","follow":"follow","max-snippet":"max-snippet:-1","max-image-preview":"max-image-preview:large","max-video-preview":"max-video-preview:-1"},"canonical":"https:\/\/iyiolhukuk.com\/en\/uluslararasi-hukuk\/","og_locale":"en_GB","og_type":"article","og_title":"Uluslararas\u0131 Hukuk - \u0130yiol Hukuk | Avukat \u00dcmm\u00fc\u015fen \u0130yiol","og_description":"Uluslararas\u0131 Hukuk \u0130yiol Hukuk, uluslararas\u0131 hukuk alan\u0131nda, hem yabanc\u0131 m\u00fcvekkillere T\u00fcrkiye\u2019deki hukuki s\u00fcre\u00e7lerde hem de T\u00fcrk vatanda\u015flar\u0131na yurtd\u0131\u015f\u0131ndaki i\u015flemlerinde etkin ve kapsaml\u0131 dan\u0131\u015fmanl\u0131k hizmeti sunmaktad\u0131r. Av. \u00dcmm\u00fc\u015fen \u0130yiol, \u0130ngiltere\u2019de ald\u0131\u011f\u0131 hukuk ve dil e\u011fitimleriyle birlikte, \u00e7ok k\u00fclt\u00fcrl\u00fc ve \u00e7ok dilli hukuki s\u00fcre\u00e7lerde uzmanla\u015fm\u0131\u015ft\u0131r. Yabanc\u0131 yat\u0131r\u0131mc\u0131lar, uluslararas\u0131 \u015firketler, yurtd\u0131\u015f\u0131nda ya\u015fayan T\u00fcrk vatanda\u015flar\u0131 ve T\u00fcrkiye\u2019de bulunan yabanc\u0131lar...","og_url":"https:\/\/iyiolhukuk.com\/en\/uluslararasi-hukuk\/","og_site_name":"\u0130yiol Hukuk | Avukat \u00dcmm\u00fc\u015fen \u0130yiol","article_modified_time":"2025-06-06T00:10:54+00:00","og_image":[{"width":1280,"height":853,"url":"https:\/\/iyiolhukuk.com\/wp-content\/uploads\/2025\/05\/uluslararasi-hukuk-hizmet.webp","type":"image\/webp"}],"twitter_card":"summary_large_image","schema":{"@context":"https:\/\/schema.org","@graph":[{"@type":"WebPage","@id":"https:\/\/iyiolhukuk.com\/uluslararasi-hukuk\/","url":"https:\/\/iyiolhukuk.com\/uluslararasi-hukuk\/","name":"Uluslararas\u0131 Hukuk - \u0130yiol Hukuk | Avukat \u00dcmm\u00fc\u015fen \u0130yiol","isPartOf":{"@id":"https:\/\/iyiolhukuk.com\/#website"},"primaryImageOfPage":{"@id":"https:\/\/iyiolhukuk.com\/uluslararasi-hukuk\/#primaryimage"},"image":{"@id":"https:\/\/iyiolhukuk.com\/uluslararasi-hukuk\/#primaryimage"},"thumbnailUrl":"https:\/\/iyiolhukuk.com\/wp-content\/uploads\/2025\/05\/uluslararasi-hukuk-hizmet.webp","datePublished":"2025-05-25T13:06:14+00:00","dateModified":"2025-06-06T00:10:54+00:00","breadcrumb":{"@id":"https:\/\/iyiolhukuk.com\/uluslararasi-hukuk\/#breadcrumb"},"inLanguage":"en-GB","potentialAction":[{"@type":"ReadAction","target":["https:\/\/iyiolhukuk.com\/uluslararasi-hukuk\/"]}]},{"@type":"ImageObject","inLanguage":"en-GB","@id":"https:\/\/iyiolhukuk.com\/uluslararasi-hukuk\/#primaryimage","url":"https:\/\/iyiolhukuk.com\/wp-content\/uploads\/2025\/05\/uluslararasi-hukuk-hizmet.webp","contentUrl":"https:\/\/iyiolhukuk.com\/wp-content\/uploads\/2025\/05\/uluslararasi-hukuk-hizmet.webp"},{"@type":"BreadcrumbList","@id":"https:\/\/iyiolhukuk.com\/uluslararasi-hukuk\/#breadcrumb","itemListElement":[{"@type":"ListItem","position":1,"name":"Anasayfa","item":"https:\/\/iyiolhukuk.com\/"},{"@type":"ListItem","position":2,"name":"Uluslararas\u0131 Hukuk"}]},{"@type":"WebSite","@id":"https:\/\/iyiolhukuk.com\/#website","url":"https:\/\/iyiolhukuk.com\/","name":"\u0130yi Ol Hukuk | \u00dcmm\u00fc\u015fen \u0130yiol","description":"Hukuki haklar\u0131n\u0131z\u0131 korumak i\u00e7in yan\u0131n\u0131zday\u0131z","publisher":{"@id":"https:\/\/iyiolhukuk.com\/#organization"},"potentialAction":[{"@type":"SearchAction","target":{"@type":"EntryPoint","urlTemplate":"https:\/\/iyiolhukuk.com\/?s={search_term_string}"},"query-input":{"@type":"PropertyValueSpecification","valueRequired":true,"valueName":"search_term_string"}}],"inLanguage":"en-GB"},{"@type":"Organization","@id":"https:\/\/iyiolhukuk.com\/#organization","name":"\u0130yi Ol Hukuk | \u00dcmm\u00fc\u015fen \u0130yiol","url":"https:\/\/iyiolhukuk.com\/","logo":{"@type":"ImageObject","inLanguage":"en-GB","@id":"https:\/\/iyiolhukuk.com\/#\/schema\/logo\/image\/","url":"https:\/\/iyiolhukuk.com\/wp-content\/uploads\/2024\/12\/Iyiol-Hukuk-Logo.webp","contentUrl":"https:\/\/iyiolhukuk.com\/wp-content\/uploads\/2024\/12\/Iyiol-Hukuk-Logo.webp","width":500,"height":251,"caption":"\u0130yi Ol Hukuk | \u00dcmm\u00fc\u015fen \u0130yiol"},"image":{"@id":"https:\/\/iyiolhukuk.com\/#\/schema\/logo\/image\/"}}]}},"_links":{"self":[{"href":"https:\/\/iyiolhukuk.com\/en\/wp-json\/wp\/v2\/pages\/4336","targetHints":{"allow":["GET"]}}],"collection":[{"href":"https:\/\/iyiolhukuk.com\/en\/wp-json\/wp\/v2\/pages"}],"about":[{"href":"https:\/\/iyiolhukuk.com\/en\/wp-json\/wp\/v2\/types\/page"}],"author":[{"embeddable":true,"href":"https:\/\/iyiolhukuk.com\/en\/wp-json\/wp\/v2\/users\/1"}],"replies":[{"embeddable":true,"href":"https:\/\/iyiolhukuk.com\/en\/wp-json\/wp\/v2\/comments?post=4336"}],"version-history":[{"count":10,"href":"https:\/\/iyiolhukuk.com\/en\/wp-json\/wp\/v2\/pages\/4336\/revisions"}],"predecessor-version":[{"id":4684,"href":"https:\/\/iyiolhukuk.com\/en\/wp-json\/wp\/v2\/pages\/4336\/revisions\/4684"}],"wp:attachment":[{"href":"https:\/\/iyiolhukuk.com\/en\/wp-json\/wp\/v2\/media?parent=4336"}],"curies":[{"name":"wp","href":"https:\/\/api.w.org\/{rel}","templated":true}]}}